{"id":27228,"date":"2020-05-25T08:34:41","date_gmt":"2020-05-25T08:34:41","guid":{"rendered":"https:\/\/naturavit.net\/?post_type=product&#038;p=27228"},"modified":"2026-03-16T07:38:00","modified_gmt":"2026-03-16T06:38:00","slug":"herba-color","status":"publish","type":"product","link":"https:\/\/naturavit.net\/en\/product\/herba-color\/","title":{"rendered":"Herba color"},"content":{"rendered":"<p>[vc_row][vc_column][vc_column_text]<\/p>\n<h5><strong>Prednost Herba Color barve je v njeni sestavi<\/strong><\/h5>\n<div id=\"gtx-trans\" style=\"position: absolute; left: -123px; top: -4.28125px;\">\n<div class=\"gtx-trans-icon\"><\/div>\n<\/div>\n<p>[\/vc_column_text][vc_empty_space][\/vc_column][\/vc_row][vc_row css=&#8221;.vc_custom_1590393438698{margin-top: 30px !important;}&#8221;][vc_column width=&#8221;1\/4&#8243;][vc_single_image image=&#8221;27096&#8243; img_size=&#8221;80&#215;110&#8243; alignment=&#8221;center&#8221;][\/vc_column][vc_column width=&#8221;3\/4&#8243;][vc_column_text]<strong>Olivno olje<\/strong><br \/>\nOlivno olje je znano po svojih blagodejnih lastnostih za lase. Lasem poudari njihov naraven lesk in hkrati vla\u017ei lasi\u0161\u010de ter pomaga okrepiti teksturo las zaradi vsebnosti vitaminov A in E.[\/vc_column_text][\/vc_column][\/vc_row][vc_row css=&#8221;.vc_custom_1590393431927{margin-top: 20px !important;}&#8221;][vc_column width=&#8221;1\/4&#8243;][vc_single_image image=&#8221;27075&#8243; img_size=&#8221;80&#215;110&#8243; alignment=&#8221;center&#8221;][\/vc_column][vc_column width=&#8221;3\/4&#8243;][vc_column_text]<strong>Arganovo olje<\/strong><br \/>\nArganovo olje je pravi eliksir za lase. Lasje so zaradi vsebnosti tega \u010dude\u017enega maro\u0161kega olja po barvanju izredno mehki in sijo\u010di. Hkrati je argan bogat z vitaminom E, ki skrbi za rast zdravih in mo\u010dnih las.[\/vc_column_text][\/vc_column][\/vc_row][vc_row css=&#8221;.vc_custom_1590393424938{margin-top: 20px !important;}&#8221;][vc_column width=&#8221;1\/4&#8243;][vc_single_image image=&#8221;27072&#8243; img_size=&#8221;80&#215;110&#8243; alignment=&#8221;center&#8221;][\/vc_column][vc_column width=&#8221;3\/4&#8243;][vc_column_text]<strong>Keratinovo olje<\/strong><br \/>\nKeratinovo olje predstavlja dodatek proteina za va\u0161e lase, ki re\u0161uje te\u017eave izsu\u0161enih las.[\/vc_column_text][\/vc_column][\/vc_row][vc_row css=&#8221;.vc_custom_1590393416442{margin-top: 20px !important;}&#8221;][vc_column width=&#8221;1\/4&#8243;][vc_single_image image=&#8221;27078&#8243; img_size=&#8221;80&#215;110&#8243; alignment=&#8221;center&#8221;][\/vc_column][vc_column width=&#8221;3\/4&#8243;][vc_column_text]<strong>Olje p\u0161eni\u010dnih kal\u010dkov<\/strong><br \/>\nP\u0161eni\u010dni kal\u010dki poskrbijo, da so lasje bolj elasti\u010dni in se la\u017eje \u010de\u0161ejo.[\/vc_column_text][\/vc_column][\/vc_row][vc_row css=&#8221;.vc_custom_1590393410445{margin-top: 20px !important;}&#8221;][vc_column width=&#8221;1\/4&#8243;][\/vc_column][vc_column width=&#8221;3\/4&#8243;][vc_column_text]<strong>Rastlinski izvle\u010dki<\/strong><br \/>\nRastlinski izvle\u010dki kamilice, aloje, sivke, ognji\u010da in koprive, ki poskrbijo, da so na\u0161i lasje za\u0161\u010diteni in negovani.[\/vc_column_text][\/vc_column][\/vc_row][vc_row][vc_column]<div class=\"supro-empty-space \" style=\"\"><div class=\"supro_empty_space_lg\"  style=\"height: 60px\"><\/div><div class=\"supro_empty_space_md\"  style=\"height: 40px\"><\/div><div class=\"supro_empty_space_xs\"  style=\"height: 30px\"><\/div><\/div>[\/vc_column][\/vc_row][vc_row css=&#8221;.vc_custom_1589223180772{padding-right: 150px !important;padding-left: 150px !important;}&#8221;][vc_column][\/vc_column][\/vc_row][vc_row css=&#8221;.vc_custom_1589223180772{padding-right: 150px !important;padding-left: 150px !important;}&#8221;][vc_column width=&#8221;1\/6&#8243;][\/vc_column][vc_column width=&#8221;1\/6&#8243;][vc_single_image image=&#8221;27081&#8243; img_size=&#8221;100&#215;100&#8243; alignment=&#8221;center&#8221;][\/vc_column][vc_column width=&#8221;1\/6&#8243;][vc_single_image image=&#8221;27093&#8243; img_size=&#8221;100&#215;100&#8243; alignment=&#8221;center&#8221;][\/vc_column][vc_column width=&#8221;1\/6&#8243;][vc_single_image image=&#8221;27084&#8243; img_size=&#8221;100&#215;100&#8243; alignment=&#8221;center&#8221;][\/vc_column][vc_column width=&#8221;1\/6&#8243;][vc_single_image image=&#8221;27087&#8243; img_size=&#8221;100&#215;100&#8243; alignment=&#8221;center&#8221;][\/vc_column][vc_column width=&#8221;1\/6&#8243;][vc_single_image image=&#8221;27090&#8243; img_size=&#8221;100&#215;100&#8243; alignment=&#8221;center&#8221;][\/vc_column][\/vc_row][vc_row][vc_column]<div class=\"supro-empty-space \" style=\"\"><div class=\"supro_empty_space_lg\"  style=\"height: 60px\"><\/div><div class=\"supro_empty_space_md\"  style=\"height: 40px\"><\/div><div class=\"supro_empty_space_xs\"  style=\"height: 30px\"><\/div><\/div>[\/vc_column][\/vc_row][vc_row][vc_column]<div class=\"supro-empty-space \" style=\"\"><div class=\"supro_empty_space_lg\"  style=\"height: 60px\"><\/div><div class=\"supro_empty_space_md\"  style=\"height: 40px\"><\/div><div class=\"supro_empty_space_xs\"  style=\"height: 30px\"><\/div><\/div>[\/vc_column][\/vc_row][vc_row][vc_column width=&#8221;1\/3&#8243;][vc_column_text]<\/p>\n<p style=\"text-align: center; background-color: #353435; color: white;\"><strong>BREZ AMONIAKA<\/strong><\/p>\n<p style=\"text-align: center;\">Zato, ker amoniak ob stiku s ko\u017eo in lasi\u0161\u010dem povzro\u010di peko\u010d ob\u010dutek.<\/p>\n<p>[\/vc_column_text][\/vc_column][vc_column width=&#8221;1\/3&#8243;][vc_column_text]<\/p>\n<p style=\"text-align: center; background-color: #353435; color: white;\"><strong>BREZ PPD<\/strong><\/p>\n<p style=\"text-align: center;\">Zato, ker je P-phenylendiamine (PPD) najbolj alergena sestavina v barvah za lase. Respect je ne vsebuje, kar bistveno zmanj\u0161a mo\u017enost alergij.<\/p>\n<p style=\"text-align: center;\">\u00a0 Lahko vsebuje druge phenylendiamine.<\/p>\n<p>[\/vc_column_text][\/vc_column][vc_column width=&#8221;1\/3&#8243;][vc_column_text]<\/p>\n<p style=\"text-align: center; background-color: #353435; color: white;\"><strong>BREZ PARABENOV<\/strong><\/p>\n<p style=\"text-align: center;\">Zato, ker so parabeni najpogostej\u0161i konzervansi v kozmeti\u010dnih izdelkih, ki lahko povzro\u010dijo alergije in dra\u017eenje ko\u017ee.<\/p>\n<p>[\/vc_column_text][\/vc_column][\/vc_row][vc_row][vc_column][vc_empty_space height=&#8221;100&#8243;][\/vc_column][\/vc_row]<\/p>\n","protected":false},"excerpt":{"rendered":"<p>All for perfect hair coloring and care. Herba Color is an herbal hair color in gel, rich in natural oils and vegetable surpluses. Does not<br \/>\ncontain hair and noxious ingredients such as ammonia, PPD, parabens and SLS.<\/p>\n","protected":false},"featured_media":28017,"comment_status":"open","ping_status":"closed","template":"","meta":{"_acf_changed":false},"product_brand":[],"product_cat":[101,28],"product_tag":[],"class_list":{"0":"post-27228","1":"product","2":"type-product","3":"status-publish","4":"has-post-thumbnail","6":"product_cat-gel-colors","7":"product_cat-hair-colors","8":"","10":"first","11":"instock","12":"taxable","13":"shipping-taxable","14":"purchasable","15":"product-type-variable"},"acf":[],"yoast_head":"<!-- This site is optimized with the Yoast SEO plugin v24.8.1 - https:\/\/yoast.com\/wordpress\/plugins\/seo\/ -->\n<title>Herba color | Naturavit<\/title>\n<meta name=\"description\" content=\"Herba Color je zeli\u0161\u010dna barva za lase v gelu, bogata z naravnimi olji in rastlinskimi izve\u010dki, ki pobarva,neguje in okrepi va\u0161e lase. Ne vsebuje lasem in zdravju \u0161kodljivih sestavin kot so amoniak, PPD,parabeni in SLS.\" \/>\n<meta name=\"robots\" content=\"index, follow, max-snippet:-1, max-image-preview:large, max-video-preview:-1\" \/>\n<link rel=\"canonical\" href=\"https:\/\/naturavit.net\/en\/product\/herba-color\/\" \/>\n<meta property=\"og:locale\" content=\"en_US\" \/>\n<meta property=\"og:type\" content=\"article\" \/>\n<meta property=\"og:title\" content=\"Herba color | Naturavit\" \/>\n<meta property=\"og:description\" content=\"Herba Color je zeli\u0161\u010dna barva za lase v gelu, bogata z naravnimi olji in rastlinskimi izve\u010dki, ki pobarva,neguje in okrepi va\u0161e lase. Ne vsebuje lasem in zdravju \u0161kodljivih sestavin kot so amoniak, PPD,parabeni in SLS.\" \/>\n<meta property=\"og:url\" content=\"https:\/\/naturavit.net\/en\/product\/herba-color\/\" \/>\n<meta property=\"og:site_name\" content=\"Naturavit\" \/>\n<meta property=\"article:publisher\" content=\"https:\/\/www.facebook.com\/naturavit\/\" \/>\n<meta property=\"article:modified_time\" content=\"2026-03-16T06:38:00+00:00\" \/>\n<meta property=\"og:image\" content=\"https:\/\/naturavit.net\/wp-content\/uploads\/2020\/04\/MartisHerbaPlus_JPEG-1.jpg\" \/>\n\t<meta property=\"og:image:width\" content=\"1200\" \/>\n\t<meta property=\"og:image:height\" content=\"1200\" \/>\n\t<meta property=\"og:image:type\" content=\"image\/jpeg\" \/>\n<meta name=\"twitter:card\" content=\"summary_large_image\" \/>\n<meta name=\"twitter:label1\" content=\"Est. reading time\" \/>\n\t<meta name=\"twitter:data1\" content=\"2 minutes\" \/>\n<script type=\"application\/ld+json\" class=\"yoast-schema-graph\">{\"@context\":\"https:\/\/schema.org\",\"@graph\":[{\"@type\":\"WebPage\",\"@id\":\"https:\/\/naturavit.net\/en\/product\/herba-color\/\",\"url\":\"https:\/\/naturavit.net\/en\/product\/herba-color\/\",\"name\":\"Herba color | Naturavit\",\"isPartOf\":{\"@id\":\"https:\/\/naturavit.net\/en\/#website\"},\"primaryImageOfPage\":{\"@id\":\"https:\/\/naturavit.net\/en\/product\/herba-color\/#primaryimage\"},\"image\":{\"@id\":\"https:\/\/naturavit.net\/en\/product\/herba-color\/#primaryimage\"},\"thumbnailUrl\":\"https:\/\/naturavit.net\/wp-content\/uploads\/2020\/04\/MartisHerbaPlus_JPEG-1.jpg\",\"datePublished\":\"2020-05-25T08:34:41+00:00\",\"dateModified\":\"2026-03-16T06:38:00+00:00\",\"description\":\"Herba Color je zeli\u0161\u010dna barva za lase v gelu, bogata z naravnimi olji in rastlinskimi izve\u010dki, ki pobarva,neguje in okrepi va\u0161e lase. Ne vsebuje lasem in zdravju \u0161kodljivih sestavin kot so amoniak, PPD,parabeni in SLS.\",\"breadcrumb\":{\"@id\":\"https:\/\/naturavit.net\/en\/product\/herba-color\/#breadcrumb\"},\"inLanguage\":\"en-US\",\"potentialAction\":[{\"@type\":\"ReadAction\",\"target\":[\"https:\/\/naturavit.net\/en\/product\/herba-color\/\"]}]},{\"@type\":\"ImageObject\",\"inLanguage\":\"en-US\",\"@id\":\"https:\/\/naturavit.net\/en\/product\/herba-color\/#primaryimage\",\"url\":\"https:\/\/naturavit.net\/wp-content\/uploads\/2020\/04\/MartisHerbaPlus_JPEG-1.jpg\",\"contentUrl\":\"https:\/\/naturavit.net\/wp-content\/uploads\/2020\/04\/MartisHerbaPlus_JPEG-1.jpg\",\"width\":1200,\"height\":1200},{\"@type\":\"BreadcrumbList\",\"@id\":\"https:\/\/naturavit.net\/en\/product\/herba-color\/#breadcrumb\",\"itemListElement\":[{\"@type\":\"ListItem\",\"position\":1,\"name\":\"Home\",\"item\":\"https:\/\/naturavit.net\/en\/\"},{\"@type\":\"ListItem\",\"position\":2,\"name\":\"Shop\",\"item\":\"https:\/\/naturavit.net\/en\/shop\/\"},{\"@type\":\"ListItem\",\"position\":3,\"name\":\"Hair Colors\",\"item\":\"https:\/\/naturavit.net\/en\/product-category\/hair-colors\/\"},{\"@type\":\"ListItem\",\"position\":4,\"name\":\"Gel colors\",\"item\":\"https:\/\/naturavit.net\/en\/product-category\/hair-colors\/gel-colors\/\"},{\"@type\":\"ListItem\",\"position\":5,\"name\":\"Herba color\"}]},{\"@type\":\"WebSite\",\"@id\":\"https:\/\/naturavit.net\/en\/#website\",\"url\":\"https:\/\/naturavit.net\/en\/\",\"name\":\"Naturavit\",\"description\":\"Naravna kozmetika\",\"publisher\":{\"@id\":\"https:\/\/naturavit.net\/en\/#organization\"},\"potentialAction\":[{\"@type\":\"SearchAction\",\"target\":{\"@type\":\"EntryPoint\",\"urlTemplate\":\"https:\/\/naturavit.net\/en\/?s={search_term_string}\"},\"query-input\":{\"@type\":\"PropertyValueSpecification\",\"valueRequired\":true,\"valueName\":\"search_term_string\"}}],\"inLanguage\":\"en-US\"},{\"@type\":\"Organization\",\"@id\":\"https:\/\/naturavit.net\/en\/#organization\",\"name\":\"Naturavit\",\"url\":\"https:\/\/naturavit.net\/en\/\",\"logo\":{\"@type\":\"ImageObject\",\"inLanguage\":\"en-US\",\"@id\":\"https:\/\/naturavit.net\/en\/#\/schema\/logo\/image\/\",\"url\":\"https:\/\/www.naturavit.net\/wp-content\/uploads\/2021\/09\/116564984_3484379328307111_1830779139888479808_o.png\",\"contentUrl\":\"https:\/\/www.naturavit.net\/wp-content\/uploads\/2021\/09\/116564984_3484379328307111_1830779139888479808_o.png\",\"width\":1079,\"height\":1079,\"caption\":\"Naturavit\"},\"image\":{\"@id\":\"https:\/\/naturavit.net\/en\/#\/schema\/logo\/image\/\"},\"sameAs\":[\"https:\/\/www.facebook.com\/naturavit\/\"]}]}<\/script>\n<!-- \/ Yoast SEO plugin. -->","yoast_head_json":{"title":"Herba color | Naturavit","description":"Herba Color je zeli\u0161\u010dna barva za lase v gelu, bogata z naravnimi olji in rastlinskimi izve\u010dki, ki pobarva,neguje in okrepi va\u0161e lase. Ne vsebuje lasem in zdravju \u0161kodljivih sestavin kot so amoniak, PPD,parabeni in SLS.","robots":{"index":"index","follow":"follow","max-snippet":"max-snippet:-1","max-image-preview":"max-image-preview:large","max-video-preview":"max-video-preview:-1"},"canonical":"https:\/\/naturavit.net\/en\/product\/herba-color\/","og_locale":"en_US","og_type":"article","og_title":"Herba color | Naturavit","og_description":"Herba Color je zeli\u0161\u010dna barva za lase v gelu, bogata z naravnimi olji in rastlinskimi izve\u010dki, ki pobarva,neguje in okrepi va\u0161e lase. Ne vsebuje lasem in zdravju \u0161kodljivih sestavin kot so amoniak, PPD,parabeni in SLS.","og_url":"https:\/\/naturavit.net\/en\/product\/herba-color\/","og_site_name":"Naturavit","article_publisher":"https:\/\/www.facebook.com\/naturavit\/","article_modified_time":"2026-03-16T06:38:00+00:00","og_image":[{"width":1200,"height":1200,"url":"https:\/\/naturavit.net\/wp-content\/uploads\/2020\/04\/MartisHerbaPlus_JPEG-1.jpg","type":"image\/jpeg"}],"twitter_card":"summary_large_image","twitter_misc":{"Est. reading time":"2 minutes"},"schema":{"@context":"https:\/\/schema.org","@graph":[{"@type":"WebPage","@id":"https:\/\/naturavit.net\/en\/product\/herba-color\/","url":"https:\/\/naturavit.net\/en\/product\/herba-color\/","name":"Herba color | Naturavit","isPartOf":{"@id":"https:\/\/naturavit.net\/en\/#website"},"primaryImageOfPage":{"@id":"https:\/\/naturavit.net\/en\/product\/herba-color\/#primaryimage"},"image":{"@id":"https:\/\/naturavit.net\/en\/product\/herba-color\/#primaryimage"},"thumbnailUrl":"https:\/\/naturavit.net\/wp-content\/uploads\/2020\/04\/MartisHerbaPlus_JPEG-1.jpg","datePublished":"2020-05-25T08:34:41+00:00","dateModified":"2026-03-16T06:38:00+00:00","description":"Herba Color je zeli\u0161\u010dna barva za lase v gelu, bogata z naravnimi olji in rastlinskimi izve\u010dki, ki pobarva,neguje in okrepi va\u0161e lase. Ne vsebuje lasem in zdravju \u0161kodljivih sestavin kot so amoniak, PPD,parabeni in SLS.","breadcrumb":{"@id":"https:\/\/naturavit.net\/en\/product\/herba-color\/#breadcrumb"},"inLanguage":"en-US","potentialAction":[{"@type":"ReadAction","target":["https:\/\/naturavit.net\/en\/product\/herba-color\/"]}]},{"@type":"ImageObject","inLanguage":"en-US","@id":"https:\/\/naturavit.net\/en\/product\/herba-color\/#primaryimage","url":"https:\/\/naturavit.net\/wp-content\/uploads\/2020\/04\/MartisHerbaPlus_JPEG-1.jpg","contentUrl":"https:\/\/naturavit.net\/wp-content\/uploads\/2020\/04\/MartisHerbaPlus_JPEG-1.jpg","width":1200,"height":1200},{"@type":"BreadcrumbList","@id":"https:\/\/naturavit.net\/en\/product\/herba-color\/#breadcrumb","itemListElement":[{"@type":"ListItem","position":1,"name":"Home","item":"https:\/\/naturavit.net\/en\/"},{"@type":"ListItem","position":2,"name":"Shop","item":"https:\/\/naturavit.net\/en\/shop\/"},{"@type":"ListItem","position":3,"name":"Hair Colors","item":"https:\/\/naturavit.net\/en\/product-category\/hair-colors\/"},{"@type":"ListItem","position":4,"name":"Gel colors","item":"https:\/\/naturavit.net\/en\/product-category\/hair-colors\/gel-colors\/"},{"@type":"ListItem","position":5,"name":"Herba color"}]},{"@type":"WebSite","@id":"https:\/\/naturavit.net\/en\/#website","url":"https:\/\/naturavit.net\/en\/","name":"Naturavit","description":"Naravna kozmetika","publisher":{"@id":"https:\/\/naturavit.net\/en\/#organization"},"potentialAction":[{"@type":"SearchAction","target":{"@type":"EntryPoint","urlTemplate":"https:\/\/naturavit.net\/en\/?s={search_term_string}"},"query-input":{"@type":"PropertyValueSpecification","valueRequired":true,"valueName":"search_term_string"}}],"inLanguage":"en-US"},{"@type":"Organization","@id":"https:\/\/naturavit.net\/en\/#organization","name":"Naturavit","url":"https:\/\/naturavit.net\/en\/","logo":{"@type":"ImageObject","inLanguage":"en-US","@id":"https:\/\/naturavit.net\/en\/#\/schema\/logo\/image\/","url":"https:\/\/www.naturavit.net\/wp-content\/uploads\/2021\/09\/116564984_3484379328307111_1830779139888479808_o.png","contentUrl":"https:\/\/www.naturavit.net\/wp-content\/uploads\/2021\/09\/116564984_3484379328307111_1830779139888479808_o.png","width":1079,"height":1079,"caption":"Naturavit"},"image":{"@id":"https:\/\/naturavit.net\/en\/#\/schema\/logo\/image\/"},"sameAs":["https:\/\/www.facebook.com\/naturavit\/"]}]}},"_links":{"self":[{"href":"https:\/\/naturavit.net\/en\/wp-json\/wp\/v2\/product\/27228","targetHints":{"allow":["GET"]}}],"collection":[{"href":"https:\/\/naturavit.net\/en\/wp-json\/wp\/v2\/product"}],"about":[{"href":"https:\/\/naturavit.net\/en\/wp-json\/wp\/v2\/types\/product"}],"replies":[{"embeddable":true,"href":"https:\/\/naturavit.net\/en\/wp-json\/wp\/v2\/comments?post=27228"}],"wp:featuredmedia":[{"embeddable":true,"href":"https:\/\/naturavit.net\/en\/wp-json\/wp\/v2\/media\/28017"}],"wp:attachment":[{"href":"https:\/\/naturavit.net\/en\/wp-json\/wp\/v2\/media?parent=27228"}],"wp:term":[{"taxonomy":"product_brand","embeddable":true,"href":"https:\/\/naturavit.net\/en\/wp-json\/wp\/v2\/product_brand?post=27228"},{"taxonomy":"product_cat","embeddable":true,"href":"https:\/\/naturavit.net\/en\/wp-json\/wp\/v2\/product_cat?post=27228"},{"taxonomy":"product_tag","embeddable":true,"href":"https:\/\/naturavit.net\/en\/wp-json\/wp\/v2\/product_tag?post=27228"}],"curies":[{"name":"wp","href":"https:\/\/api.w.org\/{rel}","templated":true}]}}