{"id":534,"date":"2016-04-11T10:41:44","date_gmt":"2016-05-05T16:50:44","guid":{"rendered":"http:\/\/www.naturavit.net\/?post_type=product&#038;p=534&#038;lang=en"},"modified":"2026-01-15T13:46:42","modified_gmt":"2026-01-15T12:46:42","slug":"naturavit-cream-shampoo-delicate-hair-regular-washing","status":"publish","type":"product","link":"https:\/\/naturavit.net\/en\/product\/naturavit-cream-shampoo-delicate-hair-regular-washing\/","title":{"rendered":"Shampoo for Delicate Hair"},"content":{"rendered":"<p>A natural and extremely delicate shampoo with a creamy foam, it ensures enough hydration thanks to the Abyssinian sea kale oil. Proper hair hygiene is key to maintaining long lasting and healthy hair. Using aggressive shampoos, which do not comply with the normal physiology and natural pH value, may endanger the health and vitality of your hair.<\/p>\n<p>&nbsp;<\/p>\n<p><strong>Advantages:<\/strong><\/p>\n<ul>\n<li>Improves luster,<\/li>\n<li>Increases volume,<\/li>\n<li>\u00a0Improves softness,<\/li>\n<li>Easy to comb,<\/li>\n<li>Protects,<\/li>\n<li>No sodium lauryl sulfate (sls),<\/li>\n<li>No sodium laureth sulfate (sles),<\/li>\n<li>Rich with plant extracts, essential oils, vitamins and hydrating agents.<\/li>\n<\/ul>\n<p>&nbsp;<\/p>\n<p><strong>Ingredients: <\/strong><\/p>\n<p>Water, Sodium trideceth sulfate, Sodium lauroamphoacetate, Sodium chloride, Propylene glycol,\u00a0Cocamide MEA, Citrus aurantium amara oil, Benzyl alcohol, Crambe abyssinica seed oil, Malva\u00a0sylvestris extract, Guar hydroxypropyltrimonium chloride, Limonene, Citric acid, Dehydroacetic\u00a0acid, Lecithin, Tocopherol, Ascorbyl palmitate.<\/p>\n","protected":false},"excerpt":{"rendered":"<div class=\"QmZWSe\">\n<p class=\"DHcWmd\">Natural, extremely gentle creamy foam shampoo provides sufficient hydration with the help of Abyssinian seaweed oil. Proper hygiene of the hair and scalp is essential for maintaining the beauty and health of your hair for a long time.<\/p>\n<\/div>\n","protected":false},"featured_media":46700,"comment_status":"open","ping_status":"closed","template":"","meta":{"_acf_changed":false},"product_brand":[],"product_cat":[30,31],"product_tag":[],"class_list":{"0":"post-534","1":"product","2":"type-product","3":"status-publish","4":"has-post-thumbnail","6":"product_cat-haircare-en","7":"product_cat-shampoos","8":"","10":"first","11":"instock","12":"taxable","13":"shipping-taxable","14":"purchasable","15":"product-type-simple"},"acf":[],"yoast_head":"<!-- This site is optimized with the Yoast SEO plugin v24.8.1 - https:\/\/yoast.com\/wordpress\/plugins\/seo\/ -->\n<title>Shampoo for Delicate Hair | Naturavit<\/title>\n<meta name=\"robots\" content=\"index, follow, max-snippet:-1, max-image-preview:large, max-video-preview:-1\" \/>\n<link rel=\"canonical\" href=\"https:\/\/naturavit.net\/en\/product\/naturavit-cream-shampoo-delicate-hair-regular-washing\/\" \/>\n<meta property=\"og:locale\" content=\"en_US\" \/>\n<meta property=\"og:type\" content=\"article\" \/>\n<meta property=\"og:title\" content=\"Shampoo for Delicate Hair | Naturavit\" \/>\n<meta property=\"og:description\" content=\"Natural, extremely gentle creamy foam shampoo provides sufficient hydration with the help of Abyssinian seaweed oil. Proper hygiene of the hair and scalp is essential for maintaining the beauty and health of your hair for a long time.\" \/>\n<meta property=\"og:url\" content=\"https:\/\/naturavit.net\/en\/product\/naturavit-cream-shampoo-delicate-hair-regular-washing\/\" \/>\n<meta property=\"og:site_name\" content=\"Naturavit\" \/>\n<meta property=\"article:publisher\" content=\"https:\/\/www.facebook.com\/naturavit\/\" \/>\n<meta property=\"article:modified_time\" content=\"2026-01-15T12:46:42+00:00\" \/>\n<meta property=\"og:image\" content=\"https:\/\/naturavit.net\/wp-content\/uploads\/2020\/04\/Naturavit_CreamShampoo_sensitiveSkin_JPEG.jpg\" \/>\n\t<meta property=\"og:image:width\" content=\"1200\" \/>\n\t<meta property=\"og:image:height\" content=\"1200\" \/>\n\t<meta property=\"og:image:type\" content=\"image\/jpeg\" \/>\n<meta name=\"twitter:card\" content=\"summary_large_image\" \/>\n<meta name=\"twitter:label1\" content=\"Est. reading time\" \/>\n\t<meta name=\"twitter:data1\" content=\"1 minute\" \/>\n<script type=\"application\/ld+json\" class=\"yoast-schema-graph\">{\"@context\":\"https:\/\/schema.org\",\"@graph\":[{\"@type\":\"WebPage\",\"@id\":\"https:\/\/naturavit.net\/en\/product\/naturavit-cream-shampoo-delicate-hair-regular-washing\/\",\"url\":\"https:\/\/naturavit.net\/en\/product\/naturavit-cream-shampoo-delicate-hair-regular-washing\/\",\"name\":\"Shampoo for Delicate Hair | Naturavit\",\"isPartOf\":{\"@id\":\"https:\/\/naturavit.net\/en\/#website\"},\"primaryImageOfPage\":{\"@id\":\"https:\/\/naturavit.net\/en\/product\/naturavit-cream-shampoo-delicate-hair-regular-washing\/#primaryimage\"},\"image\":{\"@id\":\"https:\/\/naturavit.net\/en\/product\/naturavit-cream-shampoo-delicate-hair-regular-washing\/#primaryimage\"},\"thumbnailUrl\":\"https:\/\/naturavit.net\/wp-content\/uploads\/2016\/04\/Shampoo_SLO_zaObcutljive_reflection.jpg\",\"datePublished\":\"2016-05-05T16:50:44+00:00\",\"dateModified\":\"2026-01-15T12:46:42+00:00\",\"breadcrumb\":{\"@id\":\"https:\/\/naturavit.net\/en\/product\/naturavit-cream-shampoo-delicate-hair-regular-washing\/#breadcrumb\"},\"inLanguage\":\"en-US\",\"potentialAction\":[{\"@type\":\"ReadAction\",\"target\":[\"https:\/\/naturavit.net\/en\/product\/naturavit-cream-shampoo-delicate-hair-regular-washing\/\"]}]},{\"@type\":\"ImageObject\",\"inLanguage\":\"en-US\",\"@id\":\"https:\/\/naturavit.net\/en\/product\/naturavit-cream-shampoo-delicate-hair-regular-washing\/#primaryimage\",\"url\":\"https:\/\/naturavit.net\/wp-content\/uploads\/2016\/04\/Shampoo_SLO_zaObcutljive_reflection.jpg\",\"contentUrl\":\"https:\/\/naturavit.net\/wp-content\/uploads\/2016\/04\/Shampoo_SLO_zaObcutljive_reflection.jpg\",\"width\":2200,\"height\":2199,\"caption\":\"Naturavit \u0161ampon za pogosto umivanje in ob\u010dutljivo lasi\u0161\u010de\"},{\"@type\":\"BreadcrumbList\",\"@id\":\"https:\/\/naturavit.net\/en\/product\/naturavit-cream-shampoo-delicate-hair-regular-washing\/#breadcrumb\",\"itemListElement\":[{\"@type\":\"ListItem\",\"position\":1,\"name\":\"Home\",\"item\":\"https:\/\/naturavit.net\/en\/\"},{\"@type\":\"ListItem\",\"position\":2,\"name\":\"Shop\",\"item\":\"https:\/\/naturavit.net\/en\/shop\/\"},{\"@type\":\"ListItem\",\"position\":3,\"name\":\"Hair care\",\"item\":\"https:\/\/naturavit.net\/en\/product-category\/haircare-en\/\"},{\"@type\":\"ListItem\",\"position\":4,\"name\":\"Shampoos\",\"item\":\"https:\/\/naturavit.net\/en\/product-category\/haircare-en\/shampoos\/\"},{\"@type\":\"ListItem\",\"position\":5,\"name\":\"Shampoo for Delicate Hair\"}]},{\"@type\":\"WebSite\",\"@id\":\"https:\/\/naturavit.net\/en\/#website\",\"url\":\"https:\/\/naturavit.net\/en\/\",\"name\":\"Naturavit\",\"description\":\"Naravna kozmetika\",\"publisher\":{\"@id\":\"https:\/\/naturavit.net\/en\/#organization\"},\"potentialAction\":[{\"@type\":\"SearchAction\",\"target\":{\"@type\":\"EntryPoint\",\"urlTemplate\":\"https:\/\/naturavit.net\/en\/?s={search_term_string}\"},\"query-input\":{\"@type\":\"PropertyValueSpecification\",\"valueRequired\":true,\"valueName\":\"search_term_string\"}}],\"inLanguage\":\"en-US\"},{\"@type\":\"Organization\",\"@id\":\"https:\/\/naturavit.net\/en\/#organization\",\"name\":\"Naturavit\",\"url\":\"https:\/\/naturavit.net\/en\/\",\"logo\":{\"@type\":\"ImageObject\",\"inLanguage\":\"en-US\",\"@id\":\"https:\/\/naturavit.net\/en\/#\/schema\/logo\/image\/\",\"url\":\"https:\/\/www.naturavit.net\/wp-content\/uploads\/2021\/09\/116564984_3484379328307111_1830779139888479808_o.png\",\"contentUrl\":\"https:\/\/www.naturavit.net\/wp-content\/uploads\/2021\/09\/116564984_3484379328307111_1830779139888479808_o.png\",\"width\":1079,\"height\":1079,\"caption\":\"Naturavit\"},\"image\":{\"@id\":\"https:\/\/naturavit.net\/en\/#\/schema\/logo\/image\/\"},\"sameAs\":[\"https:\/\/www.facebook.com\/naturavit\/\"]}]}<\/script>\n<!-- \/ Yoast SEO plugin. -->","yoast_head_json":{"title":"Shampoo for Delicate Hair | Naturavit","robots":{"index":"index","follow":"follow","max-snippet":"max-snippet:-1","max-image-preview":"max-image-preview:large","max-video-preview":"max-video-preview:-1"},"canonical":"https:\/\/naturavit.net\/en\/product\/naturavit-cream-shampoo-delicate-hair-regular-washing\/","og_locale":"en_US","og_type":"article","og_title":"Shampoo for Delicate Hair | Naturavit","og_description":"Natural, extremely gentle creamy foam shampoo provides sufficient hydration with the help of Abyssinian seaweed oil. Proper hygiene of the hair and scalp is essential for maintaining the beauty and health of your hair for a long time.","og_url":"https:\/\/naturavit.net\/en\/product\/naturavit-cream-shampoo-delicate-hair-regular-washing\/","og_site_name":"Naturavit","article_publisher":"https:\/\/www.facebook.com\/naturavit\/","article_modified_time":"2026-01-15T12:46:42+00:00","og_image":[{"width":1200,"height":1200,"url":"https:\/\/naturavit.net\/wp-content\/uploads\/2020\/04\/Naturavit_CreamShampoo_sensitiveSkin_JPEG.jpg","type":"image\/jpeg"}],"twitter_card":"summary_large_image","twitter_misc":{"Est. reading time":"1 minute"},"schema":{"@context":"https:\/\/schema.org","@graph":[{"@type":"WebPage","@id":"https:\/\/naturavit.net\/en\/product\/naturavit-cream-shampoo-delicate-hair-regular-washing\/","url":"https:\/\/naturavit.net\/en\/product\/naturavit-cream-shampoo-delicate-hair-regular-washing\/","name":"Shampoo for Delicate Hair | Naturavit","isPartOf":{"@id":"https:\/\/naturavit.net\/en\/#website"},"primaryImageOfPage":{"@id":"https:\/\/naturavit.net\/en\/product\/naturavit-cream-shampoo-delicate-hair-regular-washing\/#primaryimage"},"image":{"@id":"https:\/\/naturavit.net\/en\/product\/naturavit-cream-shampoo-delicate-hair-regular-washing\/#primaryimage"},"thumbnailUrl":"https:\/\/naturavit.net\/wp-content\/uploads\/2016\/04\/Shampoo_SLO_zaObcutljive_reflection.jpg","datePublished":"2016-05-05T16:50:44+00:00","dateModified":"2026-01-15T12:46:42+00:00","breadcrumb":{"@id":"https:\/\/naturavit.net\/en\/product\/naturavit-cream-shampoo-delicate-hair-regular-washing\/#breadcrumb"},"inLanguage":"en-US","potentialAction":[{"@type":"ReadAction","target":["https:\/\/naturavit.net\/en\/product\/naturavit-cream-shampoo-delicate-hair-regular-washing\/"]}]},{"@type":"ImageObject","inLanguage":"en-US","@id":"https:\/\/naturavit.net\/en\/product\/naturavit-cream-shampoo-delicate-hair-regular-washing\/#primaryimage","url":"https:\/\/naturavit.net\/wp-content\/uploads\/2016\/04\/Shampoo_SLO_zaObcutljive_reflection.jpg","contentUrl":"https:\/\/naturavit.net\/wp-content\/uploads\/2016\/04\/Shampoo_SLO_zaObcutljive_reflection.jpg","width":2200,"height":2199,"caption":"Naturavit \u0161ampon za pogosto umivanje in ob\u010dutljivo lasi\u0161\u010de"},{"@type":"BreadcrumbList","@id":"https:\/\/naturavit.net\/en\/product\/naturavit-cream-shampoo-delicate-hair-regular-washing\/#breadcrumb","itemListElement":[{"@type":"ListItem","position":1,"name":"Home","item":"https:\/\/naturavit.net\/en\/"},{"@type":"ListItem","position":2,"name":"Shop","item":"https:\/\/naturavit.net\/en\/shop\/"},{"@type":"ListItem","position":3,"name":"Hair care","item":"https:\/\/naturavit.net\/en\/product-category\/haircare-en\/"},{"@type":"ListItem","position":4,"name":"Shampoos","item":"https:\/\/naturavit.net\/en\/product-category\/haircare-en\/shampoos\/"},{"@type":"ListItem","position":5,"name":"Shampoo for Delicate Hair"}]},{"@type":"WebSite","@id":"https:\/\/naturavit.net\/en\/#website","url":"https:\/\/naturavit.net\/en\/","name":"Naturavit","description":"Naravna kozmetika","publisher":{"@id":"https:\/\/naturavit.net\/en\/#organization"},"potentialAction":[{"@type":"SearchAction","target":{"@type":"EntryPoint","urlTemplate":"https:\/\/naturavit.net\/en\/?s={search_term_string}"},"query-input":{"@type":"PropertyValueSpecification","valueRequired":true,"valueName":"search_term_string"}}],"inLanguage":"en-US"},{"@type":"Organization","@id":"https:\/\/naturavit.net\/en\/#organization","name":"Naturavit","url":"https:\/\/naturavit.net\/en\/","logo":{"@type":"ImageObject","inLanguage":"en-US","@id":"https:\/\/naturavit.net\/en\/#\/schema\/logo\/image\/","url":"https:\/\/www.naturavit.net\/wp-content\/uploads\/2021\/09\/116564984_3484379328307111_1830779139888479808_o.png","contentUrl":"https:\/\/www.naturavit.net\/wp-content\/uploads\/2021\/09\/116564984_3484379328307111_1830779139888479808_o.png","width":1079,"height":1079,"caption":"Naturavit"},"image":{"@id":"https:\/\/naturavit.net\/en\/#\/schema\/logo\/image\/"},"sameAs":["https:\/\/www.facebook.com\/naturavit\/"]}]}},"_links":{"self":[{"href":"https:\/\/naturavit.net\/en\/wp-json\/wp\/v2\/product\/534","targetHints":{"allow":["GET"]}}],"collection":[{"href":"https:\/\/naturavit.net\/en\/wp-json\/wp\/v2\/product"}],"about":[{"href":"https:\/\/naturavit.net\/en\/wp-json\/wp\/v2\/types\/product"}],"replies":[{"embeddable":true,"href":"https:\/\/naturavit.net\/en\/wp-json\/wp\/v2\/comments?post=534"}],"wp:featuredmedia":[{"embeddable":true,"href":"https:\/\/naturavit.net\/en\/wp-json\/wp\/v2\/media\/46700"}],"wp:attachment":[{"href":"https:\/\/naturavit.net\/en\/wp-json\/wp\/v2\/media?parent=534"}],"wp:term":[{"taxonomy":"product_brand","embeddable":true,"href":"https:\/\/naturavit.net\/en\/wp-json\/wp\/v2\/product_brand?post=534"},{"taxonomy":"product_cat","embeddable":true,"href":"https:\/\/naturavit.net\/en\/wp-json\/wp\/v2\/product_cat?post=534"},{"taxonomy":"product_tag","embeddable":true,"href":"https:\/\/naturavit.net\/en\/wp-json\/wp\/v2\/product_tag?post=534"}],"curies":[{"name":"wp","href":"https:\/\/api.w.org\/{rel}","templated":true}]}}