{"id":480,"date":"2016-05-06T09:22:00","date_gmt":"2016-05-06T09:22:00","guid":{"rendered":"http:\/\/www.naturavit.net\/?page_id=480&#038;lang=hr"},"modified":"2019-04-11T10:34:24","modified_gmt":"2019-04-11T10:34:24","slug":"o-nama","status":"publish","type":"page","link":"https:\/\/naturavit.net\/hr\/o-nama\/","title":{"rendered":"O nama"},"content":{"rendered":"<div class=\"wp-block-cover family-photo is-layout-flow wp-block-cover-is-layout-flow\" style=\"background-image:url(https:\/\/naturavit.net\/wp-content\/uploads\/2019\/04\/naturavit_familySkupinska-large.jpg)\"><\/div><div style=\"height:20px\" aria-hidden=\"true\" class=\"wp-block-spacer\"><\/div><p style=\"text-align: left;\">U Naturavitu se u potpunosti posve\u0107ujemo prirodnoj kozmetici za njegu cijeloga tijela. Na\u0161 glavni cilj je pomo\u0107i svima da se osje\u0107aju dobro u &#8221;vlastitoj ko\u017ei&#8221;. Kada se osje\u0107amo dobro u svome tijelu, u kontaktu smo sa samim sobom i s drugima!<\/p>\n<p style=\"text-align: left;\">Lice i tijelo su odraz na\u0161eg unutarnjeg duha, zato je svakome od nas vanjski izgled va\u017ean. Kod proizvodnje zagovaramo tri vrijednosti: kvalitetu, jedinstvenost i profesionalnost.<\/p>\n<p style=\"text-align: left;\">Ujedno smo svjesni da \u0107e na\u0161 cilj, pomaganje ljudima, biti ostvaren samo iskrenom me\u0111usobnom suradnjom. Zato smo uvijek spremni prihvatiti kako pohvale, tako i prigovore na\u0161ih kupaca, te dogovorom posti\u0107i najbolje rje\u0161enje.<\/p>\n<p style=\"text-align: left;\">Sve od svog osnivanja 1992. godine, Naturavit ima isti cilj, a to je ponuditi moderan kozmeti\u010dki proizvod koji je u\u010dinkovit i u najve\u0107oj mjeri koristi ono najbolje iz prirode.<\/p>\n<p style=\"text-align: left;\">Proizvodnja prirodnih kozmeti\u010dkih proizvoda zna\u010di upotrebu sastojaka biljnoga podrijetla i odricanje upotrebe svih sinteti\u010dkih sastojaka i aktivnih tvari koje nisu u skladu s prirodnim fiziolo\u0161kim svojstvima ko\u017ee te nisu primjereni za na\u0161 organizam, kao i odricanje upotrebe neaktivnih sastojaka i aditiva koji mogu ugroziti prirodnu ravnote\u017eu na\u0161eg organizma.<\/p>\n<p style=\"text-align: left;\">NATURAVIT S LJUBAVLJU OTKRIVA BOGATSTVO PRIRODE I NUDI GA U OBLIKU PRIRODNIH PROIZVODA.<\/p>\n<div style=\"text-align: center; width: 100%; margin-bottom: 25px; margin-top: 25px;\"><strong>NATURAVIT d.o.o.<\/strong><br>Industrijska cesta 5<br>5000 Nova Gorica<\/div>\n<div style=\"text-align: center; width: 100%; margin-bottom: 25px; margin-top: 25px;\">Telefon: 05 \/ 33 05 459<br>Fax: 05 \/ 33 05 457<\/div>\n<div style=\"text-align: center; width: 100%; margin-bottom: 25px; margin-top: 25px;\">E-mail: <strong>naturavit@siol.net<\/strong><\/div>","protected":false},"excerpt":{"rendered":"<p>U Naturavitu se u potpunosti posve\u0107ujemo prirodnoj kozmetici za njegu cijeloga tijela. Na\u0161 glavni cilj je pomo\u0107i svima da se osje\u0107aju dobro u &#8221;vlastitoj ko\u017ei&#8221;. Kada se osje\u0107amo dobro u svome tijelu, u kontaktu smo sa samim sobom i s drugima! Lice i tijelo su odraz na\u0161eg unutarnjeg duha, zato je svakome od nas vanjski [&hellip;]<\/p>\n","protected":false},"author":16,"featured_media":0,"parent":0,"menu_order":0,"comment_status":"closed","ping_status":"closed","template":"template-fullwidth.php","meta":{"_acf_changed":false,"footnotes":""},"class_list":["post-480","page","type-page","status-publish","hentry","no-thumb"],"acf":[],"yoast_head":"<!-- This site is optimized with the Yoast SEO plugin v24.8.1 - https:\/\/yoast.com\/wordpress\/plugins\/seo\/ -->\n<title>O nama | Naturavit<\/title>\n<meta name=\"robots\" content=\"index, follow, max-snippet:-1, max-image-preview:large, max-video-preview:-1\" \/>\n<link rel=\"canonical\" href=\"https:\/\/naturavit.net\/hr\/o-nama\/\" \/>\n<meta property=\"og:locale\" content=\"hr_HR\" \/>\n<meta property=\"og:type\" content=\"article\" \/>\n<meta property=\"og:title\" content=\"O nama | Naturavit\" \/>\n<meta property=\"og:description\" content=\"U Naturavitu se u potpunosti posve\u0107ujemo prirodnoj kozmetici za njegu cijeloga tijela. Na\u0161 glavni cilj je pomo\u0107i svima da se osje\u0107aju dobro u &#8221;vlastitoj ko\u017ei&#8221;. Kada se osje\u0107amo dobro u svome tijelu, u kontaktu smo sa samim sobom i s drugima! Lice i tijelo su odraz na\u0161eg unutarnjeg duha, zato je svakome od nas vanjski [&hellip;]\" \/>\n<meta property=\"og:url\" content=\"https:\/\/naturavit.net\/hr\/o-nama\/\" \/>\n<meta property=\"og:site_name\" content=\"Naturavit\" \/>\n<meta property=\"article:publisher\" content=\"https:\/\/www.facebook.com\/naturavit\/\" \/>\n<meta property=\"article:modified_time\" content=\"2019-04-11T10:34:24+00:00\" \/>\n<meta property=\"og:image\" content=\"https:\/\/naturavit.net\/wp-content\/uploads\/2021\/03\/NaturavitLifestyle-063.jpg\" \/>\n\t<meta property=\"og:image:width\" content=\"1920\" \/>\n\t<meta property=\"og:image:height\" content=\"1280\" \/>\n\t<meta property=\"og:image:type\" content=\"image\/jpeg\" \/>\n<meta name=\"twitter:card\" content=\"summary_large_image\" \/>\n<meta name=\"twitter:label1\" content=\"Est. reading time\" \/>\n\t<meta name=\"twitter:data1\" content=\"1 minute\" \/>\n<script type=\"application\/ld+json\" class=\"yoast-schema-graph\">{\"@context\":\"https:\/\/schema.org\",\"@graph\":[{\"@type\":\"WebPage\",\"@id\":\"https:\/\/naturavit.net\/hr\/o-nama\/\",\"url\":\"https:\/\/naturavit.net\/hr\/o-nama\/\",\"name\":\"O nama | Naturavit\",\"isPartOf\":{\"@id\":\"https:\/\/naturavit.net\/hr\/#website\"},\"datePublished\":\"2016-05-06T09:22:00+00:00\",\"dateModified\":\"2019-04-11T10:34:24+00:00\",\"breadcrumb\":{\"@id\":\"https:\/\/naturavit.net\/hr\/o-nama\/#breadcrumb\"},\"inLanguage\":\"hr-HR\",\"potentialAction\":[{\"@type\":\"ReadAction\",\"target\":[\"https:\/\/naturavit.net\/hr\/o-nama\/\"]}]},{\"@type\":\"BreadcrumbList\",\"@id\":\"https:\/\/naturavit.net\/hr\/o-nama\/#breadcrumb\",\"itemListElement\":[{\"@type\":\"ListItem\",\"position\":1,\"name\":\"Home\",\"item\":\"https:\/\/naturavit.net\/hr\/\"},{\"@type\":\"ListItem\",\"position\":2,\"name\":\"O nama\"}]},{\"@type\":\"WebSite\",\"@id\":\"https:\/\/naturavit.net\/hr\/#website\",\"url\":\"https:\/\/naturavit.net\/hr\/\",\"name\":\"Naturavit\",\"description\":\"Naravna kozmetika\",\"publisher\":{\"@id\":\"https:\/\/naturavit.net\/hr\/#organization\"},\"potentialAction\":[{\"@type\":\"SearchAction\",\"target\":{\"@type\":\"EntryPoint\",\"urlTemplate\":\"https:\/\/naturavit.net\/hr\/?s={search_term_string}\"},\"query-input\":{\"@type\":\"PropertyValueSpecification\",\"valueRequired\":true,\"valueName\":\"search_term_string\"}}],\"inLanguage\":\"hr-HR\"},{\"@type\":\"Organization\",\"@id\":\"https:\/\/naturavit.net\/hr\/#organization\",\"name\":\"Naturavit\",\"url\":\"https:\/\/naturavit.net\/hr\/\",\"logo\":{\"@type\":\"ImageObject\",\"inLanguage\":\"hr-HR\",\"@id\":\"https:\/\/naturavit.net\/hr\/#\/schema\/logo\/image\/\",\"url\":\"https:\/\/www.naturavit.net\/wp-content\/uploads\/2021\/09\/116564984_3484379328307111_1830779139888479808_o.png\",\"contentUrl\":\"https:\/\/www.naturavit.net\/wp-content\/uploads\/2021\/09\/116564984_3484379328307111_1830779139888479808_o.png\",\"width\":1079,\"height\":1079,\"caption\":\"Naturavit\"},\"image\":{\"@id\":\"https:\/\/naturavit.net\/hr\/#\/schema\/logo\/image\/\"},\"sameAs\":[\"https:\/\/www.facebook.com\/naturavit\/\"]}]}<\/script>\n<!-- \/ Yoast SEO plugin. -->","yoast_head_json":{"title":"O nama | Naturavit","robots":{"index":"index","follow":"follow","max-snippet":"max-snippet:-1","max-image-preview":"max-image-preview:large","max-video-preview":"max-video-preview:-1"},"canonical":"https:\/\/naturavit.net\/hr\/o-nama\/","og_locale":"hr_HR","og_type":"article","og_title":"O nama | Naturavit","og_description":"U Naturavitu se u potpunosti posve\u0107ujemo prirodnoj kozmetici za njegu cijeloga tijela. Na\u0161 glavni cilj je pomo\u0107i svima da se osje\u0107aju dobro u &#8221;vlastitoj ko\u017ei&#8221;. Kada se osje\u0107amo dobro u svome tijelu, u kontaktu smo sa samim sobom i s drugima! Lice i tijelo su odraz na\u0161eg unutarnjeg duha, zato je svakome od nas vanjski [&hellip;]","og_url":"https:\/\/naturavit.net\/hr\/o-nama\/","og_site_name":"Naturavit","article_publisher":"https:\/\/www.facebook.com\/naturavit\/","article_modified_time":"2019-04-11T10:34:24+00:00","og_image":[{"width":1920,"height":1280,"url":"https:\/\/naturavit.net\/wp-content\/uploads\/2021\/03\/NaturavitLifestyle-063.jpg","type":"image\/jpeg"}],"twitter_card":"summary_large_image","twitter_misc":{"Est. reading time":"1 minute"},"schema":{"@context":"https:\/\/schema.org","@graph":[{"@type":"WebPage","@id":"https:\/\/naturavit.net\/hr\/o-nama\/","url":"https:\/\/naturavit.net\/hr\/o-nama\/","name":"O nama | Naturavit","isPartOf":{"@id":"https:\/\/naturavit.net\/hr\/#website"},"datePublished":"2016-05-06T09:22:00+00:00","dateModified":"2019-04-11T10:34:24+00:00","breadcrumb":{"@id":"https:\/\/naturavit.net\/hr\/o-nama\/#breadcrumb"},"inLanguage":"hr-HR","potentialAction":[{"@type":"ReadAction","target":["https:\/\/naturavit.net\/hr\/o-nama\/"]}]},{"@type":"BreadcrumbList","@id":"https:\/\/naturavit.net\/hr\/o-nama\/#breadcrumb","itemListElement":[{"@type":"ListItem","position":1,"name":"Home","item":"https:\/\/naturavit.net\/hr\/"},{"@type":"ListItem","position":2,"name":"O nama"}]},{"@type":"WebSite","@id":"https:\/\/naturavit.net\/hr\/#website","url":"https:\/\/naturavit.net\/hr\/","name":"Naturavit","description":"Naravna kozmetika","publisher":{"@id":"https:\/\/naturavit.net\/hr\/#organization"},"potentialAction":[{"@type":"SearchAction","target":{"@type":"EntryPoint","urlTemplate":"https:\/\/naturavit.net\/hr\/?s={search_term_string}"},"query-input":{"@type":"PropertyValueSpecification","valueRequired":true,"valueName":"search_term_string"}}],"inLanguage":"hr-HR"},{"@type":"Organization","@id":"https:\/\/naturavit.net\/hr\/#organization","name":"Naturavit","url":"https:\/\/naturavit.net\/hr\/","logo":{"@type":"ImageObject","inLanguage":"hr-HR","@id":"https:\/\/naturavit.net\/hr\/#\/schema\/logo\/image\/","url":"https:\/\/www.naturavit.net\/wp-content\/uploads\/2021\/09\/116564984_3484379328307111_1830779139888479808_o.png","contentUrl":"https:\/\/www.naturavit.net\/wp-content\/uploads\/2021\/09\/116564984_3484379328307111_1830779139888479808_o.png","width":1079,"height":1079,"caption":"Naturavit"},"image":{"@id":"https:\/\/naturavit.net\/hr\/#\/schema\/logo\/image\/"},"sameAs":["https:\/\/www.facebook.com\/naturavit\/"]}]}},"_links":{"self":[{"href":"https:\/\/naturavit.net\/hr\/wp-json\/wp\/v2\/pages\/480","targetHints":{"allow":["GET"]}}],"collection":[{"href":"https:\/\/naturavit.net\/hr\/wp-json\/wp\/v2\/pages"}],"about":[{"href":"https:\/\/naturavit.net\/hr\/wp-json\/wp\/v2\/types\/page"}],"author":[{"embeddable":true,"href":"https:\/\/naturavit.net\/hr\/wp-json\/wp\/v2\/users\/16"}],"replies":[{"embeddable":true,"href":"https:\/\/naturavit.net\/hr\/wp-json\/wp\/v2\/comments?post=480"}],"version-history":[{"count":0,"href":"https:\/\/naturavit.net\/hr\/wp-json\/wp\/v2\/pages\/480\/revisions"}],"wp:attachment":[{"href":"https:\/\/naturavit.net\/hr\/wp-json\/wp\/v2\/media?parent=480"}],"curies":[{"name":"wp","href":"https:\/\/api.w.org\/{rel}","templated":true}]}}