{"id":31013,"date":"2020-12-01T13:51:22","date_gmt":"2021-03-25T11:16:08","guid":{"rendered":"https:\/\/naturavit.net\/product\/set-za-masnu-kosu\/"},"modified":"2026-01-15T13:46:47","modified_gmt":"2026-01-15T12:46:47","slug":"set-za-masnu-kosu","status":"publish","type":"product","link":"https:\/\/naturavit.net\/hr\/product\/set-za-masnu-kosu\/","title":{"rendered":"Set za masnu kosu"},"content":{"rendered":"<p>[vc_row][vc_column][vc_empty_space height=&#8221;60px&#8221;][\/vc_column][\/vc_row][vc_row][vc_column width=&#8221;1\/2&#8243;][vc_column_text]<\/p>\n<h4>Krem \u0161ampon za masnu kosu<\/h4>\n<p><span class=\"VIiyi\" lang=\"hr\"><span class=\"JLqJ4b ChMk0b\" data-language-for-alternatives=\"hr\" data-language-to-translate-into=\"sl\" data-phrase-index=\"0\">Krem \u0161ampon je izuzetno nje\u017ean i pru\u017ea dovoljnu koli\u010dinu hidratacije s kremastom pjenom.<\/span> <span class=\"JLqJ4b ChMk0b\" data-language-for-alternatives=\"hr\" data-language-to-translate-into=\"sl\" data-phrase-index=\"1\">Uz pomo\u0107 esencijalnih ulja ri\u017ee, limuna, \u010dajevca, peperminta i kadulje regulira djelovanje lojnih \u017elijezda.<\/span><\/span>[\/vc_column_text][vc_empty_space]<style type=\"text\/css\">@media( max-width: 1024px ) {.supro-button__1 { text-align : left !important; }}\n@media( max-width: 767px ) {.supro-button__1 { text-align : left !important; }}<\/style><div class=\"supro-button text-left color-dark flat supro-button__1  \"><a class=\"supro-link\" href=\"https:\/\/www.naturavit.net\/zakaj-izbrati-kakovostne-nezne-izdelke-za-lase\/\" title=\"Ve\u010d o izdelkih Naturavit\">Ve\u010d o izdelkih Naturavit<\/a><\/div>[\/vc_column][\/vc_row][vc_row][vc_column width=&#8221;1\/2&#8243;][vc_empty_space height=&#8221;28&#8243;][vc_column_text]<\/p>\n<h4>Piling \u0161ampon za<span class=\"VIiyi\" lang=\"hr\"><span class=\"JLqJ4b ChMk0b\" data-language-for-alternatives=\"hr\" data-language-to-translate-into=\"sl\" data-phrase-index=\"0\"> \u010di\u0161\u0107enje vlasi\u0161ta<\/span><\/span><\/h4>\n<p><span class=\"VIiyi\" lang=\"hr\"><span class=\"JLqJ4b ChMk0b\" data-language-for-alternatives=\"hr\" data-language-to-translate-into=\"sl\" data-phrase-index=\"2\">Piling \u0161ampon pru\u017ea temeljito \u010di\u0161\u0107enje vlasi\u0161ta i kose.<\/span> <span class=\"JLqJ4b ChMk0b\" data-language-for-alternatives=\"hr\" data-language-to-translate-into=\"sl\" data-phrase-index=\"3\">Nje\u017eni perlit vulkanske stijene uklanja mrtve stanice i pobolj\u0161ava cirkulaciju, dok dodatak konoplje i mente osvje\u017eava i ja\u010da kosu i vlasi\u0161te.<\/span> <span class=\"JLqJ4b ChMk0b\" data-language-for-alternatives=\"hr\" data-language-to-translate-into=\"sl\" data-phrase-index=\"4\">Uz nje\u017ene prirodne \u0161ampone pogodne za va\u0161 tip kose, dva puta tjedno koristite Piling koji \u0107e br\u017ee ukloniti va\u0161e probleme.<\/span> <span class=\"JLqJ4b ChMk0b\" data-language-for-alternatives=\"hr\" data-language-to-translate-into=\"sl\" data-phrase-index=\"5\">Piling \u0161ampon lagano, ali dobro umasirajte u vlasi\u0161te.<\/span> <span class=\"JLqJ4b ChMk0b\" data-language-for-alternatives=\"hr\" data-language-to-translate-into=\"sl\" data-phrase-index=\"6\">Uvijek koristite mlaku vodu.<\/span> <span class=\"JLqJ4b ChMk0b\" data-language-for-alternatives=\"hr\" data-language-to-translate-into=\"sl\" data-phrase-index=\"7\">Vrlo je va\u017eno da \u0161ampon do\u0111e do vlasi\u0161ta.<\/span> <span class=\"JLqJ4b ChMk0b\" data-language-for-alternatives=\"hr\" data-language-to-translate-into=\"sl\" data-phrase-index=\"8\">Nakon upotrebe Naturavit Piling \u0161ampona, nije potrebno koristiti \u0161ampon za kosu jer je njegova baza nje\u017eni, hidratantni \u0161ampon za kosu.<\/span><\/span>[\/vc_column_text][vc_empty_space]<style type=\"text\/css\">@media( max-width: 1024px ) {.supro-button__2 { text-align : left !important; }}\n@media( max-width: 767px ) {.supro-button__2 { text-align : left !important; }}<\/style><div class=\"supro-button text-left color-dark flat supro-button__2  \"><a class=\"supro-link\" href=\"https:\/\/www.naturavit.net\/%ef%bb%bfpravilna-nega-lasisca-predstavlja-temelj-za-zdrave-in-lepe-lase\/\" title=\"Ve\u010d o Pilingu za lasi\u0161\u010de\">Ve\u010d o Pilingu za lasi\u0161\u010de<\/a><\/div>[\/vc_column][\/vc_row][vc_row][vc_column][vc_empty_space height=&#8221;100&#8243;][\/vc_column][\/vc_row]<\/p>\n","protected":false},"excerpt":{"rendered":"<p><strong>Sve za potpunu njegu masnog vlasi\u0161ta. <\/strong><\/p>\n<p>Set za masnu kosu sadr\u017ei sve \u0161to vam je potrebno za u\u010dinkovitu borbu protiv masnog vlasi\u0161ta i brzo podmazivanje kose. Paket uklju\u010duje Naturavit Krem \u200b\u200b\u0161ampon za masnu kosu i Naturavit Piling za \u010di\u0161\u0107enje vlasi\u0161ta.<\/p>\n<p><strong>250 ml, 150 ml<\/strong><\/p>\n<p>&nbsp;<\/p>\n","protected":false},"featured_media":29276,"comment_status":"open","ping_status":"closed","template":"","meta":{"_acf_changed":false},"product_brand":[],"product_cat":[110,46],"product_tag":[],"class_list":{"0":"post-31013","1":"product","2":"type-product","3":"status-publish","4":"has-post-thumbnail","6":"product_cat-njega","7":"product_cat-njega-kose","8":"","10":"first","11":"instock","12":"taxable","13":"shipping-taxable","14":"purchasable","15":"product-type-simple"},"acf":[],"yoast_head":"<!-- This site is optimized with the Yoast SEO plugin v24.8.1 - https:\/\/yoast.com\/wordpress\/plugins\/seo\/ -->\n<title>Set za masnu kosu | Naturavit<\/title>\n<meta name=\"description\" content=\"Set za masnu kosu sadr\u017ei sve \u0161to vam je potrebno za u\u010dinkovitu borbu protiv masnog vlasi\u0161ta i brzo podmazivanje kose. Paket uklju\u010duje Naturavit Krem \u200b\u200b\u0161ampon za masnu kosu i Naturavit Piling za \u010di\u0161\u0107enje vlasi\u0161ta.\" \/>\n<meta name=\"robots\" content=\"index, follow, max-snippet:-1, max-image-preview:large, max-video-preview:-1\" \/>\n<link rel=\"canonical\" href=\"https:\/\/naturavit.net\/izdelek\/set-za-mastne-lase\/\" \/>\n<meta property=\"og:locale\" content=\"hr_HR\" \/>\n<meta property=\"og:type\" content=\"article\" \/>\n<meta property=\"og:title\" content=\"Set za masnu kosu | Naturavit\" \/>\n<meta property=\"og:description\" content=\"Set za masnu kosu sadr\u017ei sve \u0161to vam je potrebno za u\u010dinkovitu borbu protiv masnog vlasi\u0161ta i brzo podmazivanje kose. Paket uklju\u010duje Naturavit Krem \u200b\u200b\u0161ampon za masnu kosu i Naturavit Piling za \u010di\u0161\u0107enje vlasi\u0161ta.\" \/>\n<meta property=\"og:url\" content=\"https:\/\/naturavit.net\/izdelek\/set-za-mastne-lase\/\" \/>\n<meta property=\"og:site_name\" content=\"Naturavit\" \/>\n<meta property=\"article:publisher\" content=\"https:\/\/www.facebook.com\/naturavit\/\" \/>\n<meta property=\"article:modified_time\" content=\"2026-01-15T12:46:47+00:00\" \/>\n<meta property=\"og:image\" content=\"https:\/\/naturavit.net\/wp-content\/uploads\/2020\/12\/Paket-za-mastne-lase.jpg\" \/>\n\t<meta property=\"og:image:width\" content=\"1200\" \/>\n\t<meta property=\"og:image:height\" content=\"1200\" \/>\n\t<meta property=\"og:image:type\" content=\"image\/jpeg\" \/>\n<meta name=\"twitter:card\" content=\"summary_large_image\" \/>\n<meta name=\"twitter:label1\" content=\"Est. reading time\" \/>\n\t<meta name=\"twitter:data1\" content=\"1 minute\" \/>\n<script type=\"application\/ld+json\" class=\"yoast-schema-graph\">{\"@context\":\"https:\/\/schema.org\",\"@graph\":[{\"@type\":\"WebPage\",\"@id\":\"https:\/\/naturavit.net\/izdelek\/set-za-mastne-lase\/\",\"url\":\"https:\/\/naturavit.net\/izdelek\/set-za-mastne-lase\/\",\"name\":\"Set za masnu kosu | Naturavit\",\"isPartOf\":{\"@id\":\"https:\/\/naturavit.net\/#website\"},\"primaryImageOfPage\":{\"@id\":\"https:\/\/naturavit.net\/izdelek\/set-za-mastne-lase\/#primaryimage\"},\"image\":{\"@id\":\"https:\/\/naturavit.net\/izdelek\/set-za-mastne-lase\/#primaryimage\"},\"thumbnailUrl\":\"https:\/\/naturavit.net\/wp-content\/uploads\/2020\/12\/Paket-za-mastne-lase.jpg\",\"datePublished\":\"2021-03-25T11:16:08+00:00\",\"dateModified\":\"2026-01-15T12:46:47+00:00\",\"description\":\"Set za masnu kosu sadr\u017ei sve \u0161to vam je potrebno za u\u010dinkovitu borbu protiv masnog vlasi\u0161ta i brzo podmazivanje kose. Paket uklju\u010duje Naturavit Krem \u200b\u200b\u0161ampon za masnu kosu i Naturavit Piling za \u010di\u0161\u0107enje vlasi\u0161ta.\",\"breadcrumb\":{\"@id\":\"https:\/\/naturavit.net\/izdelek\/set-za-mastne-lase\/#breadcrumb\"},\"inLanguage\":\"hr-HR\",\"potentialAction\":[{\"@type\":\"ReadAction\",\"target\":[\"https:\/\/naturavit.net\/izdelek\/set-za-mastne-lase\/\"]}]},{\"@type\":\"ImageObject\",\"inLanguage\":\"hr-HR\",\"@id\":\"https:\/\/naturavit.net\/izdelek\/set-za-mastne-lase\/#primaryimage\",\"url\":\"https:\/\/naturavit.net\/wp-content\/uploads\/2020\/12\/Paket-za-mastne-lase.jpg\",\"contentUrl\":\"https:\/\/naturavit.net\/wp-content\/uploads\/2020\/12\/Paket-za-mastne-lase.jpg\",\"width\":1200,\"height\":1200},{\"@type\":\"BreadcrumbList\",\"@id\":\"https:\/\/naturavit.net\/izdelek\/set-za-mastne-lase\/#breadcrumb\",\"itemListElement\":[{\"@type\":\"ListItem\",\"position\":1,\"name\":\"Home\",\"item\":\"https:\/\/naturavit.net\/hr\/\"},{\"@type\":\"ListItem\",\"position\":2,\"name\":\"Trgovina\",\"item\":\"https:\/\/naturavit.net\/hr\/trgovina\/\"},{\"@type\":\"ListItem\",\"position\":3,\"name\":\"Nega las\",\"item\":\"https:\/\/naturavit.net\/product-category\/nega\/\"},{\"@type\":\"ListItem\",\"position\":4,\"name\":\"Set za masnu kosu\"}]},{\"@type\":\"WebSite\",\"@id\":\"https:\/\/naturavit.net\/#website\",\"url\":\"https:\/\/naturavit.net\/\",\"name\":\"Naturavit\",\"description\":\"Naravna kozmetika\",\"publisher\":{\"@id\":\"https:\/\/naturavit.net\/#organization\"},\"potentialAction\":[{\"@type\":\"SearchAction\",\"target\":{\"@type\":\"EntryPoint\",\"urlTemplate\":\"https:\/\/naturavit.net\/?s={search_term_string}\"},\"query-input\":{\"@type\":\"PropertyValueSpecification\",\"valueRequired\":true,\"valueName\":\"search_term_string\"}}],\"inLanguage\":\"hr-HR\"},{\"@type\":\"Organization\",\"@id\":\"https:\/\/naturavit.net\/#organization\",\"name\":\"Naturavit\",\"url\":\"https:\/\/naturavit.net\/\",\"logo\":{\"@type\":\"ImageObject\",\"inLanguage\":\"hr-HR\",\"@id\":\"https:\/\/naturavit.net\/#\/schema\/logo\/image\/\",\"url\":\"https:\/\/www.naturavit.net\/wp-content\/uploads\/2021\/09\/116564984_3484379328307111_1830779139888479808_o.png\",\"contentUrl\":\"https:\/\/www.naturavit.net\/wp-content\/uploads\/2021\/09\/116564984_3484379328307111_1830779139888479808_o.png\",\"width\":1079,\"height\":1079,\"caption\":\"Naturavit\"},\"image\":{\"@id\":\"https:\/\/naturavit.net\/#\/schema\/logo\/image\/\"},\"sameAs\":[\"https:\/\/www.facebook.com\/naturavit\/\"]}]}<\/script>\n<!-- \/ Yoast SEO plugin. -->","yoast_head_json":{"title":"Set za masnu kosu | Naturavit","description":"Set za masnu kosu sadr\u017ei sve \u0161to vam je potrebno za u\u010dinkovitu borbu protiv masnog vlasi\u0161ta i brzo podmazivanje kose. Paket uklju\u010duje Naturavit Krem \u200b\u200b\u0161ampon za masnu kosu i Naturavit Piling za \u010di\u0161\u0107enje vlasi\u0161ta.","robots":{"index":"index","follow":"follow","max-snippet":"max-snippet:-1","max-image-preview":"max-image-preview:large","max-video-preview":"max-video-preview:-1"},"canonical":"https:\/\/naturavit.net\/izdelek\/set-za-mastne-lase\/","og_locale":"hr_HR","og_type":"article","og_title":"Set za masnu kosu | Naturavit","og_description":"Set za masnu kosu sadr\u017ei sve \u0161to vam je potrebno za u\u010dinkovitu borbu protiv masnog vlasi\u0161ta i brzo podmazivanje kose. Paket uklju\u010duje Naturavit Krem \u200b\u200b\u0161ampon za masnu kosu i Naturavit Piling za \u010di\u0161\u0107enje vlasi\u0161ta.","og_url":"https:\/\/naturavit.net\/izdelek\/set-za-mastne-lase\/","og_site_name":"Naturavit","article_publisher":"https:\/\/www.facebook.com\/naturavit\/","article_modified_time":"2026-01-15T12:46:47+00:00","og_image":[{"width":1200,"height":1200,"url":"https:\/\/naturavit.net\/wp-content\/uploads\/2020\/12\/Paket-za-mastne-lase.jpg","type":"image\/jpeg"}],"twitter_card":"summary_large_image","twitter_misc":{"Est. reading time":"1 minute"},"schema":{"@context":"https:\/\/schema.org","@graph":[{"@type":"WebPage","@id":"https:\/\/naturavit.net\/izdelek\/set-za-mastne-lase\/","url":"https:\/\/naturavit.net\/izdelek\/set-za-mastne-lase\/","name":"Set za masnu kosu | Naturavit","isPartOf":{"@id":"https:\/\/naturavit.net\/#website"},"primaryImageOfPage":{"@id":"https:\/\/naturavit.net\/izdelek\/set-za-mastne-lase\/#primaryimage"},"image":{"@id":"https:\/\/naturavit.net\/izdelek\/set-za-mastne-lase\/#primaryimage"},"thumbnailUrl":"https:\/\/naturavit.net\/wp-content\/uploads\/2020\/12\/Paket-za-mastne-lase.jpg","datePublished":"2021-03-25T11:16:08+00:00","dateModified":"2026-01-15T12:46:47+00:00","description":"Set za masnu kosu sadr\u017ei sve \u0161to vam je potrebno za u\u010dinkovitu borbu protiv masnog vlasi\u0161ta i brzo podmazivanje kose. Paket uklju\u010duje Naturavit Krem \u200b\u200b\u0161ampon za masnu kosu i Naturavit Piling za \u010di\u0161\u0107enje vlasi\u0161ta.","breadcrumb":{"@id":"https:\/\/naturavit.net\/izdelek\/set-za-mastne-lase\/#breadcrumb"},"inLanguage":"hr-HR","potentialAction":[{"@type":"ReadAction","target":["https:\/\/naturavit.net\/izdelek\/set-za-mastne-lase\/"]}]},{"@type":"ImageObject","inLanguage":"hr-HR","@id":"https:\/\/naturavit.net\/izdelek\/set-za-mastne-lase\/#primaryimage","url":"https:\/\/naturavit.net\/wp-content\/uploads\/2020\/12\/Paket-za-mastne-lase.jpg","contentUrl":"https:\/\/naturavit.net\/wp-content\/uploads\/2020\/12\/Paket-za-mastne-lase.jpg","width":1200,"height":1200},{"@type":"BreadcrumbList","@id":"https:\/\/naturavit.net\/izdelek\/set-za-mastne-lase\/#breadcrumb","itemListElement":[{"@type":"ListItem","position":1,"name":"Home","item":"https:\/\/naturavit.net\/hr\/"},{"@type":"ListItem","position":2,"name":"Trgovina","item":"https:\/\/naturavit.net\/hr\/trgovina\/"},{"@type":"ListItem","position":3,"name":"Nega las","item":"https:\/\/naturavit.net\/product-category\/nega\/"},{"@type":"ListItem","position":4,"name":"Set za masnu kosu"}]},{"@type":"WebSite","@id":"https:\/\/naturavit.net\/#website","url":"https:\/\/naturavit.net\/","name":"Naturavit","description":"Naravna kozmetika","publisher":{"@id":"https:\/\/naturavit.net\/#organization"},"potentialAction":[{"@type":"SearchAction","target":{"@type":"EntryPoint","urlTemplate":"https:\/\/naturavit.net\/?s={search_term_string}"},"query-input":{"@type":"PropertyValueSpecification","valueRequired":true,"valueName":"search_term_string"}}],"inLanguage":"hr-HR"},{"@type":"Organization","@id":"https:\/\/naturavit.net\/#organization","name":"Naturavit","url":"https:\/\/naturavit.net\/","logo":{"@type":"ImageObject","inLanguage":"hr-HR","@id":"https:\/\/naturavit.net\/#\/schema\/logo\/image\/","url":"https:\/\/www.naturavit.net\/wp-content\/uploads\/2021\/09\/116564984_3484379328307111_1830779139888479808_o.png","contentUrl":"https:\/\/www.naturavit.net\/wp-content\/uploads\/2021\/09\/116564984_3484379328307111_1830779139888479808_o.png","width":1079,"height":1079,"caption":"Naturavit"},"image":{"@id":"https:\/\/naturavit.net\/#\/schema\/logo\/image\/"},"sameAs":["https:\/\/www.facebook.com\/naturavit\/"]}]}},"_links":{"self":[{"href":"https:\/\/naturavit.net\/hr\/wp-json\/wp\/v2\/product\/31013","targetHints":{"allow":["GET"]}}],"collection":[{"href":"https:\/\/naturavit.net\/hr\/wp-json\/wp\/v2\/product"}],"about":[{"href":"https:\/\/naturavit.net\/hr\/wp-json\/wp\/v2\/types\/product"}],"replies":[{"embeddable":true,"href":"https:\/\/naturavit.net\/hr\/wp-json\/wp\/v2\/comments?post=31013"}],"wp:featuredmedia":[{"embeddable":true,"href":"https:\/\/naturavit.net\/hr\/wp-json\/wp\/v2\/media\/29276"}],"wp:attachment":[{"href":"https:\/\/naturavit.net\/hr\/wp-json\/wp\/v2\/media?parent=31013"}],"wp:term":[{"taxonomy":"product_brand","embeddable":true,"href":"https:\/\/naturavit.net\/hr\/wp-json\/wp\/v2\/product_brand?post=31013"},{"taxonomy":"product_cat","embeddable":true,"href":"https:\/\/naturavit.net\/hr\/wp-json\/wp\/v2\/product_cat?post=31013"},{"taxonomy":"product_tag","embeddable":true,"href":"https:\/\/naturavit.net\/hr\/wp-json\/wp\/v2\/product_tag?post=31013"}],"curies":[{"name":"wp","href":"https:\/\/api.w.org\/{rel}","templated":true}]}}