{"id":31015,"date":"2020-12-01T09:43:28","date_gmt":"2021-03-25T12:32:07","guid":{"rendered":"https:\/\/naturavit.net\/product\/set-protiv-gubitka-kose\/"},"modified":"2026-01-15T13:46:47","modified_gmt":"2026-01-15T12:46:47","slug":"set-protiv-ispadanja-kose","status":"publish","type":"product","link":"https:\/\/naturavit.net\/hr\/product\/set-protiv-ispadanja-kose\/","title":{"rendered":"Set protiv ispadanja kose"},"content":{"rendered":"<p>[vc_row][vc_column][vc_empty_space height=&#8221;60px&#8221;][\/vc_column][\/vc_row][vc_row][vc_column width=&#8221;1\/2&#8243;][vc_column_text]<\/p>\n<h4><span class=\"VIiyi\" lang=\"hr\"><span class=\"JLqJ4b ChMk0b\" data-language-for-alternatives=\"hr\" data-language-to-translate-into=\"sl\" data-phrase-index=\"0\">\u0160ampon protiv ispadanja kose<\/span><\/span><\/h4>\n<p><span class=\"VIiyi\" lang=\"hr\"><span class=\"JLqJ4b ChMk0b\" data-language-for-alternatives=\"hr\" data-language-to-translate-into=\"sl\" data-phrase-index=\"0\">\u0160ampon protiv ispadanja kose nje\u017ean je, ali vrlo u\u010dinkovit u borbi protiv gubitka kose.<\/span> <span class=\"JLqJ4b ChMk0b\" data-language-for-alternatives=\"hr\" data-language-to-translate-into=\"sl\" data-phrase-index=\"1\">Uz pomo\u0107 biljnog ekstrakta grma palme i esencijalnih ulja pru\u017ea postupak obnove kose.<\/span> <span class=\"JLqJ4b ChMk0b\" data-language-for-alternatives=\"hr\" data-language-to-translate-into=\"sl\" data-phrase-index=\"2\">Inhibira razvoj mikroorganizama na nadra\u017eenom vlasi\u0161tu i ja\u010da folikule kosa.<\/span><\/span>[\/vc_column_text][vc_empty_space]<style type=\"text\/css\">@media( max-width: 1024px ) {.supro-button__1 { text-align : left !important; }}\n@media( max-width: 767px ) {.supro-button__1 { text-align : left !important; }}<\/style><div class=\"supro-button text-left color-dark flat supro-button__1  \"><a class=\"supro-link\" href=\"https:\/\/www.naturavit.net\/tudi-vam-v-jesenskem-casu-izdatno-izpadajo-lasje-imamo-nezno-resitev-za-vas\/\" title=\"Ve\u010d o \u0160amponu proti izpadanju\">Ve\u010d o \u0160amponu proti izpadanju<\/a><\/div>[\/vc_column][\/vc_row][vc_row][vc_column width=&#8221;1\/2&#8243;][vc_column_text]<\/p>\n<h4><span class=\"VIiyi\" lang=\"hr\"><span class=\"JLqJ4b ChMk0b\" data-language-for-alternatives=\"hr\" data-language-to-translate-into=\"sl\" data-phrase-index=\"0\">Regenerator protiv ispadanja kose<\/span><\/span><\/h4>\n<p><span class=\"VIiyi\" lang=\"hr\"><span class=\"JLqJ4b ChMk0b\" data-language-for-alternatives=\"hr\" data-language-to-translate-into=\"sl\" data-phrase-index=\"0\">Regenerator protiv ispadanja kose je proizvod koji koristite bez ispiranja.<\/span> <span class=\"JLqJ4b ChMk0b\" data-language-for-alternatives=\"hr\" data-language-to-translate-into=\"sl\" data-phrase-index=\"1\">Smanjuje lomljenje lomljive, nje\u017ene i tanke kose.<\/span> <span class=\"JLqJ4b ChMk0b\" data-language-for-alternatives=\"hr\" data-language-to-translate-into=\"sl\" data-phrase-index=\"2\">Vra\u0107a prirodan i zdrav izgled kose i regulira pH.<\/span> <span class=\"JLqJ4b ChMk0b\" data-language-for-alternatives=\"hr\" data-language-to-translate-into=\"sl\" data-phrase-index=\"3\">Regenerator sadr\u017ei biljne ekstrakte p\u0161eni\u010dnih klica, ekstrakt naran\u010de, limun i vitamin E. Sadr\u017ei aktivne tvari mnogih biljnih ekstrakata koji djeluju hranjivo i hidratantno.<\/span> <span class=\"JLqJ4b ChMk0b\" data-language-for-alternatives=\"hr\" data-language-to-translate-into=\"sl\" data-phrase-index=\"4\">Nanesite dovoljnu koli\u010dinu regeneratora na suho ili vla\u017eno vlasi\u0161te.<\/span> <span class=\"JLqJ4b ChMk0b\" data-language-for-alternatives=\"hr\" data-language-to-translate-into=\"sl\" data-phrase-index=\"5\">Aktivno masirajte nekoliko minuta.<\/span> <span class=\"JLqJ4b ChMk0b\" data-language-for-alternatives=\"hr\" data-language-to-translate-into=\"sl\" data-phrase-index=\"6\">Ne ispirajte regenerator.<\/span> <span class=\"JLqJ4b ChMk0b\" data-language-for-alternatives=\"hr\" data-language-to-translate-into=\"sl\" data-phrase-index=\"7\">Mo\u017eete ga koristiti svaki dan.<\/span><\/span>[\/vc_column_text][vc_empty_space]<style type=\"text\/css\">@media( max-width: 1024px ) {.supro-button__2 { text-align : left !important; }}\n@media( max-width: 767px ) {.supro-button__2 { text-align : left !important; }}<\/style><div class=\"supro-button text-left color-dark flat supro-button__2  \"><a class=\"supro-link\" href=\"https:\/\/www.naturavit.net\/zakaj-izbrati-kakovostne-nezne-izdelke-za-lase\/\" title=\"Ve\u010d o izdelkih Naturavit\">Ve\u010d o izdelkih Naturavit<\/a><\/div>[\/vc_column][vc_column width=&#8221;1\/2&#8243;][vc_empty_space height=&#8221;28&#8243;][vc_column_text]<\/p>\n<h4>Piling \u0161ampon za<span class=\"VIiyi\" lang=\"hr\"><span class=\"JLqJ4b ChMk0b\" data-language-for-alternatives=\"hr\" data-language-to-translate-into=\"sl\" data-phrase-index=\"0\"> \u010di\u0161\u0107enje vlasi\u0161ta<\/span><\/span><\/h4>\n<p><span class=\"VIiyi\" lang=\"hr\"><span class=\"JLqJ4b ChMk0b\" data-language-for-alternatives=\"hr\" data-language-to-translate-into=\"sl\" data-phrase-index=\"2\">Piling \u0161ampon pru\u017ea temeljito \u010di\u0161\u0107enje vlasi\u0161ta i kose.<\/span> <span class=\"JLqJ4b ChMk0b\" data-language-for-alternatives=\"hr\" data-language-to-translate-into=\"sl\" data-phrase-index=\"3\">Nje\u017eni perlit vulkanske stijene uklanja mrtve stanice i pobolj\u0161ava cirkulaciju, dok dodatak konoplje i mente osvje\u017eava i ja\u010da kosu i vlasi\u0161te.<\/span> <span class=\"JLqJ4b ChMk0b\" data-language-for-alternatives=\"hr\" data-language-to-translate-into=\"sl\" data-phrase-index=\"4\">Uz nje\u017ene prirodne \u0161ampone pogodne za va\u0161 tip kose, dva puta tjedno koristite Piling koji \u0107e br\u017ee ukloniti va\u0161e probleme.<\/span> <span class=\"JLqJ4b ChMk0b\" data-language-for-alternatives=\"hr\" data-language-to-translate-into=\"sl\" data-phrase-index=\"5\">Piling \u0161ampon lagano, ali dobro umasirajte u vlasi\u0161te.<\/span> <span class=\"JLqJ4b ChMk0b\" data-language-for-alternatives=\"hr\" data-language-to-translate-into=\"sl\" data-phrase-index=\"6\">Uvijek koristite mlaku vodu.<\/span> <span class=\"JLqJ4b ChMk0b\" data-language-for-alternatives=\"hr\" data-language-to-translate-into=\"sl\" data-phrase-index=\"7\">Vrlo je va\u017eno da \u0161ampon do\u0111e do vlasi\u0161ta.<\/span> <span class=\"JLqJ4b ChMk0b\" data-language-for-alternatives=\"hr\" data-language-to-translate-into=\"sl\" data-phrase-index=\"8\">Nakon upotrebe Naturavit Piling \u0161ampona, nije potrebno koristiti \u0161ampon za kosu jer je njegova baza nje\u017eni, hidratantni \u0161ampon za kosu.<\/span><\/span>[\/vc_column_text][vc_empty_space]<style type=\"text\/css\">@media( max-width: 1024px ) {.supro-button__3 { text-align : left !important; }}\n@media( max-width: 767px ) {.supro-button__3 { text-align : left !important; }}<\/style><div class=\"supro-button text-left color-dark flat supro-button__3  \"><a class=\"supro-link\" href=\"https:\/\/www.naturavit.net\/%ef%bb%bfpravilna-nega-lasisca-predstavlja-temelj-za-zdrave-in-lepe-lase\/\" title=\"Ve\u010d o Pilingu za lasi\u0161\u010de\">Ve\u010d o Pilingu za lasi\u0161\u010de<\/a><\/div>[\/vc_column][\/vc_row][vc_row][vc_column][vc_empty_space height=&#8221;100&#8243;][\/vc_column][\/vc_row]<\/p>\n","protected":false},"excerpt":{"rendered":"<p><strong>Sve za cjelovitu njegu protiv ispadanja i stanjivanja kose. <\/strong><\/p>\n<p>Set protiv ispadanja kose sadr\u017ei sve \u0161to vam je potrebno za u\u010dinkovitu borbu protiv svih oblika stanjivanja kose. Paket uklju\u010duje Naturavit \u0161ampon protiv ispadanja kose, Naturavit Regenerator protiv ispadanja kose i Naturavit Piling \u0161ampon za \u010di\u0161\u0107enje vlasi\u0161ta.<\/p>\n<p><strong>250 ml<\/strong>, <strong>150 ml<\/strong>, <strong>150 ml<\/strong><\/p>\n<p>&nbsp;<\/p>\n","protected":false},"featured_media":29258,"comment_status":"open","ping_status":"closed","template":"","meta":{"_acf_changed":false},"product_brand":[],"product_cat":[110,46],"product_tag":[],"class_list":{"0":"post-31015","1":"product","2":"type-product","3":"status-publish","4":"has-post-thumbnail","6":"product_cat-njega","7":"product_cat-njega-kose","8":"","10":"first","11":"outofstock","12":"featured","13":"taxable","14":"shipping-taxable","15":"purchasable","16":"product-type-simple"},"acf":[],"yoast_head":"<!-- This site is optimized with the Yoast SEO plugin v24.8.1 - https:\/\/yoast.com\/wordpress\/plugins\/seo\/ -->\n<title>Set protiv ispadanja kose | Naturavit<\/title>\n<meta name=\"description\" content=\"Set protiv ispadanja kose sadr\u017ei sve \u0161to vam je potrebno za u\u010dinkovitu borbu protiv svih oblika stanjivanja kose. Paket uklju\u010duje Naturavit \u0161ampon protiv ispadanja kose, Naturavit Regenerator protiv ispadanja kose i Naturavit Piling \u0161ampon za \u010di\u0161\u0107enje vlasi\u0161ta.\" \/>\n<meta name=\"robots\" content=\"index, follow, max-snippet:-1, max-image-preview:large, max-video-preview:-1\" \/>\n<link rel=\"canonical\" href=\"https:\/\/naturavit.net\/izdelek\/set-proti-izpadanju-las\/\" \/>\n<meta property=\"og:locale\" content=\"hr_HR\" \/>\n<meta property=\"og:type\" content=\"article\" \/>\n<meta property=\"og:title\" content=\"Set protiv ispadanja kose | Naturavit\" \/>\n<meta property=\"og:description\" content=\"Set protiv ispadanja kose sadr\u017ei sve \u0161to vam je potrebno za u\u010dinkovitu borbu protiv svih oblika stanjivanja kose. Paket uklju\u010duje Naturavit \u0161ampon protiv ispadanja kose, Naturavit Regenerator protiv ispadanja kose i Naturavit Piling \u0161ampon za \u010di\u0161\u0107enje vlasi\u0161ta.\" \/>\n<meta property=\"og:url\" content=\"https:\/\/naturavit.net\/izdelek\/set-proti-izpadanju-las\/\" \/>\n<meta property=\"og:site_name\" content=\"Naturavit\" \/>\n<meta property=\"article:publisher\" content=\"https:\/\/www.facebook.com\/naturavit\/\" \/>\n<meta property=\"article:modified_time\" content=\"2026-01-15T12:46:47+00:00\" \/>\n<meta property=\"og:image\" content=\"https:\/\/naturavit.net\/wp-content\/uploads\/2020\/12\/Paket-izpadanje-las.jpg\" \/>\n\t<meta property=\"og:image:width\" content=\"1200\" \/>\n\t<meta property=\"og:image:height\" content=\"1200\" \/>\n\t<meta property=\"og:image:type\" content=\"image\/jpeg\" \/>\n<meta name=\"twitter:card\" content=\"summary_large_image\" \/>\n<meta name=\"twitter:label1\" content=\"Est. reading time\" \/>\n\t<meta name=\"twitter:data1\" content=\"2 minutes\" \/>\n<script type=\"application\/ld+json\" class=\"yoast-schema-graph\">{\"@context\":\"https:\/\/schema.org\",\"@graph\":[{\"@type\":\"WebPage\",\"@id\":\"https:\/\/naturavit.net\/izdelek\/set-proti-izpadanju-las\/\",\"url\":\"https:\/\/naturavit.net\/izdelek\/set-proti-izpadanju-las\/\",\"name\":\"Set protiv ispadanja kose | Naturavit\",\"isPartOf\":{\"@id\":\"https:\/\/naturavit.net\/#website\"},\"primaryImageOfPage\":{\"@id\":\"https:\/\/naturavit.net\/izdelek\/set-proti-izpadanju-las\/#primaryimage\"},\"image\":{\"@id\":\"https:\/\/naturavit.net\/izdelek\/set-proti-izpadanju-las\/#primaryimage\"},\"thumbnailUrl\":\"https:\/\/naturavit.net\/wp-content\/uploads\/2020\/12\/Paket-izpadanje-las.jpg\",\"datePublished\":\"2021-03-25T12:32:07+00:00\",\"dateModified\":\"2026-01-15T12:46:47+00:00\",\"description\":\"Set protiv ispadanja kose sadr\u017ei sve \u0161to vam je potrebno za u\u010dinkovitu borbu protiv svih oblika stanjivanja kose. Paket uklju\u010duje Naturavit \u0161ampon protiv ispadanja kose, Naturavit Regenerator protiv ispadanja kose i Naturavit Piling \u0161ampon za \u010di\u0161\u0107enje vlasi\u0161ta.\",\"breadcrumb\":{\"@id\":\"https:\/\/naturavit.net\/izdelek\/set-proti-izpadanju-las\/#breadcrumb\"},\"inLanguage\":\"hr-HR\",\"potentialAction\":[{\"@type\":\"ReadAction\",\"target\":[\"https:\/\/naturavit.net\/izdelek\/set-proti-izpadanju-las\/\"]}]},{\"@type\":\"ImageObject\",\"inLanguage\":\"hr-HR\",\"@id\":\"https:\/\/naturavit.net\/izdelek\/set-proti-izpadanju-las\/#primaryimage\",\"url\":\"https:\/\/naturavit.net\/wp-content\/uploads\/2020\/12\/Paket-izpadanje-las.jpg\",\"contentUrl\":\"https:\/\/naturavit.net\/wp-content\/uploads\/2020\/12\/Paket-izpadanje-las.jpg\",\"width\":1200,\"height\":1200},{\"@type\":\"BreadcrumbList\",\"@id\":\"https:\/\/naturavit.net\/izdelek\/set-proti-izpadanju-las\/#breadcrumb\",\"itemListElement\":[{\"@type\":\"ListItem\",\"position\":1,\"name\":\"Home\",\"item\":\"https:\/\/naturavit.net\/hr\/\"},{\"@type\":\"ListItem\",\"position\":2,\"name\":\"Trgovina\",\"item\":\"https:\/\/naturavit.net\/hr\/trgovina\/\"},{\"@type\":\"ListItem\",\"position\":3,\"name\":\"Njega kose\",\"item\":\"https:\/\/naturavit.net\/hr\/product-category\/njega-kose\/\"},{\"@type\":\"ListItem\",\"position\":4,\"name\":\"Nega\",\"item\":\"https:\/\/naturavit.net\/product-category\/nega\/nega-las\/\"},{\"@type\":\"ListItem\",\"position\":5,\"name\":\"Set protiv ispadanja kose\"}]},{\"@type\":\"WebSite\",\"@id\":\"https:\/\/naturavit.net\/#website\",\"url\":\"https:\/\/naturavit.net\/\",\"name\":\"Naturavit\",\"description\":\"Naravna kozmetika\",\"publisher\":{\"@id\":\"https:\/\/naturavit.net\/#organization\"},\"potentialAction\":[{\"@type\":\"SearchAction\",\"target\":{\"@type\":\"EntryPoint\",\"urlTemplate\":\"https:\/\/naturavit.net\/?s={search_term_string}\"},\"query-input\":{\"@type\":\"PropertyValueSpecification\",\"valueRequired\":true,\"valueName\":\"search_term_string\"}}],\"inLanguage\":\"hr-HR\"},{\"@type\":\"Organization\",\"@id\":\"https:\/\/naturavit.net\/#organization\",\"name\":\"Naturavit\",\"url\":\"https:\/\/naturavit.net\/\",\"logo\":{\"@type\":\"ImageObject\",\"inLanguage\":\"hr-HR\",\"@id\":\"https:\/\/naturavit.net\/#\/schema\/logo\/image\/\",\"url\":\"https:\/\/www.naturavit.net\/wp-content\/uploads\/2021\/09\/116564984_3484379328307111_1830779139888479808_o.png\",\"contentUrl\":\"https:\/\/www.naturavit.net\/wp-content\/uploads\/2021\/09\/116564984_3484379328307111_1830779139888479808_o.png\",\"width\":1079,\"height\":1079,\"caption\":\"Naturavit\"},\"image\":{\"@id\":\"https:\/\/naturavit.net\/#\/schema\/logo\/image\/\"},\"sameAs\":[\"https:\/\/www.facebook.com\/naturavit\/\"]}]}<\/script>\n<!-- \/ Yoast SEO plugin. -->","yoast_head_json":{"title":"Set protiv ispadanja kose | Naturavit","description":"Set protiv ispadanja kose sadr\u017ei sve \u0161to vam je potrebno za u\u010dinkovitu borbu protiv svih oblika stanjivanja kose. Paket uklju\u010duje Naturavit \u0161ampon protiv ispadanja kose, Naturavit Regenerator protiv ispadanja kose i Naturavit Piling \u0161ampon za \u010di\u0161\u0107enje vlasi\u0161ta.","robots":{"index":"index","follow":"follow","max-snippet":"max-snippet:-1","max-image-preview":"max-image-preview:large","max-video-preview":"max-video-preview:-1"},"canonical":"https:\/\/naturavit.net\/izdelek\/set-proti-izpadanju-las\/","og_locale":"hr_HR","og_type":"article","og_title":"Set protiv ispadanja kose | Naturavit","og_description":"Set protiv ispadanja kose sadr\u017ei sve \u0161to vam je potrebno za u\u010dinkovitu borbu protiv svih oblika stanjivanja kose. Paket uklju\u010duje Naturavit \u0161ampon protiv ispadanja kose, Naturavit Regenerator protiv ispadanja kose i Naturavit Piling \u0161ampon za \u010di\u0161\u0107enje vlasi\u0161ta.","og_url":"https:\/\/naturavit.net\/izdelek\/set-proti-izpadanju-las\/","og_site_name":"Naturavit","article_publisher":"https:\/\/www.facebook.com\/naturavit\/","article_modified_time":"2026-01-15T12:46:47+00:00","og_image":[{"width":1200,"height":1200,"url":"https:\/\/naturavit.net\/wp-content\/uploads\/2020\/12\/Paket-izpadanje-las.jpg","type":"image\/jpeg"}],"twitter_card":"summary_large_image","twitter_misc":{"Est. reading time":"2 minutes"},"schema":{"@context":"https:\/\/schema.org","@graph":[{"@type":"WebPage","@id":"https:\/\/naturavit.net\/izdelek\/set-proti-izpadanju-las\/","url":"https:\/\/naturavit.net\/izdelek\/set-proti-izpadanju-las\/","name":"Set protiv ispadanja kose | Naturavit","isPartOf":{"@id":"https:\/\/naturavit.net\/#website"},"primaryImageOfPage":{"@id":"https:\/\/naturavit.net\/izdelek\/set-proti-izpadanju-las\/#primaryimage"},"image":{"@id":"https:\/\/naturavit.net\/izdelek\/set-proti-izpadanju-las\/#primaryimage"},"thumbnailUrl":"https:\/\/naturavit.net\/wp-content\/uploads\/2020\/12\/Paket-izpadanje-las.jpg","datePublished":"2021-03-25T12:32:07+00:00","dateModified":"2026-01-15T12:46:47+00:00","description":"Set protiv ispadanja kose sadr\u017ei sve \u0161to vam je potrebno za u\u010dinkovitu borbu protiv svih oblika stanjivanja kose. Paket uklju\u010duje Naturavit \u0161ampon protiv ispadanja kose, Naturavit Regenerator protiv ispadanja kose i Naturavit Piling \u0161ampon za \u010di\u0161\u0107enje vlasi\u0161ta.","breadcrumb":{"@id":"https:\/\/naturavit.net\/izdelek\/set-proti-izpadanju-las\/#breadcrumb"},"inLanguage":"hr-HR","potentialAction":[{"@type":"ReadAction","target":["https:\/\/naturavit.net\/izdelek\/set-proti-izpadanju-las\/"]}]},{"@type":"ImageObject","inLanguage":"hr-HR","@id":"https:\/\/naturavit.net\/izdelek\/set-proti-izpadanju-las\/#primaryimage","url":"https:\/\/naturavit.net\/wp-content\/uploads\/2020\/12\/Paket-izpadanje-las.jpg","contentUrl":"https:\/\/naturavit.net\/wp-content\/uploads\/2020\/12\/Paket-izpadanje-las.jpg","width":1200,"height":1200},{"@type":"BreadcrumbList","@id":"https:\/\/naturavit.net\/izdelek\/set-proti-izpadanju-las\/#breadcrumb","itemListElement":[{"@type":"ListItem","position":1,"name":"Home","item":"https:\/\/naturavit.net\/hr\/"},{"@type":"ListItem","position":2,"name":"Trgovina","item":"https:\/\/naturavit.net\/hr\/trgovina\/"},{"@type":"ListItem","position":3,"name":"Njega kose","item":"https:\/\/naturavit.net\/hr\/product-category\/njega-kose\/"},{"@type":"ListItem","position":4,"name":"Nega","item":"https:\/\/naturavit.net\/product-category\/nega\/nega-las\/"},{"@type":"ListItem","position":5,"name":"Set protiv ispadanja kose"}]},{"@type":"WebSite","@id":"https:\/\/naturavit.net\/#website","url":"https:\/\/naturavit.net\/","name":"Naturavit","description":"Naravna kozmetika","publisher":{"@id":"https:\/\/naturavit.net\/#organization"},"potentialAction":[{"@type":"SearchAction","target":{"@type":"EntryPoint","urlTemplate":"https:\/\/naturavit.net\/?s={search_term_string}"},"query-input":{"@type":"PropertyValueSpecification","valueRequired":true,"valueName":"search_term_string"}}],"inLanguage":"hr-HR"},{"@type":"Organization","@id":"https:\/\/naturavit.net\/#organization","name":"Naturavit","url":"https:\/\/naturavit.net\/","logo":{"@type":"ImageObject","inLanguage":"hr-HR","@id":"https:\/\/naturavit.net\/#\/schema\/logo\/image\/","url":"https:\/\/www.naturavit.net\/wp-content\/uploads\/2021\/09\/116564984_3484379328307111_1830779139888479808_o.png","contentUrl":"https:\/\/www.naturavit.net\/wp-content\/uploads\/2021\/09\/116564984_3484379328307111_1830779139888479808_o.png","width":1079,"height":1079,"caption":"Naturavit"},"image":{"@id":"https:\/\/naturavit.net\/#\/schema\/logo\/image\/"},"sameAs":["https:\/\/www.facebook.com\/naturavit\/"]}]}},"_links":{"self":[{"href":"https:\/\/naturavit.net\/hr\/wp-json\/wp\/v2\/product\/31015","targetHints":{"allow":["GET"]}}],"collection":[{"href":"https:\/\/naturavit.net\/hr\/wp-json\/wp\/v2\/product"}],"about":[{"href":"https:\/\/naturavit.net\/hr\/wp-json\/wp\/v2\/types\/product"}],"replies":[{"embeddable":true,"href":"https:\/\/naturavit.net\/hr\/wp-json\/wp\/v2\/comments?post=31015"}],"wp:featuredmedia":[{"embeddable":true,"href":"https:\/\/naturavit.net\/hr\/wp-json\/wp\/v2\/media\/29258"}],"wp:attachment":[{"href":"https:\/\/naturavit.net\/hr\/wp-json\/wp\/v2\/media?parent=31015"}],"wp:term":[{"taxonomy":"product_brand","embeddable":true,"href":"https:\/\/naturavit.net\/hr\/wp-json\/wp\/v2\/product_brand?post=31015"},{"taxonomy":"product_cat","embeddable":true,"href":"https:\/\/naturavit.net\/hr\/wp-json\/wp\/v2\/product_cat?post=31015"},{"taxonomy":"product_tag","embeddable":true,"href":"https:\/\/naturavit.net\/hr\/wp-json\/wp\/v2\/product_tag?post=31015"}],"curies":[{"name":"wp","href":"https:\/\/api.w.org\/{rel}","templated":true}]}}