{"id":36524,"date":"2023-08-02T15:55:03","date_gmt":"2023-08-02T13:55:03","guid":{"rendered":"https:\/\/naturavit.net\/?post_type=product&#038;p=36524"},"modified":"2024-12-03T12:34:37","modified_gmt":"2024-12-03T10:34:37","slug":"zascita-za-kosu-i-vlasiste-od-sunca","status":"publish","type":"product","link":"https:\/\/naturavit.net\/hr\/product\/zascita-za-kosu-i-vlasiste-od-sunca\/","title":{"rendered":"Za\u0161\u010dita za kosu i vlasi\u0161te od sunca"},"content":{"rendered":"<h3>Aktivni sastojci: divizma \u0161titi kosu i vlasi\u0161te od sun\u010devih zraka, divlji kesten obnavlja i \u0161titi kosu.<\/h3>\n<h4>Na\u010din upotrebe: poprskati po korijenu i du\u017eini kose 15 minuta prije izlaganja suncu. Pogodan za svakodnevnu upotrebu.<\/h4>\n<h4>Lagana, vodenasta formulacija ne masti kosu i vlasi\u0161te.<\/h4>\n<p>Sastav: Aqua, Glycerin, Aloe barbadensis gel, Hydrolyzed verbascum thapsus flower, Hydrolyzed chestnut extract, Coceth-7, PPG-1-PEG-9 lauryl glycol ether, PEG-40 hydrogenated castor oil, Sodium phytate, Citric acid, Benzyl alcohol, Sodium benzoate, Potassium sorbate, Dehydroacetic acid, Parfum.<\/p>\n","protected":false},"excerpt":{"rendered":"<p>Potpuno prirodna UV za\u0161tita.<\/p>\n<p><strong>Prvih 100 komada po akcijskoj cijeni.<\/strong><\/p>\n<p>100 ml<\/p>\n","protected":false},"featured_media":36510,"comment_status":"closed","ping_status":"closed","template":"","meta":{"_acf_changed":false},"product_brand":[],"product_cat":[110,46],"product_tag":[],"class_list":{"0":"post-36524","1":"product","2":"type-product","3":"status-publish","4":"has-post-thumbnail","6":"product_cat-njega","7":"product_cat-njega-kose","8":"","10":"first","11":"instock","12":"taxable","13":"shipping-taxable","14":"purchasable","15":"product-type-simple"},"acf":[],"yoast_head":"<!-- This site is optimized with the Yoast SEO plugin v24.8.1 - https:\/\/yoast.com\/wordpress\/plugins\/seo\/ -->\n<title>Za\u0161\u010dita za kosu i vlasi\u0161te od sunca | Naturavit<\/title>\n<meta name=\"description\" content=\"Potpuno prirodna UV za\u0161tita.\u00a0Aktivni sastojci: divizma \u0161titi kosu i vlasi\u0161te od sun\u010devih zraka, divlji kesten obnavlja i \u0161titi kosu.\" \/>\n<meta name=\"robots\" content=\"index, follow, max-snippet:-1, max-image-preview:large, max-video-preview:-1\" \/>\n<link rel=\"canonical\" href=\"https:\/\/naturavit.net\/product\/zascita-za-kosu-i-vlasiste-od-sunca\/\" \/>\n<meta property=\"og:locale\" content=\"hr_HR\" \/>\n<meta property=\"og:type\" content=\"article\" \/>\n<meta property=\"og:title\" content=\"Za\u0161\u010dita za kosu i vlasi\u0161te od sunca | Naturavit\" \/>\n<meta property=\"og:description\" content=\"Potpuno prirodna UV za\u0161tita.\u00a0Aktivni sastojci: divizma \u0161titi kosu i vlasi\u0161te od sun\u010devih zraka, divlji kesten obnavlja i \u0161titi kosu.\" \/>\n<meta property=\"og:url\" content=\"https:\/\/naturavit.net\/product\/zascita-za-kosu-i-vlasiste-od-sunca\/\" \/>\n<meta property=\"og:site_name\" content=\"Naturavit\" \/>\n<meta property=\"article:publisher\" content=\"https:\/\/www.facebook.com\/naturavit\/\" \/>\n<meta property=\"article:modified_time\" content=\"2024-12-03T10:34:37+00:00\" \/>\n<meta property=\"og:image\" content=\"https:\/\/naturavit.net\/wp-content\/uploads\/2023\/08\/Sunscreen_Mist_Naturavit_JPEG_WEB.jpg\" \/>\n\t<meta property=\"og:image:width\" content=\"2048\" \/>\n\t<meta property=\"og:image:height\" content=\"2048\" \/>\n\t<meta property=\"og:image:type\" content=\"image\/jpeg\" \/>\n<meta name=\"twitter:card\" content=\"summary_large_image\" \/>\n<meta name=\"twitter:label1\" content=\"Est. reading time\" \/>\n\t<meta name=\"twitter:data1\" content=\"1 minute\" \/>\n<script type=\"application\/ld+json\" class=\"yoast-schema-graph\">{\"@context\":\"https:\/\/schema.org\",\"@graph\":[{\"@type\":\"WebPage\",\"@id\":\"https:\/\/naturavit.net\/product\/zascita-za-kosu-i-vlasiste-od-sunca\/\",\"url\":\"https:\/\/naturavit.net\/product\/zascita-za-kosu-i-vlasiste-od-sunca\/\",\"name\":\"Za\u0161\u010dita za kosu i vlasi\u0161te od sunca | Naturavit\",\"isPartOf\":{\"@id\":\"https:\/\/naturavit.net\/#website\"},\"primaryImageOfPage\":{\"@id\":\"https:\/\/naturavit.net\/product\/zascita-za-kosu-i-vlasiste-od-sunca\/#primaryimage\"},\"image\":{\"@id\":\"https:\/\/naturavit.net\/product\/zascita-za-kosu-i-vlasiste-od-sunca\/#primaryimage\"},\"thumbnailUrl\":\"https:\/\/naturavit.net\/wp-content\/uploads\/2023\/08\/Sunscreen_Mist_Naturavit_JPEG_WEB.jpg\",\"datePublished\":\"2023-08-02T13:55:03+00:00\",\"dateModified\":\"2024-12-03T10:34:37+00:00\",\"description\":\"Potpuno prirodna UV za\u0161tita.\u00a0Aktivni sastojci: divizma \u0161titi kosu i vlasi\u0161te od sun\u010devih zraka, divlji kesten obnavlja i \u0161titi kosu.\",\"breadcrumb\":{\"@id\":\"https:\/\/naturavit.net\/product\/zascita-za-kosu-i-vlasiste-od-sunca\/#breadcrumb\"},\"inLanguage\":\"hr-HR\",\"potentialAction\":[{\"@type\":\"ReadAction\",\"target\":[\"https:\/\/naturavit.net\/product\/zascita-za-kosu-i-vlasiste-od-sunca\/\"]}]},{\"@type\":\"ImageObject\",\"inLanguage\":\"hr-HR\",\"@id\":\"https:\/\/naturavit.net\/product\/zascita-za-kosu-i-vlasiste-od-sunca\/#primaryimage\",\"url\":\"https:\/\/naturavit.net\/wp-content\/uploads\/2023\/08\/Sunscreen_Mist_Naturavit_JPEG_WEB.jpg\",\"contentUrl\":\"https:\/\/naturavit.net\/wp-content\/uploads\/2023\/08\/Sunscreen_Mist_Naturavit_JPEG_WEB.jpg\",\"width\":2048,\"height\":2048},{\"@type\":\"BreadcrumbList\",\"@id\":\"https:\/\/naturavit.net\/product\/zascita-za-kosu-i-vlasiste-od-sunca\/#breadcrumb\",\"itemListElement\":[{\"@type\":\"ListItem\",\"position\":1,\"name\":\"Home\",\"item\":\"https:\/\/naturavit.net\/hr\/\"},{\"@type\":\"ListItem\",\"position\":2,\"name\":\"Trgovina\",\"item\":\"https:\/\/naturavit.net\/hr\/trgovina\/\"},{\"@type\":\"ListItem\",\"position\":3,\"name\":\"Njega kose\",\"item\":\"https:\/\/naturavit.net\/hr\/product-category\/njega-kose\/\"},{\"@type\":\"ListItem\",\"position\":4,\"name\":\"Za\u0161\u010dita za kosu i vlasi\u0161te od sunca\"}]},{\"@type\":\"WebSite\",\"@id\":\"https:\/\/naturavit.net\/#website\",\"url\":\"https:\/\/naturavit.net\/\",\"name\":\"Naturavit\",\"description\":\"Naravna kozmetika\",\"publisher\":{\"@id\":\"https:\/\/naturavit.net\/#organization\"},\"potentialAction\":[{\"@type\":\"SearchAction\",\"target\":{\"@type\":\"EntryPoint\",\"urlTemplate\":\"https:\/\/naturavit.net\/?s={search_term_string}\"},\"query-input\":{\"@type\":\"PropertyValueSpecification\",\"valueRequired\":true,\"valueName\":\"search_term_string\"}}],\"inLanguage\":\"hr-HR\"},{\"@type\":\"Organization\",\"@id\":\"https:\/\/naturavit.net\/#organization\",\"name\":\"Naturavit\",\"url\":\"https:\/\/naturavit.net\/\",\"logo\":{\"@type\":\"ImageObject\",\"inLanguage\":\"hr-HR\",\"@id\":\"https:\/\/naturavit.net\/#\/schema\/logo\/image\/\",\"url\":\"https:\/\/www.naturavit.net\/wp-content\/uploads\/2021\/09\/116564984_3484379328307111_1830779139888479808_o.png\",\"contentUrl\":\"https:\/\/www.naturavit.net\/wp-content\/uploads\/2021\/09\/116564984_3484379328307111_1830779139888479808_o.png\",\"width\":1079,\"height\":1079,\"caption\":\"Naturavit\"},\"image\":{\"@id\":\"https:\/\/naturavit.net\/#\/schema\/logo\/image\/\"},\"sameAs\":[\"https:\/\/www.facebook.com\/naturavit\/\"]}]}<\/script>\n<!-- \/ Yoast SEO plugin. -->","yoast_head_json":{"title":"Za\u0161\u010dita za kosu i vlasi\u0161te od sunca | Naturavit","description":"Potpuno prirodna UV za\u0161tita.\u00a0Aktivni sastojci: divizma \u0161titi kosu i vlasi\u0161te od sun\u010devih zraka, divlji kesten obnavlja i \u0161titi kosu.","robots":{"index":"index","follow":"follow","max-snippet":"max-snippet:-1","max-image-preview":"max-image-preview:large","max-video-preview":"max-video-preview:-1"},"canonical":"https:\/\/naturavit.net\/product\/zascita-za-kosu-i-vlasiste-od-sunca\/","og_locale":"hr_HR","og_type":"article","og_title":"Za\u0161\u010dita za kosu i vlasi\u0161te od sunca | Naturavit","og_description":"Potpuno prirodna UV za\u0161tita.\u00a0Aktivni sastojci: divizma \u0161titi kosu i vlasi\u0161te od sun\u010devih zraka, divlji kesten obnavlja i \u0161titi kosu.","og_url":"https:\/\/naturavit.net\/product\/zascita-za-kosu-i-vlasiste-od-sunca\/","og_site_name":"Naturavit","article_publisher":"https:\/\/www.facebook.com\/naturavit\/","article_modified_time":"2024-12-03T10:34:37+00:00","og_image":[{"width":2048,"height":2048,"url":"https:\/\/naturavit.net\/wp-content\/uploads\/2023\/08\/Sunscreen_Mist_Naturavit_JPEG_WEB.jpg","type":"image\/jpeg"}],"twitter_card":"summary_large_image","twitter_misc":{"Est. reading time":"1 minute"},"schema":{"@context":"https:\/\/schema.org","@graph":[{"@type":"WebPage","@id":"https:\/\/naturavit.net\/product\/zascita-za-kosu-i-vlasiste-od-sunca\/","url":"https:\/\/naturavit.net\/product\/zascita-za-kosu-i-vlasiste-od-sunca\/","name":"Za\u0161\u010dita za kosu i vlasi\u0161te od sunca | Naturavit","isPartOf":{"@id":"https:\/\/naturavit.net\/#website"},"primaryImageOfPage":{"@id":"https:\/\/naturavit.net\/product\/zascita-za-kosu-i-vlasiste-od-sunca\/#primaryimage"},"image":{"@id":"https:\/\/naturavit.net\/product\/zascita-za-kosu-i-vlasiste-od-sunca\/#primaryimage"},"thumbnailUrl":"https:\/\/naturavit.net\/wp-content\/uploads\/2023\/08\/Sunscreen_Mist_Naturavit_JPEG_WEB.jpg","datePublished":"2023-08-02T13:55:03+00:00","dateModified":"2024-12-03T10:34:37+00:00","description":"Potpuno prirodna UV za\u0161tita.\u00a0Aktivni sastojci: divizma \u0161titi kosu i vlasi\u0161te od sun\u010devih zraka, divlji kesten obnavlja i \u0161titi kosu.","breadcrumb":{"@id":"https:\/\/naturavit.net\/product\/zascita-za-kosu-i-vlasiste-od-sunca\/#breadcrumb"},"inLanguage":"hr-HR","potentialAction":[{"@type":"ReadAction","target":["https:\/\/naturavit.net\/product\/zascita-za-kosu-i-vlasiste-od-sunca\/"]}]},{"@type":"ImageObject","inLanguage":"hr-HR","@id":"https:\/\/naturavit.net\/product\/zascita-za-kosu-i-vlasiste-od-sunca\/#primaryimage","url":"https:\/\/naturavit.net\/wp-content\/uploads\/2023\/08\/Sunscreen_Mist_Naturavit_JPEG_WEB.jpg","contentUrl":"https:\/\/naturavit.net\/wp-content\/uploads\/2023\/08\/Sunscreen_Mist_Naturavit_JPEG_WEB.jpg","width":2048,"height":2048},{"@type":"BreadcrumbList","@id":"https:\/\/naturavit.net\/product\/zascita-za-kosu-i-vlasiste-od-sunca\/#breadcrumb","itemListElement":[{"@type":"ListItem","position":1,"name":"Home","item":"https:\/\/naturavit.net\/hr\/"},{"@type":"ListItem","position":2,"name":"Trgovina","item":"https:\/\/naturavit.net\/hr\/trgovina\/"},{"@type":"ListItem","position":3,"name":"Njega kose","item":"https:\/\/naturavit.net\/hr\/product-category\/njega-kose\/"},{"@type":"ListItem","position":4,"name":"Za\u0161\u010dita za kosu i vlasi\u0161te od sunca"}]},{"@type":"WebSite","@id":"https:\/\/naturavit.net\/#website","url":"https:\/\/naturavit.net\/","name":"Naturavit","description":"Naravna kozmetika","publisher":{"@id":"https:\/\/naturavit.net\/#organization"},"potentialAction":[{"@type":"SearchAction","target":{"@type":"EntryPoint","urlTemplate":"https:\/\/naturavit.net\/?s={search_term_string}"},"query-input":{"@type":"PropertyValueSpecification","valueRequired":true,"valueName":"search_term_string"}}],"inLanguage":"hr-HR"},{"@type":"Organization","@id":"https:\/\/naturavit.net\/#organization","name":"Naturavit","url":"https:\/\/naturavit.net\/","logo":{"@type":"ImageObject","inLanguage":"hr-HR","@id":"https:\/\/naturavit.net\/#\/schema\/logo\/image\/","url":"https:\/\/www.naturavit.net\/wp-content\/uploads\/2021\/09\/116564984_3484379328307111_1830779139888479808_o.png","contentUrl":"https:\/\/www.naturavit.net\/wp-content\/uploads\/2021\/09\/116564984_3484379328307111_1830779139888479808_o.png","width":1079,"height":1079,"caption":"Naturavit"},"image":{"@id":"https:\/\/naturavit.net\/#\/schema\/logo\/image\/"},"sameAs":["https:\/\/www.facebook.com\/naturavit\/"]}]}},"_links":{"self":[{"href":"https:\/\/naturavit.net\/hr\/wp-json\/wp\/v2\/product\/36524","targetHints":{"allow":["GET"]}}],"collection":[{"href":"https:\/\/naturavit.net\/hr\/wp-json\/wp\/v2\/product"}],"about":[{"href":"https:\/\/naturavit.net\/hr\/wp-json\/wp\/v2\/types\/product"}],"replies":[{"embeddable":true,"href":"https:\/\/naturavit.net\/hr\/wp-json\/wp\/v2\/comments?post=36524"}],"wp:featuredmedia":[{"embeddable":true,"href":"https:\/\/naturavit.net\/hr\/wp-json\/wp\/v2\/media\/36510"}],"wp:attachment":[{"href":"https:\/\/naturavit.net\/hr\/wp-json\/wp\/v2\/media?parent=36524"}],"wp:term":[{"taxonomy":"product_brand","embeddable":true,"href":"https:\/\/naturavit.net\/hr\/wp-json\/wp\/v2\/product_brand?post=36524"},{"taxonomy":"product_cat","embeddable":true,"href":"https:\/\/naturavit.net\/hr\/wp-json\/wp\/v2\/product_cat?post=36524"},{"taxonomy":"product_tag","embeddable":true,"href":"https:\/\/naturavit.net\/hr\/wp-json\/wp\/v2\/product_tag?post=36524"}],"curies":[{"name":"wp","href":"https:\/\/api.w.org\/{rel}","templated":true}]}}