{"id":36525,"date":"2023-08-02T16:09:13","date_gmt":"2023-08-02T14:09:13","guid":{"rendered":"https:\/\/naturavit.net\/?post_type=product&#038;p=36525"},"modified":"2024-12-03T12:34:37","modified_gmt":"2024-12-03T10:34:37","slug":"kremasta-pjena-za-kosu-nakon-suncanja","status":"publish","type":"product","link":"https:\/\/naturavit.net\/hr\/product\/kremasta-pjena-za-kosu-nakon-suncanja\/","title":{"rendered":"Kremasta pjena za kosu nakon sun\u010danja"},"content":{"rendered":"<h4>Na\u010din upotrebe: dobro protresti prije upotrebe Nanesite jednakomjerno na opranu i ru\u010dnikom osu\u0161enu kosu. Osu\u0161iti bez ispiranja. Nakon primjene bude kosa mekana, svilenkasta.<\/h4>\n<p><iframe loading=\"lazy\" title=\"Kremni mousse za lase po son\u010denju\" width=\"840\" height=\"473\" src=\"https:\/\/www.youtube.com\/embed\/noC-k792el0?feature=oembed\" frameborder=\"0\" allow=\"accelerometer; autoplay; clipboard-write; encrypted-media; gyroscope; picture-in-picture; web-share\" allowfullscreen><\/iframe><\/p>\n<p dir=\"ltr\">Sastojci: \u00a0Aqua, Isobutane, Butane, Propane, Propylene glycol, Cetrimonium chloride, Amodimethicone, Trideceth-20, Myrlstly alcohol, Hydrolized keratin, Parfum, Benzyl alcohol, Sodium benzoate.<\/p>\n<div>Upozorenja: Opasno. Lako zapaljivi aerosol. Spremnik je pod pritiskom: mo\u017ee eksplodirati kada se zagrije. \u010cuvati od topline, vru\u0107e povr\u0161ine, vatre, otvorenog plamena i drugih izvora paljenja. Pu\u0161enje zabranjeno. Nemojte prskati prema otvorenom plamenu ili drugom izvoru vatre. Ambala\u017ee nemojte bu\u0161iti ili spaliti ni kada je prazna. Za\u0161tititi od sunca i svjetla. Ne izla\u017eite temperaturama iznad 50 \u00b0C\/122 \u00b0F. \u010cuvati izvan dohvata djece. Nemojte udisati sprej. Koristite proizvod isklju\u010divo za svoju svrhu i u dobro prozra\u010denom prostoru, ina\u010de mo\u017ee do\u0107i do eksplozije. Odlo\u017eite sadr\u017eaj\/spremnik u skladu s nacionalnim propisima propisi. Ne prskati u o\u010di ili koristiti na o\u0161te\u0107enoj ili nadra\u017eenoj ko\u017ei. Prije svake uporabe ambala\u017eu spreja dobro protresti. Na taj na\u010din mo\u017eete sprije\u010diti za\u010depljenje ventila. Ako ventil za\u010depi, o\u010distite toplom vodom i dobro osu\u0161ite.<\/div>\n<div dir=\"ltr\"><\/div>\n","protected":false},"excerpt":{"rendered":"<p>Obnavljaju\u0107a pjena intenzivno vla\u017ei i hrani va\u0161u kosu. Ne masti koses. Lagan i sladak miris karamele.<\/p>\n<p>200 ml<\/p>\n","protected":false},"featured_media":36526,"comment_status":"closed","ping_status":"closed","template":"","meta":{"_acf_changed":false},"product_brand":[],"product_cat":[110,46],"product_tag":[],"class_list":{"0":"post-36525","1":"product","2":"type-product","3":"status-publish","4":"has-post-thumbnail","6":"product_cat-njega","7":"product_cat-njega-kose","8":"","10":"first","11":"instock","12":"taxable","13":"shipping-taxable","14":"purchasable","15":"product-type-simple"},"acf":[],"yoast_head":"<!-- This site is optimized with the Yoast SEO plugin v24.8.1 - https:\/\/yoast.com\/wordpress\/plugins\/seo\/ -->\n<title>Kremasta pjena za kosu nakon sun\u010danja | Naturavit<\/title>\n<meta name=\"description\" content=\"Obnavljaju\u0107a pjena intenzivno vla\u017ei i hrani va\u0161u kosu. Ne masti koses. Lagan i sladak miris karamele.\" \/>\n<meta name=\"robots\" content=\"index, follow, max-snippet:-1, max-image-preview:large, max-video-preview:-1\" \/>\n<link rel=\"canonical\" href=\"https:\/\/naturavit.net\/hr\/product\/kremasta-pjena-za-kosu-nakon-suncanja\/\" \/>\n<meta property=\"og:locale\" content=\"hr_HR\" \/>\n<meta property=\"og:type\" content=\"article\" \/>\n<meta property=\"og:title\" content=\"Kremasta pjena za kosu nakon sun\u010danja | Naturavit\" \/>\n<meta property=\"og:description\" content=\"Obnavljaju\u0107a pjena intenzivno vla\u017ei i hrani va\u0161u kosu. Ne masti koses. Lagan i sladak miris karamele.\" \/>\n<meta property=\"og:url\" content=\"https:\/\/naturavit.net\/hr\/product\/kremasta-pjena-za-kosu-nakon-suncanja\/\" \/>\n<meta property=\"og:site_name\" content=\"Naturavit\" \/>\n<meta property=\"article:publisher\" content=\"https:\/\/www.facebook.com\/naturavit\/\" \/>\n<meta property=\"article:modified_time\" content=\"2024-12-03T10:34:37+00:00\" \/>\n<meta property=\"og:image\" content=\"https:\/\/naturavit.net\/wp-content\/uploads\/2023\/08\/Kremni_Mousse_Naturavit_JPEG_WEB-1.jpg\" \/>\n\t<meta property=\"og:image:width\" content=\"2048\" \/>\n\t<meta property=\"og:image:height\" content=\"2048\" \/>\n\t<meta property=\"og:image:type\" content=\"image\/jpeg\" \/>\n<meta name=\"twitter:card\" content=\"summary_large_image\" \/>\n<meta name=\"twitter:label1\" content=\"Est. reading time\" \/>\n\t<meta name=\"twitter:data1\" content=\"1 minute\" \/>\n<script type=\"application\/ld+json\" class=\"yoast-schema-graph\">{\"@context\":\"https:\/\/schema.org\",\"@graph\":[{\"@type\":\"WebPage\",\"@id\":\"https:\/\/naturavit.net\/hr\/product\/kremasta-pjena-za-kosu-nakon-suncanja\/\",\"url\":\"https:\/\/naturavit.net\/hr\/product\/kremasta-pjena-za-kosu-nakon-suncanja\/\",\"name\":\"Kremasta pjena za kosu nakon sun\u010danja | Naturavit\",\"isPartOf\":{\"@id\":\"https:\/\/naturavit.net\/hr\/#website\"},\"primaryImageOfPage\":{\"@id\":\"https:\/\/naturavit.net\/hr\/product\/kremasta-pjena-za-kosu-nakon-suncanja\/#primaryimage\"},\"image\":{\"@id\":\"https:\/\/naturavit.net\/hr\/product\/kremasta-pjena-za-kosu-nakon-suncanja\/#primaryimage\"},\"thumbnailUrl\":\"https:\/\/naturavit.net\/wp-content\/uploads\/2023\/08\/Kremni_Mousse_Naturavit_JPEG_WEB-1.jpg\",\"datePublished\":\"2023-08-02T14:09:13+00:00\",\"dateModified\":\"2024-12-03T10:34:37+00:00\",\"description\":\"Obnavljaju\u0107a pjena intenzivno vla\u017ei i hrani va\u0161u kosu. Ne masti koses. Lagan i sladak miris karamele.\",\"breadcrumb\":{\"@id\":\"https:\/\/naturavit.net\/hr\/product\/kremasta-pjena-za-kosu-nakon-suncanja\/#breadcrumb\"},\"inLanguage\":\"hr-HR\",\"potentialAction\":[{\"@type\":\"ReadAction\",\"target\":[\"https:\/\/naturavit.net\/hr\/product\/kremasta-pjena-za-kosu-nakon-suncanja\/\"]}]},{\"@type\":\"ImageObject\",\"inLanguage\":\"hr-HR\",\"@id\":\"https:\/\/naturavit.net\/hr\/product\/kremasta-pjena-za-kosu-nakon-suncanja\/#primaryimage\",\"url\":\"https:\/\/naturavit.net\/wp-content\/uploads\/2023\/08\/Kremni_Mousse_Naturavit_JPEG_WEB-1.jpg\",\"contentUrl\":\"https:\/\/naturavit.net\/wp-content\/uploads\/2023\/08\/Kremni_Mousse_Naturavit_JPEG_WEB-1.jpg\",\"width\":2048,\"height\":2048},{\"@type\":\"BreadcrumbList\",\"@id\":\"https:\/\/naturavit.net\/hr\/product\/kremasta-pjena-za-kosu-nakon-suncanja\/#breadcrumb\",\"itemListElement\":[{\"@type\":\"ListItem\",\"position\":1,\"name\":\"Home\",\"item\":\"https:\/\/naturavit.net\/hr\/\"},{\"@type\":\"ListItem\",\"position\":2,\"name\":\"Trgovina\",\"item\":\"https:\/\/naturavit.net\/hr\/trgovina\/\"},{\"@type\":\"ListItem\",\"position\":3,\"name\":\"Njega kose\",\"item\":\"https:\/\/naturavit.net\/hr\/product-category\/njega-kose\/\"},{\"@type\":\"ListItem\",\"position\":4,\"name\":\"Kremasta pjena za kosu nakon sun\u010danja\"}]},{\"@type\":\"WebSite\",\"@id\":\"https:\/\/naturavit.net\/hr\/#website\",\"url\":\"https:\/\/naturavit.net\/hr\/\",\"name\":\"Naturavit\",\"description\":\"Naravna kozmetika\",\"publisher\":{\"@id\":\"https:\/\/naturavit.net\/hr\/#organization\"},\"potentialAction\":[{\"@type\":\"SearchAction\",\"target\":{\"@type\":\"EntryPoint\",\"urlTemplate\":\"https:\/\/naturavit.net\/hr\/?s={search_term_string}\"},\"query-input\":{\"@type\":\"PropertyValueSpecification\",\"valueRequired\":true,\"valueName\":\"search_term_string\"}}],\"inLanguage\":\"hr-HR\"},{\"@type\":\"Organization\",\"@id\":\"https:\/\/naturavit.net\/hr\/#organization\",\"name\":\"Naturavit\",\"url\":\"https:\/\/naturavit.net\/hr\/\",\"logo\":{\"@type\":\"ImageObject\",\"inLanguage\":\"hr-HR\",\"@id\":\"https:\/\/naturavit.net\/hr\/#\/schema\/logo\/image\/\",\"url\":\"https:\/\/www.naturavit.net\/wp-content\/uploads\/2021\/09\/116564984_3484379328307111_1830779139888479808_o.png\",\"contentUrl\":\"https:\/\/www.naturavit.net\/wp-content\/uploads\/2021\/09\/116564984_3484379328307111_1830779139888479808_o.png\",\"width\":1079,\"height\":1079,\"caption\":\"Naturavit\"},\"image\":{\"@id\":\"https:\/\/naturavit.net\/hr\/#\/schema\/logo\/image\/\"},\"sameAs\":[\"https:\/\/www.facebook.com\/naturavit\/\"]}]}<\/script>\n<!-- \/ Yoast SEO plugin. -->","yoast_head_json":{"title":"Kremasta pjena za kosu nakon sun\u010danja | Naturavit","description":"Obnavljaju\u0107a pjena intenzivno vla\u017ei i hrani va\u0161u kosu. Ne masti koses. Lagan i sladak miris karamele.","robots":{"index":"index","follow":"follow","max-snippet":"max-snippet:-1","max-image-preview":"max-image-preview:large","max-video-preview":"max-video-preview:-1"},"canonical":"https:\/\/naturavit.net\/hr\/product\/kremasta-pjena-za-kosu-nakon-suncanja\/","og_locale":"hr_HR","og_type":"article","og_title":"Kremasta pjena za kosu nakon sun\u010danja | Naturavit","og_description":"Obnavljaju\u0107a pjena intenzivno vla\u017ei i hrani va\u0161u kosu. Ne masti koses. Lagan i sladak miris karamele.","og_url":"https:\/\/naturavit.net\/hr\/product\/kremasta-pjena-za-kosu-nakon-suncanja\/","og_site_name":"Naturavit","article_publisher":"https:\/\/www.facebook.com\/naturavit\/","article_modified_time":"2024-12-03T10:34:37+00:00","og_image":[{"width":2048,"height":2048,"url":"https:\/\/naturavit.net\/wp-content\/uploads\/2023\/08\/Kremni_Mousse_Naturavit_JPEG_WEB-1.jpg","type":"image\/jpeg"}],"twitter_card":"summary_large_image","twitter_misc":{"Est. reading time":"1 minute"},"schema":{"@context":"https:\/\/schema.org","@graph":[{"@type":"WebPage","@id":"https:\/\/naturavit.net\/hr\/product\/kremasta-pjena-za-kosu-nakon-suncanja\/","url":"https:\/\/naturavit.net\/hr\/product\/kremasta-pjena-za-kosu-nakon-suncanja\/","name":"Kremasta pjena za kosu nakon sun\u010danja | Naturavit","isPartOf":{"@id":"https:\/\/naturavit.net\/hr\/#website"},"primaryImageOfPage":{"@id":"https:\/\/naturavit.net\/hr\/product\/kremasta-pjena-za-kosu-nakon-suncanja\/#primaryimage"},"image":{"@id":"https:\/\/naturavit.net\/hr\/product\/kremasta-pjena-za-kosu-nakon-suncanja\/#primaryimage"},"thumbnailUrl":"https:\/\/naturavit.net\/wp-content\/uploads\/2023\/08\/Kremni_Mousse_Naturavit_JPEG_WEB-1.jpg","datePublished":"2023-08-02T14:09:13+00:00","dateModified":"2024-12-03T10:34:37+00:00","description":"Obnavljaju\u0107a pjena intenzivno vla\u017ei i hrani va\u0161u kosu. Ne masti koses. Lagan i sladak miris karamele.","breadcrumb":{"@id":"https:\/\/naturavit.net\/hr\/product\/kremasta-pjena-za-kosu-nakon-suncanja\/#breadcrumb"},"inLanguage":"hr-HR","potentialAction":[{"@type":"ReadAction","target":["https:\/\/naturavit.net\/hr\/product\/kremasta-pjena-za-kosu-nakon-suncanja\/"]}]},{"@type":"ImageObject","inLanguage":"hr-HR","@id":"https:\/\/naturavit.net\/hr\/product\/kremasta-pjena-za-kosu-nakon-suncanja\/#primaryimage","url":"https:\/\/naturavit.net\/wp-content\/uploads\/2023\/08\/Kremni_Mousse_Naturavit_JPEG_WEB-1.jpg","contentUrl":"https:\/\/naturavit.net\/wp-content\/uploads\/2023\/08\/Kremni_Mousse_Naturavit_JPEG_WEB-1.jpg","width":2048,"height":2048},{"@type":"BreadcrumbList","@id":"https:\/\/naturavit.net\/hr\/product\/kremasta-pjena-za-kosu-nakon-suncanja\/#breadcrumb","itemListElement":[{"@type":"ListItem","position":1,"name":"Home","item":"https:\/\/naturavit.net\/hr\/"},{"@type":"ListItem","position":2,"name":"Trgovina","item":"https:\/\/naturavit.net\/hr\/trgovina\/"},{"@type":"ListItem","position":3,"name":"Njega kose","item":"https:\/\/naturavit.net\/hr\/product-category\/njega-kose\/"},{"@type":"ListItem","position":4,"name":"Kremasta pjena za kosu nakon sun\u010danja"}]},{"@type":"WebSite","@id":"https:\/\/naturavit.net\/hr\/#website","url":"https:\/\/naturavit.net\/hr\/","name":"Naturavit","description":"Naravna kozmetika","publisher":{"@id":"https:\/\/naturavit.net\/hr\/#organization"},"potentialAction":[{"@type":"SearchAction","target":{"@type":"EntryPoint","urlTemplate":"https:\/\/naturavit.net\/hr\/?s={search_term_string}"},"query-input":{"@type":"PropertyValueSpecification","valueRequired":true,"valueName":"search_term_string"}}],"inLanguage":"hr-HR"},{"@type":"Organization","@id":"https:\/\/naturavit.net\/hr\/#organization","name":"Naturavit","url":"https:\/\/naturavit.net\/hr\/","logo":{"@type":"ImageObject","inLanguage":"hr-HR","@id":"https:\/\/naturavit.net\/hr\/#\/schema\/logo\/image\/","url":"https:\/\/www.naturavit.net\/wp-content\/uploads\/2021\/09\/116564984_3484379328307111_1830779139888479808_o.png","contentUrl":"https:\/\/www.naturavit.net\/wp-content\/uploads\/2021\/09\/116564984_3484379328307111_1830779139888479808_o.png","width":1079,"height":1079,"caption":"Naturavit"},"image":{"@id":"https:\/\/naturavit.net\/hr\/#\/schema\/logo\/image\/"},"sameAs":["https:\/\/www.facebook.com\/naturavit\/"]}]}},"_links":{"self":[{"href":"https:\/\/naturavit.net\/hr\/wp-json\/wp\/v2\/product\/36525","targetHints":{"allow":["GET"]}}],"collection":[{"href":"https:\/\/naturavit.net\/hr\/wp-json\/wp\/v2\/product"}],"about":[{"href":"https:\/\/naturavit.net\/hr\/wp-json\/wp\/v2\/types\/product"}],"replies":[{"embeddable":true,"href":"https:\/\/naturavit.net\/hr\/wp-json\/wp\/v2\/comments?post=36525"}],"wp:featuredmedia":[{"embeddable":true,"href":"https:\/\/naturavit.net\/hr\/wp-json\/wp\/v2\/media\/36526"}],"wp:attachment":[{"href":"https:\/\/naturavit.net\/hr\/wp-json\/wp\/v2\/media?parent=36525"}],"wp:term":[{"taxonomy":"product_brand","embeddable":true,"href":"https:\/\/naturavit.net\/hr\/wp-json\/wp\/v2\/product_brand?post=36525"},{"taxonomy":"product_cat","embeddable":true,"href":"https:\/\/naturavit.net\/hr\/wp-json\/wp\/v2\/product_cat?post=36525"},{"taxonomy":"product_tag","embeddable":true,"href":"https:\/\/naturavit.net\/hr\/wp-json\/wp\/v2\/product_tag?post=36525"}],"curies":[{"name":"wp","href":"https:\/\/api.w.org\/{rel}","templated":true}]}}