{"id":4319,"date":"2019-03-12T10:28:51","date_gmt":"2019-03-12T10:28:51","guid":{"rendered":"https:\/\/naturavit.net\/product\/r24\/"},"modified":"2026-01-15T13:46:46","modified_gmt":"2026-01-15T12:46:46","slug":"r24","status":"publish","type":"product","link":"https:\/\/naturavit.net\/hr\/product\/r24\/","title":{"rendered":"R24 Ljubi\u010dasto crvena"},"content":{"rendered":"<p>[vc_row][vc_column][vc_column_text]<\/p>\n<h5>Za\u0161to odabrati Respect boju kose?<\/h5>\n<div id=\"gtx-trans\" style=\"position: absolute; left: -74px; top: -7.0625px;\">\n<div class=\"gtx-trans-icon\"><\/div>\n<\/div>\n<p>[\/vc_column_text][vc_column_text]Potpuno prekriva sijedu kosu<br \/>\nDugotrajna, otporna na sunce i morsku vodu<br \/>\nJednostavan za kori\u0161tenje<br \/>\nTo mo\u017ee biti i izuzetno \u010di\u0161\u0107enje ko\u017ee<br \/>\nVrlo nje\u017eno<br \/>\nNije testirano na \u017eivotinjama<br \/>\nNema neugodan miris<br \/>\nNe gori i ne svrbi<br \/>\nNikal testiran[\/vc_column_text][vc_empty_space][\/vc_column][\/vc_row][vc_row][vc_column][vc_column_text]<\/p>\n<h5>U\u010dinak biljnih ekstrakata Respect boje kose Respect<\/h5>\n<p>[\/vc_column_text][vc_empty_space][\/vc_column][\/vc_row][vc_row][vc_column width=&#8221;1\/5&#8243;][vc_single_image image=&#8221;27558&#8243; img_size=&#8221;100 x 100&#8243; alignment=&#8221;center&#8221;][\/vc_column][vc_column width=&#8221;3\/5&#8243;][vc_column_text]<strong>Ulje p\u0161eni\u010dnih klica<\/strong><br \/>\nUlje p\u0161eni\u010dnih klica bogato je vitaminom E, djeluje antioksidans i istodobno \u0161titi za\u0161titni sloj ko\u017ee, pa je kosa meka i sjajna.[\/vc_column_text][\/vc_column][vc_column width=&#8221;1\/5&#8243;][\/vc_column][\/vc_row][vc_row][vc_column][vc_empty_space height=&#8221;25 px&#8221;][\/vc_column][\/vc_row][vc_row][vc_column width=&#8221;1\/5&#8243;][vc_single_image image=&#8221;27082&#8243; img_size=&#8221;100 x 100&#8243; alignment=&#8221;center&#8221;][\/vc_column][vc_column width=&#8221;3\/5&#8243;][vc_column_text]<strong>Ekstrakti koprive<\/strong><br \/>\nEkstrakti koprive sprje\u010davaju stvaranje bakterija i vla\u017ee vlasi\u0161te.[\/vc_column_text][\/vc_column][vc_column width=&#8221;1\/5&#8243;][\/vc_column][\/vc_row][vc_row][vc_column][vc_empty_space height=&#8221;25 px&#8221;][\/vc_column][\/vc_row][vc_row][vc_column width=&#8221;1\/5&#8243;][vc_single_image image=&#8221;27085&#8243; img_size=&#8221;100 x 100&#8243; alignment=&#8221;center&#8221;][\/vc_column][vc_column width=&#8221;3\/5&#8243;][vc_column_text]<strong>Neven<\/strong><br \/>\nNeven smiruje ko\u017eu.<\/p>\n<div id=\"gtx-trans\" style=\"position: absolute; left: -55px; top: -12px;\">\n<div class=\"gtx-trans-icon\"><\/div>\n<\/div>\n<p>[\/vc_column_text][\/vc_column][vc_column width=&#8221;1\/5&#8243;][\/vc_column][\/vc_row][vc_row][vc_column][vc_empty_space height=&#8221;25 px&#8221;][\/vc_column][\/vc_row][vc_row][vc_column width=&#8221;1\/5&#8243;][vc_single_image image=&#8221;27079&#8243; img_size=&#8221;100 x 100&#8243; alignment=&#8221;center&#8221;][\/vc_column][vc_column width=&#8221;3\/5&#8243;][vc_column_text]<strong>Lavanda<\/strong><br \/>\nLavanda uravnote\u017euje vlasi\u0161te.[\/vc_column_text][\/vc_column][vc_column width=&#8221;1\/5&#8243;][\/vc_column][\/vc_row][vc_row][vc_column][vc_empty_space height=&#8221;25 px&#8221;][\/vc_column][\/vc_row][vc_row][vc_column width=&#8221;1\/5&#8243;][vc_single_image image=&#8221;27561&#8243; img_size=&#8221;100 x 100&#8243; alignment=&#8221;center&#8221;][\/vc_column][vc_column width=&#8221;3\/5&#8243;][vc_column_text]<strong>Brusnice<\/strong><br \/>\nBrusnice s vitaminima A i C daju kosi sjaj.[\/vc_column_text][\/vc_column][vc_column width=&#8221;1\/5&#8243;][\/vc_column][\/vc_row][vc_row][vc_column][vc_empty_space height=&#8221;25 px&#8221;][\/vc_column][\/vc_row][vc_row][vc_column width=&#8221;1\/5&#8243;][vc_single_image image=&#8221;27980&#8243; img_size=&#8221;100 x 100&#8243; alignment=&#8221;center&#8221;][\/vc_column][vc_column width=&#8221;3\/5&#8243;][vc_column_text]<strong>Ginseng<\/strong><br \/>\nGinseng spre\u010dava isu\u0161ivanje kose.<\/p>\n<div id=\"gtx-trans\" style=\"position: absolute; left: -31px; top: 40px;\">\n<div class=\"gtx-trans-icon\"><\/div>\n<\/div>\n<p>[\/vc_column_text][\/vc_column][vc_column width=&#8221;1\/5&#8243;][\/vc_column][\/vc_row][vc_row][vc_column][vc_empty_space height=&#8221;25 px&#8221;][\/vc_column][\/vc_row][vc_row][vc_column width=&#8221;1\/5&#8243;][vc_single_image image=&#8221;27088&#8243; img_size=&#8221;100 x 100&#8243; alignment=&#8221;center&#8221;][\/vc_column][vc_column width=&#8221;3\/5&#8243;][vc_column_text]<strong>Aloja<\/strong><br \/>\nAloe obnavlja i omek\u0161ava kosu.<\/p>\n<div id=\"gtx-trans\" style=\"position: absolute; left: -61px; top: -12px;\">\n<div class=\"gtx-trans-icon\"><\/div>\n<\/div>\n<p>[\/vc_column_text][\/vc_column][vc_column width=&#8221;1\/5&#8243;][\/vc_column][\/vc_row][vc_row][vc_column][vc_empty_space height=&#8221;25 px&#8221;][\/vc_column][\/vc_row][vc_row][vc_column width=&#8221;1\/5&#8243;][vc_single_image image=&#8221;27983&#8243; img_size=&#8221;100 x 100&#8243; alignment=&#8221;center&#8221;][\/vc_column][vc_column width=&#8221;3\/5&#8243;][vc_column_text]<strong>Sjemenke suncokreta<\/strong><br \/>\nSjemenke suncokreta su bogat izvor minerala i vitamina E i D[\/vc_column_text][\/vc_column][vc_column width=&#8221;1\/5&#8243;][\/vc_column][\/vc_row][vc_row][vc_column][vc_empty_space][\/vc_column][\/vc_row][vc_row][vc_column width=&#8221;1\/3&#8243;][vc_column_text]<\/p>\n<p style=\"text-align: center; background-color: #353435; color: white;\"><strong>BEZ AMONIJAKA<\/strong><\/p>\n<p style=\"text-align: center;\">Jer amonijak izaziva peckanje pri dodiru s ko\u017eom i vlasi\u0161tem..<\/p>\n<p>[\/vc_column_text][\/vc_column][vc_column width=&#8221;1\/3&#8243;][vc_column_text]<\/p>\n<p style=\"text-align: center; background-color: #353435; color: white;\"><strong>BEZ PPD<\/strong><\/p>\n<p style=\"text-align: center;\">Budu\u0107i da je P-fenilendiamin (PPD) najalergeniji sastojak u bojama za kosu. Po\u0161tovanje ga ne sadr\u017ei, \u0161to zna\u010dajno smanjuje mogu\u0107nost alergija.<\/p>\n<p>[\/vc_column_text][\/vc_column][vc_column width=&#8221;1\/3&#8243;][vc_column_text]<\/p>\n<p style=\"text-align: center; background-color: #353435; color: white;\"><strong>BEZ PARABENOV<\/strong><\/p>\n<p style=\"text-align: center;\">Zato \u0161to su parabeni naj\u010de\u0161\u0107i konzervansi u kozmetici, koji mogu uzrokovati alergije i iritaciju ko\u017ee.<\/p>\n<p>[\/vc_column_text][\/vc_column][\/vc_row][vc_row][vc_column][vc_empty_space][\/vc_column][\/vc_row]<\/p>\n","protected":false},"excerpt":{"rendered":"<p><strong>Prva slovenska, veganska boja kose.<\/strong><br \/>\nRespect color jedinstvena je boja kose koja uz pomo\u0107 biljnih ekstrakata boji, \u0161titi i ja\u010da strukturu kose.<\/p>\n","protected":false},"featured_media":39347,"comment_status":"closed","ping_status":"closed","template":"","meta":{"_acf_changed":false},"product_brand":[],"product_cat":[44,91],"product_tag":[],"class_list":{"0":"post-4319","1":"product","2":"type-product","3":"status-publish","4":"has-post-thumbnail","6":"product_cat-boje-za-kosu","7":"product_cat-boje-u-kremi","8":"","10":"first","11":"instock","12":"taxable","13":"shipping-taxable","14":"purchasable","15":"product-type-simple"},"acf":[],"yoast_head":"<!-- This site is optimized with the Yoast SEO plugin v24.8.1 - https:\/\/yoast.com\/wordpress\/plugins\/seo\/ -->\n<title>Prirodna boja za kosu Respect - R24 Ljubi\u010dasto crvena, Naturavit<\/title>\n<meta name=\"description\" content=\"Prirodna boja za kosu, bez \u0161tetnih sastojaka za zdravlje, uz pomo\u0107 biljnih ekstrakta profesionalno oboji va\u0161u kosu i u isto vrijeme \u010duva va\u0161e zdravlje.\" \/>\n<meta name=\"robots\" content=\"index, follow, max-snippet:-1, max-image-preview:large, max-video-preview:-1\" \/>\n<link rel=\"canonical\" href=\"https:\/\/naturavit.net\/hr\/product\/r24\/\" \/>\n<meta property=\"og:locale\" content=\"hr_HR\" \/>\n<meta property=\"og:type\" content=\"article\" \/>\n<meta property=\"og:title\" content=\"Prirodna boja za kosu Respect - R24 Ljubi\u010dasto crvena, Naturavit\" \/>\n<meta property=\"og:description\" content=\"Prirodna boja za kosu, bez \u0161tetnih sastojaka za zdravlje, uz pomo\u0107 biljnih ekstrakta profesionalno oboji va\u0161u kosu i u isto vrijeme \u010duva va\u0161e zdravlje.\" \/>\n<meta property=\"og:url\" content=\"https:\/\/naturavit.net\/hr\/product\/r24\/\" \/>\n<meta property=\"og:site_name\" content=\"Naturavit\" \/>\n<meta property=\"article:publisher\" content=\"https:\/\/www.facebook.com\/naturavit\/\" \/>\n<meta property=\"article:modified_time\" content=\"2026-01-15T12:46:46+00:00\" \/>\n<meta property=\"og:image\" content=\"https:\/\/naturavit.net\/wp-content\/uploads\/2019\/01\/R24-skrlatno-rdeca_.jpg\" \/>\n\t<meta property=\"og:image:width\" content=\"1200\" \/>\n\t<meta property=\"og:image:height\" content=\"1200\" \/>\n\t<meta property=\"og:image:type\" content=\"image\/jpeg\" \/>\n<meta name=\"twitter:card\" content=\"summary_large_image\" \/>\n<meta name=\"twitter:label1\" content=\"Est. reading time\" \/>\n\t<meta name=\"twitter:data1\" content=\"3 minutes\" \/>\n<script type=\"application\/ld+json\" class=\"yoast-schema-graph\">{\"@context\":\"https:\/\/schema.org\",\"@graph\":[{\"@type\":\"WebPage\",\"@id\":\"https:\/\/naturavit.net\/hr\/product\/r24\/\",\"url\":\"https:\/\/naturavit.net\/hr\/product\/r24\/\",\"name\":\"Prirodna boja za kosu Respect - R24 Ljubi\u010dasto crvena, Naturavit\",\"isPartOf\":{\"@id\":\"https:\/\/naturavit.net\/#website\"},\"primaryImageOfPage\":{\"@id\":\"https:\/\/naturavit.net\/hr\/product\/r24\/#primaryimage\"},\"image\":{\"@id\":\"https:\/\/naturavit.net\/hr\/product\/r24\/#primaryimage\"},\"thumbnailUrl\":\"https:\/\/naturavit.net\/wp-content\/uploads\/2019\/01\/R24-skrlatno-rdeca_.jpg\",\"datePublished\":\"2019-03-12T10:28:51+00:00\",\"dateModified\":\"2026-01-15T12:46:46+00:00\",\"description\":\"Prirodna boja za kosu, bez \u0161tetnih sastojaka za zdravlje, uz pomo\u0107 biljnih ekstrakta profesionalno oboji va\u0161u kosu i u isto vrijeme \u010duva va\u0161e zdravlje.\",\"breadcrumb\":{\"@id\":\"https:\/\/naturavit.net\/hr\/product\/r24\/#breadcrumb\"},\"inLanguage\":\"hr-HR\",\"potentialAction\":[{\"@type\":\"ReadAction\",\"target\":[\"https:\/\/naturavit.net\/hr\/product\/r24\/\"]}]},{\"@type\":\"ImageObject\",\"inLanguage\":\"hr-HR\",\"@id\":\"https:\/\/naturavit.net\/hr\/product\/r24\/#primaryimage\",\"url\":\"https:\/\/naturavit.net\/wp-content\/uploads\/2019\/01\/R24-skrlatno-rdeca_.jpg\",\"contentUrl\":\"https:\/\/naturavit.net\/wp-content\/uploads\/2019\/01\/R24-skrlatno-rdeca_.jpg\",\"width\":1200,\"height\":1200},{\"@type\":\"BreadcrumbList\",\"@id\":\"https:\/\/naturavit.net\/hr\/product\/r24\/#breadcrumb\",\"itemListElement\":[{\"@type\":\"ListItem\",\"position\":1,\"name\":\"Home\",\"item\":\"https:\/\/naturavit.net\/hr\/\"},{\"@type\":\"ListItem\",\"position\":2,\"name\":\"Trgovina\",\"item\":\"https:\/\/naturavit.net\/hr\/trgovina\/\"},{\"@type\":\"ListItem\",\"position\":3,\"name\":\"Barve za lase\",\"item\":\"https:\/\/naturavit.net\/product-category\/barve-za-lase\/\"},{\"@type\":\"ListItem\",\"position\":4,\"name\":\"R24 Ljubi\u010dasto crvena\"}]},{\"@type\":\"WebSite\",\"@id\":\"https:\/\/naturavit.net\/#website\",\"url\":\"https:\/\/naturavit.net\/\",\"name\":\"Naturavit\",\"description\":\"Naravna kozmetika\",\"publisher\":{\"@id\":\"https:\/\/naturavit.net\/#organization\"},\"potentialAction\":[{\"@type\":\"SearchAction\",\"target\":{\"@type\":\"EntryPoint\",\"urlTemplate\":\"https:\/\/naturavit.net\/?s={search_term_string}\"},\"query-input\":{\"@type\":\"PropertyValueSpecification\",\"valueRequired\":true,\"valueName\":\"search_term_string\"}}],\"inLanguage\":\"hr-HR\"},{\"@type\":\"Organization\",\"@id\":\"https:\/\/naturavit.net\/#organization\",\"name\":\"Naturavit\",\"url\":\"https:\/\/naturavit.net\/\",\"logo\":{\"@type\":\"ImageObject\",\"inLanguage\":\"hr-HR\",\"@id\":\"https:\/\/naturavit.net\/#\/schema\/logo\/image\/\",\"url\":\"https:\/\/www.naturavit.net\/wp-content\/uploads\/2021\/09\/116564984_3484379328307111_1830779139888479808_o.png\",\"contentUrl\":\"https:\/\/www.naturavit.net\/wp-content\/uploads\/2021\/09\/116564984_3484379328307111_1830779139888479808_o.png\",\"width\":1079,\"height\":1079,\"caption\":\"Naturavit\"},\"image\":{\"@id\":\"https:\/\/naturavit.net\/#\/schema\/logo\/image\/\"},\"sameAs\":[\"https:\/\/www.facebook.com\/naturavit\/\"]}]}<\/script>\n<!-- \/ Yoast SEO plugin. -->","yoast_head_json":{"title":"Prirodna boja za kosu Respect - R24 Ljubi\u010dasto crvena, Naturavit","description":"Prirodna boja za kosu, bez \u0161tetnih sastojaka za zdravlje, uz pomo\u0107 biljnih ekstrakta profesionalno oboji va\u0161u kosu i u isto vrijeme \u010duva va\u0161e zdravlje.","robots":{"index":"index","follow":"follow","max-snippet":"max-snippet:-1","max-image-preview":"max-image-preview:large","max-video-preview":"max-video-preview:-1"},"canonical":"https:\/\/naturavit.net\/hr\/product\/r24\/","og_locale":"hr_HR","og_type":"article","og_title":"Prirodna boja za kosu Respect - R24 Ljubi\u010dasto crvena, Naturavit","og_description":"Prirodna boja za kosu, bez \u0161tetnih sastojaka za zdravlje, uz pomo\u0107 biljnih ekstrakta profesionalno oboji va\u0161u kosu i u isto vrijeme \u010duva va\u0161e zdravlje.","og_url":"https:\/\/naturavit.net\/hr\/product\/r24\/","og_site_name":"Naturavit","article_publisher":"https:\/\/www.facebook.com\/naturavit\/","article_modified_time":"2026-01-15T12:46:46+00:00","og_image":[{"width":1200,"height":1200,"url":"https:\/\/naturavit.net\/wp-content\/uploads\/2019\/01\/R24-skrlatno-rdeca_.jpg","type":"image\/jpeg"}],"twitter_card":"summary_large_image","twitter_misc":{"Est. reading time":"3 minutes"},"schema":{"@context":"https:\/\/schema.org","@graph":[{"@type":"WebPage","@id":"https:\/\/naturavit.net\/hr\/product\/r24\/","url":"https:\/\/naturavit.net\/hr\/product\/r24\/","name":"Prirodna boja za kosu Respect - R24 Ljubi\u010dasto crvena, Naturavit","isPartOf":{"@id":"https:\/\/naturavit.net\/#website"},"primaryImageOfPage":{"@id":"https:\/\/naturavit.net\/hr\/product\/r24\/#primaryimage"},"image":{"@id":"https:\/\/naturavit.net\/hr\/product\/r24\/#primaryimage"},"thumbnailUrl":"https:\/\/naturavit.net\/wp-content\/uploads\/2019\/01\/R24-skrlatno-rdeca_.jpg","datePublished":"2019-03-12T10:28:51+00:00","dateModified":"2026-01-15T12:46:46+00:00","description":"Prirodna boja za kosu, bez \u0161tetnih sastojaka za zdravlje, uz pomo\u0107 biljnih ekstrakta profesionalno oboji va\u0161u kosu i u isto vrijeme \u010duva va\u0161e zdravlje.","breadcrumb":{"@id":"https:\/\/naturavit.net\/hr\/product\/r24\/#breadcrumb"},"inLanguage":"hr-HR","potentialAction":[{"@type":"ReadAction","target":["https:\/\/naturavit.net\/hr\/product\/r24\/"]}]},{"@type":"ImageObject","inLanguage":"hr-HR","@id":"https:\/\/naturavit.net\/hr\/product\/r24\/#primaryimage","url":"https:\/\/naturavit.net\/wp-content\/uploads\/2019\/01\/R24-skrlatno-rdeca_.jpg","contentUrl":"https:\/\/naturavit.net\/wp-content\/uploads\/2019\/01\/R24-skrlatno-rdeca_.jpg","width":1200,"height":1200},{"@type":"BreadcrumbList","@id":"https:\/\/naturavit.net\/hr\/product\/r24\/#breadcrumb","itemListElement":[{"@type":"ListItem","position":1,"name":"Home","item":"https:\/\/naturavit.net\/hr\/"},{"@type":"ListItem","position":2,"name":"Trgovina","item":"https:\/\/naturavit.net\/hr\/trgovina\/"},{"@type":"ListItem","position":3,"name":"Barve za lase","item":"https:\/\/naturavit.net\/product-category\/barve-za-lase\/"},{"@type":"ListItem","position":4,"name":"R24 Ljubi\u010dasto crvena"}]},{"@type":"WebSite","@id":"https:\/\/naturavit.net\/#website","url":"https:\/\/naturavit.net\/","name":"Naturavit","description":"Naravna kozmetika","publisher":{"@id":"https:\/\/naturavit.net\/#organization"},"potentialAction":[{"@type":"SearchAction","target":{"@type":"EntryPoint","urlTemplate":"https:\/\/naturavit.net\/?s={search_term_string}"},"query-input":{"@type":"PropertyValueSpecification","valueRequired":true,"valueName":"search_term_string"}}],"inLanguage":"hr-HR"},{"@type":"Organization","@id":"https:\/\/naturavit.net\/#organization","name":"Naturavit","url":"https:\/\/naturavit.net\/","logo":{"@type":"ImageObject","inLanguage":"hr-HR","@id":"https:\/\/naturavit.net\/#\/schema\/logo\/image\/","url":"https:\/\/www.naturavit.net\/wp-content\/uploads\/2021\/09\/116564984_3484379328307111_1830779139888479808_o.png","contentUrl":"https:\/\/www.naturavit.net\/wp-content\/uploads\/2021\/09\/116564984_3484379328307111_1830779139888479808_o.png","width":1079,"height":1079,"caption":"Naturavit"},"image":{"@id":"https:\/\/naturavit.net\/#\/schema\/logo\/image\/"},"sameAs":["https:\/\/www.facebook.com\/naturavit\/"]}]}},"_links":{"self":[{"href":"https:\/\/naturavit.net\/hr\/wp-json\/wp\/v2\/product\/4319","targetHints":{"allow":["GET"]}}],"collection":[{"href":"https:\/\/naturavit.net\/hr\/wp-json\/wp\/v2\/product"}],"about":[{"href":"https:\/\/naturavit.net\/hr\/wp-json\/wp\/v2\/types\/product"}],"replies":[{"embeddable":true,"href":"https:\/\/naturavit.net\/hr\/wp-json\/wp\/v2\/comments?post=4319"}],"wp:featuredmedia":[{"embeddable":true,"href":"https:\/\/naturavit.net\/hr\/wp-json\/wp\/v2\/media\/39347"}],"wp:attachment":[{"href":"https:\/\/naturavit.net\/hr\/wp-json\/wp\/v2\/media?parent=4319"}],"wp:term":[{"taxonomy":"product_brand","embeddable":true,"href":"https:\/\/naturavit.net\/hr\/wp-json\/wp\/v2\/product_brand?post=4319"},{"taxonomy":"product_cat","embeddable":true,"href":"https:\/\/naturavit.net\/hr\/wp-json\/wp\/v2\/product_cat?post=4319"},{"taxonomy":"product_tag","embeddable":true,"href":"https:\/\/naturavit.net\/hr\/wp-json\/wp\/v2\/product_tag?post=4319"}],"curies":[{"name":"wp","href":"https:\/\/api.w.org\/{rel}","templated":true}]}}