{"id":567,"date":"2016-05-02T09:24:31","date_gmt":"2016-05-08T11:52:15","guid":{"rendered":"http:\/\/www.naturavit.net\/?post_type=product&#038;p=567&#038;lang=hr"},"modified":"2026-01-15T13:46:41","modified_gmt":"2026-01-15T12:46:41","slug":"kremni-sampon-naturavit-proti-izpadanju-las","status":"publish","type":"product","link":"https:\/\/naturavit.net\/hr\/product\/kremni-sampon-naturavit-proti-izpadanju-las\/","title":{"rendered":"\u0160ampon protiv ispadanja kose"},"content":{"rendered":"<p>Prirodan i nje\u017ean \u0161ampon, u\u010dinkovit u borbi protiv svih oblika rije\u0111enja kose. Osigurava proces obnavljanja kose uz pomo\u0107 biljnog ekstrakta sabal palme i esencijalnih ulja.<\/p>\n<p>Pravilna higijena kose i vlasi\u0161ta zna\u010dajna je za dugotrajno o\u010duvanje ljepote i zdravlja kose. Neprikladno pranje kose pri kojem se upotrebljavaju previ\u0161e agresivni \u0161amponi, koji ne udovoljavaju normalnoj fiziologiji prirodne pH vrijednosti, mogu uzrokovati promjene zbog kojih je ugro\u017eena ljepota i vitalnost kose.<\/p>\n<p>Naturavit kremasti \u0161ampon ne sadr\u017ei sulfate, koji su jedan od glavnih razloga za isu\u0161enu kosu.<\/p>\n<p><strong>Prednosti:<\/strong><\/p>\n<ul>\n<li>nje\u017eno \u010disti osjetljivo vlasi\u0161te,<\/li>\n<li>njeguje i ja\u010da,<\/li>\n<li>sprje\u010dava rast mikroorganizama,<\/li>\n<li>osvje\u017euje vlasi\u0161te,<\/li>\n<li>sadr\u017ei esencijalna ulja lavande, naran\u010de, \u010dajevca, eukaliptusa i mati\u010dnjaka.<\/li>\n<\/ul>\n<p><strong>Sastojci:<\/strong><br \/>\nAqua, Sodium trideceth sulfate, Sodium lauroamphoacetate, Sodium chloride, Propylene glycol, Serenoa serrulata extract, Melissa officinalis oil, Mentha piperita herb oil, Citrus aurantium amara oil, Melaleuca alternifolia oil, Lavandula angustifolia oil, Eucalyptus globulus oil, Hydrolized wheat protein, Oryza sativa bran oil, Propolis extract, Guar hydroxypropyltrimonium chloride, Benzyl alcohol, Citric acid, Dehydroacetic acid, Geraniol, Lecinthin, Tocopherol, Ascorbyl palmitate.<\/p>\n","protected":false},"excerpt":{"rendered":"<p>Prirodan i nje\u017ean \u0161ampon, u\u010dinkovit u borbi protiv svih oblika rije\u0111enja kose. Osigurava proces obnavljanja kose uz pomo\u0107 biljnog ekstrakta sabal palme i esencijalnih ulja.<\/p>\n","protected":false},"featured_media":46698,"comment_status":"open","ping_status":"closed","template":"","meta":{"_acf_changed":false},"product_brand":[],"product_cat":[46,47],"product_tag":[],"class_list":{"0":"post-567","1":"product","2":"type-product","3":"status-publish","4":"has-post-thumbnail","6":"product_cat-njega-kose","7":"product_cat-sampon","8":"","10":"first","11":"instock","12":"featured","13":"taxable","14":"shipping-taxable","15":"purchasable","16":"product-type-simple"},"acf":[],"yoast_head":"<!-- This site is optimized with the Yoast SEO plugin v24.8.1 - https:\/\/yoast.com\/wordpress\/plugins\/seo\/ -->\n<title>\u0160ampon protiv ispadanja kose | Naturavit<\/title>\n<meta name=\"description\" content=\"Prirodan i nje\u017ean \u0161ampon, u\u010dinkovit u borbi protiv svih oblika rije\u0111enja kose. Osigurava proces obnavljanja kose uz pomo\u0107 biljnog ekstrakta sabal palme i esencijalnih ulja.\" \/>\n<meta name=\"robots\" content=\"index, follow, max-snippet:-1, max-image-preview:large, max-video-preview:-1\" \/>\n<link rel=\"canonical\" href=\"https:\/\/naturavit.net\/izdelek\/kremni-sampon-proti-izpadanju-las\/\" \/>\n<meta property=\"og:locale\" content=\"hr_HR\" \/>\n<meta property=\"og:type\" content=\"article\" \/>\n<meta property=\"og:title\" content=\"\u0160ampon protiv ispadanja kose | Naturavit\" \/>\n<meta property=\"og:description\" content=\"Prirodan i nje\u017ean \u0161ampon, u\u010dinkovit u borbi protiv svih oblika rije\u0111enja kose. Osigurava proces obnavljanja kose uz pomo\u0107 biljnog ekstrakta sabal palme i esencijalnih ulja.\" \/>\n<meta property=\"og:url\" content=\"https:\/\/naturavit.net\/izdelek\/kremni-sampon-proti-izpadanju-las\/\" \/>\n<meta property=\"og:site_name\" content=\"Naturavit\" \/>\n<meta property=\"article:publisher\" content=\"https:\/\/www.facebook.com\/naturavit\/\" \/>\n<meta property=\"article:modified_time\" content=\"2026-01-15T12:46:41+00:00\" \/>\n<meta property=\"og:image\" content=\"https:\/\/naturavit.net\/wp-content\/uploads\/2016\/05\/Shampoo_SLO_ProtiIzpadanjuLas_reflection.jpg\" \/>\n\t<meta property=\"og:image:width\" content=\"2200\" \/>\n\t<meta property=\"og:image:height\" content=\"2199\" \/>\n\t<meta property=\"og:image:type\" content=\"image\/jpeg\" \/>\n<meta name=\"twitter:card\" content=\"summary_large_image\" \/>\n<meta name=\"twitter:label1\" content=\"Est. reading time\" \/>\n\t<meta name=\"twitter:data1\" content=\"1 minute\" \/>\n<script type=\"application\/ld+json\" class=\"yoast-schema-graph\">{\"@context\":\"https:\/\/schema.org\",\"@graph\":[{\"@type\":\"WebPage\",\"@id\":\"https:\/\/naturavit.net\/izdelek\/kremni-sampon-proti-izpadanju-las\/\",\"url\":\"https:\/\/naturavit.net\/izdelek\/kremni-sampon-proti-izpadanju-las\/\",\"name\":\"\u0160ampon protiv ispadanja kose | Naturavit\",\"isPartOf\":{\"@id\":\"https:\/\/naturavit.net\/#website\"},\"primaryImageOfPage\":{\"@id\":\"https:\/\/naturavit.net\/izdelek\/kremni-sampon-proti-izpadanju-las\/#primaryimage\"},\"image\":{\"@id\":\"https:\/\/naturavit.net\/izdelek\/kremni-sampon-proti-izpadanju-las\/#primaryimage\"},\"thumbnailUrl\":\"https:\/\/naturavit.net\/wp-content\/uploads\/2016\/05\/Shampoo_SLO_ProtiIzpadanjuLas_reflection.jpg\",\"datePublished\":\"2016-05-08T11:52:15+00:00\",\"dateModified\":\"2026-01-15T12:46:41+00:00\",\"description\":\"Prirodan i nje\u017ean \u0161ampon, u\u010dinkovit u borbi protiv svih oblika rije\u0111enja kose. Osigurava proces obnavljanja kose uz pomo\u0107 biljnog ekstrakta sabal palme i esencijalnih ulja.\",\"breadcrumb\":{\"@id\":\"https:\/\/naturavit.net\/izdelek\/kremni-sampon-proti-izpadanju-las\/#breadcrumb\"},\"inLanguage\":\"hr-HR\",\"potentialAction\":[{\"@type\":\"ReadAction\",\"target\":[\"https:\/\/naturavit.net\/izdelek\/kremni-sampon-proti-izpadanju-las\/\"]}]},{\"@type\":\"ImageObject\",\"inLanguage\":\"hr-HR\",\"@id\":\"https:\/\/naturavit.net\/izdelek\/kremni-sampon-proti-izpadanju-las\/#primaryimage\",\"url\":\"https:\/\/naturavit.net\/wp-content\/uploads\/2016\/05\/Shampoo_SLO_ProtiIzpadanjuLas_reflection.jpg\",\"contentUrl\":\"https:\/\/naturavit.net\/wp-content\/uploads\/2016\/05\/Shampoo_SLO_ProtiIzpadanjuLas_reflection.jpg\",\"width\":2200,\"height\":2199,\"caption\":\"Naturavit \u0161ampon proti izpadanju las\"},{\"@type\":\"BreadcrumbList\",\"@id\":\"https:\/\/naturavit.net\/izdelek\/kremni-sampon-proti-izpadanju-las\/#breadcrumb\",\"itemListElement\":[{\"@type\":\"ListItem\",\"position\":1,\"name\":\"Home\",\"item\":\"https:\/\/naturavit.net\/hr\/\"},{\"@type\":\"ListItem\",\"position\":2,\"name\":\"Trgovina\",\"item\":\"https:\/\/naturavit.net\/hr\/trgovina\/\"},{\"@type\":\"ListItem\",\"position\":3,\"name\":\"Njega kose\",\"item\":\"https:\/\/naturavit.net\/hr\/product-category\/njega-kose\/\"},{\"@type\":\"ListItem\",\"position\":4,\"name\":\"\u0160amponi\",\"item\":\"https:\/\/naturavit.net\/product-category\/nega\/samponi\/\"},{\"@type\":\"ListItem\",\"position\":5,\"name\":\"\u0160ampon protiv ispadanja kose\"}]},{\"@type\":\"WebSite\",\"@id\":\"https:\/\/naturavit.net\/#website\",\"url\":\"https:\/\/naturavit.net\/\",\"name\":\"Naturavit\",\"description\":\"Naravna kozmetika\",\"publisher\":{\"@id\":\"https:\/\/naturavit.net\/#organization\"},\"potentialAction\":[{\"@type\":\"SearchAction\",\"target\":{\"@type\":\"EntryPoint\",\"urlTemplate\":\"https:\/\/naturavit.net\/?s={search_term_string}\"},\"query-input\":{\"@type\":\"PropertyValueSpecification\",\"valueRequired\":true,\"valueName\":\"search_term_string\"}}],\"inLanguage\":\"hr-HR\"},{\"@type\":\"Organization\",\"@id\":\"https:\/\/naturavit.net\/#organization\",\"name\":\"Naturavit\",\"url\":\"https:\/\/naturavit.net\/\",\"logo\":{\"@type\":\"ImageObject\",\"inLanguage\":\"hr-HR\",\"@id\":\"https:\/\/naturavit.net\/#\/schema\/logo\/image\/\",\"url\":\"https:\/\/www.naturavit.net\/wp-content\/uploads\/2021\/09\/116564984_3484379328307111_1830779139888479808_o.png\",\"contentUrl\":\"https:\/\/www.naturavit.net\/wp-content\/uploads\/2021\/09\/116564984_3484379328307111_1830779139888479808_o.png\",\"width\":1079,\"height\":1079,\"caption\":\"Naturavit\"},\"image\":{\"@id\":\"https:\/\/naturavit.net\/#\/schema\/logo\/image\/\"},\"sameAs\":[\"https:\/\/www.facebook.com\/naturavit\/\"]}]}<\/script>\n<!-- \/ Yoast SEO plugin. -->","yoast_head_json":{"title":"\u0160ampon protiv ispadanja kose | Naturavit","description":"Prirodan i nje\u017ean \u0161ampon, u\u010dinkovit u borbi protiv svih oblika rije\u0111enja kose. Osigurava proces obnavljanja kose uz pomo\u0107 biljnog ekstrakta sabal palme i esencijalnih ulja.","robots":{"index":"index","follow":"follow","max-snippet":"max-snippet:-1","max-image-preview":"max-image-preview:large","max-video-preview":"max-video-preview:-1"},"canonical":"https:\/\/naturavit.net\/izdelek\/kremni-sampon-proti-izpadanju-las\/","og_locale":"hr_HR","og_type":"article","og_title":"\u0160ampon protiv ispadanja kose | Naturavit","og_description":"Prirodan i nje\u017ean \u0161ampon, u\u010dinkovit u borbi protiv svih oblika rije\u0111enja kose. Osigurava proces obnavljanja kose uz pomo\u0107 biljnog ekstrakta sabal palme i esencijalnih ulja.","og_url":"https:\/\/naturavit.net\/izdelek\/kremni-sampon-proti-izpadanju-las\/","og_site_name":"Naturavit","article_publisher":"https:\/\/www.facebook.com\/naturavit\/","article_modified_time":"2026-01-15T12:46:41+00:00","og_image":[{"width":2200,"height":2199,"url":"https:\/\/naturavit.net\/wp-content\/uploads\/2016\/05\/Shampoo_SLO_ProtiIzpadanjuLas_reflection.jpg","type":"image\/jpeg"}],"twitter_card":"summary_large_image","twitter_misc":{"Est. reading time":"1 minute"},"schema":{"@context":"https:\/\/schema.org","@graph":[{"@type":"WebPage","@id":"https:\/\/naturavit.net\/izdelek\/kremni-sampon-proti-izpadanju-las\/","url":"https:\/\/naturavit.net\/izdelek\/kremni-sampon-proti-izpadanju-las\/","name":"\u0160ampon protiv ispadanja kose | Naturavit","isPartOf":{"@id":"https:\/\/naturavit.net\/#website"},"primaryImageOfPage":{"@id":"https:\/\/naturavit.net\/izdelek\/kremni-sampon-proti-izpadanju-las\/#primaryimage"},"image":{"@id":"https:\/\/naturavit.net\/izdelek\/kremni-sampon-proti-izpadanju-las\/#primaryimage"},"thumbnailUrl":"https:\/\/naturavit.net\/wp-content\/uploads\/2016\/05\/Shampoo_SLO_ProtiIzpadanjuLas_reflection.jpg","datePublished":"2016-05-08T11:52:15+00:00","dateModified":"2026-01-15T12:46:41+00:00","description":"Prirodan i nje\u017ean \u0161ampon, u\u010dinkovit u borbi protiv svih oblika rije\u0111enja kose. Osigurava proces obnavljanja kose uz pomo\u0107 biljnog ekstrakta sabal palme i esencijalnih ulja.","breadcrumb":{"@id":"https:\/\/naturavit.net\/izdelek\/kremni-sampon-proti-izpadanju-las\/#breadcrumb"},"inLanguage":"hr-HR","potentialAction":[{"@type":"ReadAction","target":["https:\/\/naturavit.net\/izdelek\/kremni-sampon-proti-izpadanju-las\/"]}]},{"@type":"ImageObject","inLanguage":"hr-HR","@id":"https:\/\/naturavit.net\/izdelek\/kremni-sampon-proti-izpadanju-las\/#primaryimage","url":"https:\/\/naturavit.net\/wp-content\/uploads\/2016\/05\/Shampoo_SLO_ProtiIzpadanjuLas_reflection.jpg","contentUrl":"https:\/\/naturavit.net\/wp-content\/uploads\/2016\/05\/Shampoo_SLO_ProtiIzpadanjuLas_reflection.jpg","width":2200,"height":2199,"caption":"Naturavit \u0161ampon proti izpadanju las"},{"@type":"BreadcrumbList","@id":"https:\/\/naturavit.net\/izdelek\/kremni-sampon-proti-izpadanju-las\/#breadcrumb","itemListElement":[{"@type":"ListItem","position":1,"name":"Home","item":"https:\/\/naturavit.net\/hr\/"},{"@type":"ListItem","position":2,"name":"Trgovina","item":"https:\/\/naturavit.net\/hr\/trgovina\/"},{"@type":"ListItem","position":3,"name":"Njega kose","item":"https:\/\/naturavit.net\/hr\/product-category\/njega-kose\/"},{"@type":"ListItem","position":4,"name":"\u0160amponi","item":"https:\/\/naturavit.net\/product-category\/nega\/samponi\/"},{"@type":"ListItem","position":5,"name":"\u0160ampon protiv ispadanja kose"}]},{"@type":"WebSite","@id":"https:\/\/naturavit.net\/#website","url":"https:\/\/naturavit.net\/","name":"Naturavit","description":"Naravna kozmetika","publisher":{"@id":"https:\/\/naturavit.net\/#organization"},"potentialAction":[{"@type":"SearchAction","target":{"@type":"EntryPoint","urlTemplate":"https:\/\/naturavit.net\/?s={search_term_string}"},"query-input":{"@type":"PropertyValueSpecification","valueRequired":true,"valueName":"search_term_string"}}],"inLanguage":"hr-HR"},{"@type":"Organization","@id":"https:\/\/naturavit.net\/#organization","name":"Naturavit","url":"https:\/\/naturavit.net\/","logo":{"@type":"ImageObject","inLanguage":"hr-HR","@id":"https:\/\/naturavit.net\/#\/schema\/logo\/image\/","url":"https:\/\/www.naturavit.net\/wp-content\/uploads\/2021\/09\/116564984_3484379328307111_1830779139888479808_o.png","contentUrl":"https:\/\/www.naturavit.net\/wp-content\/uploads\/2021\/09\/116564984_3484379328307111_1830779139888479808_o.png","width":1079,"height":1079,"caption":"Naturavit"},"image":{"@id":"https:\/\/naturavit.net\/#\/schema\/logo\/image\/"},"sameAs":["https:\/\/www.facebook.com\/naturavit\/"]}]}},"_links":{"self":[{"href":"https:\/\/naturavit.net\/hr\/wp-json\/wp\/v2\/product\/567","targetHints":{"allow":["GET"]}}],"collection":[{"href":"https:\/\/naturavit.net\/hr\/wp-json\/wp\/v2\/product"}],"about":[{"href":"https:\/\/naturavit.net\/hr\/wp-json\/wp\/v2\/types\/product"}],"replies":[{"embeddable":true,"href":"https:\/\/naturavit.net\/hr\/wp-json\/wp\/v2\/comments?post=567"}],"wp:featuredmedia":[{"embeddable":true,"href":"https:\/\/naturavit.net\/hr\/wp-json\/wp\/v2\/media\/46698"}],"wp:attachment":[{"href":"https:\/\/naturavit.net\/hr\/wp-json\/wp\/v2\/media?parent=567"}],"wp:term":[{"taxonomy":"product_brand","embeddable":true,"href":"https:\/\/naturavit.net\/hr\/wp-json\/wp\/v2\/product_brand?post=567"},{"taxonomy":"product_cat","embeddable":true,"href":"https:\/\/naturavit.net\/hr\/wp-json\/wp\/v2\/product_cat?post=567"},{"taxonomy":"product_tag","embeddable":true,"href":"https:\/\/naturavit.net\/hr\/wp-json\/wp\/v2\/product_tag?post=567"}],"curies":[{"name":"wp","href":"https:\/\/api.w.org\/{rel}","templated":true}]}}