{"id":647,"date":"2016-04-11T10:41:44","date_gmt":"2016-05-08T09:54:24","guid":{"rendered":"http:\/\/www.naturavit.net\/?post_type=product&#038;p=647&#038;lang=hr"},"modified":"2026-01-15T13:46:41","modified_gmt":"2026-01-15T12:46:41","slug":"kremasti-sampon-naturavit-za-osjetljivu-kosu","status":"publish","type":"product","link":"https:\/\/naturavit.net\/hr\/product\/kremasti-sampon-naturavit-za-osjetljivu-kosu\/","title":{"rendered":"\u0160ampon za osjetljivu kosu"},"content":{"rendered":"<p>Prirodan i iznimno nje\u017ean \u0161ampon s kremastom pjenom jam\u010di dovoljnu koli\u010dinu hidratacije uz pomo\u0107 Abesinskog ulja. Pravilna higijena kose i vlasi\u0161ta je zna\u010dajna za dugotrajno o\u010duvanje ljepote i zdravlja kose.<\/p>\n<p>Neprikladno pranje kose, pri kojem se upotrebljavaju previ\u0161e agresivni \u0161amponi, koji ne udovoljavaju normalnoj fiziologiji prirodne pH vrijednosti, mogu uzrokovati promjene zbog kojih je ugro\u017eena ljepota i vitalnost kose.<\/p>\n<p><strong>Prednosti:<\/strong><\/p>\n<ul>\n<li>pove\u0107ava sjaj,<\/li>\n<li>pove\u0107ava volumen,<\/li>\n<li>pove\u0107ava meko\u0107u,<\/li>\n<li>olak\u0161ava \u010de\u0161ljanje,<\/li>\n<li>\u0161titi kosu,<\/li>\n<li>bez sodium lauryl sulfate (sls),<\/li>\n<li>bez sodium laureth sulfate (sles),<\/li>\n<li>bogat biljnim ekstraktima, eteri\u010dnim uljima, vitaminima i hidratiziraju\u0107im svojstvima.<\/li>\n<\/ul>\n<p><strong>Sastojci:\u00a0<\/strong>Aqua, Sodium trideceth sulfate, Sodium lauroamphoacetate, Sodium chloride, Propylene glycol,\u00a0Cocamide MEA, Citrus aurantium amara oil, Benzyl alcohol, Crambe abyssinica seed oil, Malva\u00a0sylvestris extract, Guar hydroxypropyltrimonium chloride, Limonene, Citric acid, Dehydroacetic\u00a0acid, Lecithin, Tocopherol, Ascorbyl palmitate.<\/p>\n","protected":false},"excerpt":{"rendered":"<p>Prirodan i iznimno nje\u017ean \u0161ampon s kremastom pjenom jam\u010di dovoljnu koli\u010dinu hidratacije uz pomo\u0107 Abesinskog ulja. Pravilna higijena kose i vlasi\u0161ta je zna\u010dajna za dugotrajno o\u010duvanje ljepote i zdravlja kose.<\/p>\n","protected":false},"featured_media":46701,"comment_status":"open","ping_status":"closed","template":"","meta":{"_acf_changed":false},"product_brand":[],"product_cat":[46,47],"product_tag":[],"class_list":{"0":"post-647","1":"product","2":"type-product","3":"status-publish","4":"has-post-thumbnail","6":"product_cat-njega-kose","7":"product_cat-sampon","8":"","10":"first","11":"instock","12":"taxable","13":"shipping-taxable","14":"purchasable","15":"product-type-simple"},"acf":[],"yoast_head":"<!-- This site is optimized with the Yoast SEO plugin v24.8.1 - https:\/\/yoast.com\/wordpress\/plugins\/seo\/ -->\n<title>\u0160ampon za osjetljivu kosu | Naturavit<\/title>\n<meta name=\"robots\" content=\"index, follow, max-snippet:-1, max-image-preview:large, max-video-preview:-1\" \/>\n<link rel=\"canonical\" href=\"https:\/\/naturavit.net\/hr\/product\/kremasti-sampon-naturavit-za-osjetljivu-kosu\/\" \/>\n<meta property=\"og:locale\" content=\"hr_HR\" \/>\n<meta property=\"og:type\" content=\"article\" \/>\n<meta property=\"og:title\" content=\"\u0160ampon za osjetljivu kosu | Naturavit\" \/>\n<meta property=\"og:description\" content=\"Prirodan i iznimno nje\u017ean \u0161ampon s kremastom pjenom jam\u010di dovoljnu koli\u010dinu hidratacije uz pomo\u0107 Abesinskog ulja. Pravilna higijena kose i vlasi\u0161ta je zna\u010dajna za dugotrajno o\u010duvanje ljepote i zdravlja kose.\" \/>\n<meta property=\"og:url\" content=\"https:\/\/naturavit.net\/hr\/product\/kremasti-sampon-naturavit-za-osjetljivu-kosu\/\" \/>\n<meta property=\"og:site_name\" content=\"Naturavit\" \/>\n<meta property=\"article:publisher\" content=\"https:\/\/www.facebook.com\/naturavit\/\" \/>\n<meta property=\"article:modified_time\" content=\"2026-01-15T12:46:41+00:00\" \/>\n<meta property=\"og:image\" content=\"https:\/\/naturavit.net\/wp-content\/uploads\/2020\/04\/Naturavit_CreamShampoo_sensitiveSkin_JPEG.jpg\" \/>\n\t<meta property=\"og:image:width\" content=\"1200\" \/>\n\t<meta property=\"og:image:height\" content=\"1200\" \/>\n\t<meta property=\"og:image:type\" content=\"image\/jpeg\" \/>\n<meta name=\"twitter:card\" content=\"summary_large_image\" \/>\n<meta name=\"twitter:label1\" content=\"Est. reading time\" \/>\n\t<meta name=\"twitter:data1\" content=\"1 minute\" \/>\n<script type=\"application\/ld+json\" class=\"yoast-schema-graph\">{\"@context\":\"https:\/\/schema.org\",\"@graph\":[{\"@type\":\"WebPage\",\"@id\":\"https:\/\/naturavit.net\/hr\/product\/kremasti-sampon-naturavit-za-osjetljivu-kosu\/\",\"url\":\"https:\/\/naturavit.net\/hr\/product\/kremasti-sampon-naturavit-za-osjetljivu-kosu\/\",\"name\":\"\u0160ampon za osjetljivu kosu | Naturavit\",\"isPartOf\":{\"@id\":\"https:\/\/naturavit.net\/hr\/#website\"},\"primaryImageOfPage\":{\"@id\":\"https:\/\/naturavit.net\/hr\/product\/kremasti-sampon-naturavit-za-osjetljivu-kosu\/#primaryimage\"},\"image\":{\"@id\":\"https:\/\/naturavit.net\/hr\/product\/kremasti-sampon-naturavit-za-osjetljivu-kosu\/#primaryimage\"},\"thumbnailUrl\":\"https:\/\/naturavit.net\/wp-content\/uploads\/2016\/04\/Shampoo_SLO_zaObcutljive_reflection.jpg\",\"datePublished\":\"2016-05-08T09:54:24+00:00\",\"dateModified\":\"2026-01-15T12:46:41+00:00\",\"breadcrumb\":{\"@id\":\"https:\/\/naturavit.net\/hr\/product\/kremasti-sampon-naturavit-za-osjetljivu-kosu\/#breadcrumb\"},\"inLanguage\":\"hr-HR\",\"potentialAction\":[{\"@type\":\"ReadAction\",\"target\":[\"https:\/\/naturavit.net\/hr\/product\/kremasti-sampon-naturavit-za-osjetljivu-kosu\/\"]}]},{\"@type\":\"ImageObject\",\"inLanguage\":\"hr-HR\",\"@id\":\"https:\/\/naturavit.net\/hr\/product\/kremasti-sampon-naturavit-za-osjetljivu-kosu\/#primaryimage\",\"url\":\"https:\/\/naturavit.net\/wp-content\/uploads\/2016\/04\/Shampoo_SLO_zaObcutljive_reflection.jpg\",\"contentUrl\":\"https:\/\/naturavit.net\/wp-content\/uploads\/2016\/04\/Shampoo_SLO_zaObcutljive_reflection.jpg\",\"width\":2200,\"height\":2199,\"caption\":\"Naturavit \u0161ampon za pogosto umivanje in ob\u010dutljivo lasi\u0161\u010de\"},{\"@type\":\"BreadcrumbList\",\"@id\":\"https:\/\/naturavit.net\/hr\/product\/kremasti-sampon-naturavit-za-osjetljivu-kosu\/#breadcrumb\",\"itemListElement\":[{\"@type\":\"ListItem\",\"position\":1,\"name\":\"Home\",\"item\":\"https:\/\/naturavit.net\/hr\/\"},{\"@type\":\"ListItem\",\"position\":2,\"name\":\"Trgovina\",\"item\":\"https:\/\/naturavit.net\/hr\/trgovina\/\"},{\"@type\":\"ListItem\",\"position\":3,\"name\":\"Njega kose\",\"item\":\"https:\/\/naturavit.net\/hr\/product-category\/njega-kose\/\"},{\"@type\":\"ListItem\",\"position\":4,\"name\":\"\u0160ampon\",\"item\":\"https:\/\/naturavit.net\/hr\/product-category\/njega-kose\/sampon\/\"},{\"@type\":\"ListItem\",\"position\":5,\"name\":\"\u0160ampon za osjetljivu kosu\"}]},{\"@type\":\"WebSite\",\"@id\":\"https:\/\/naturavit.net\/hr\/#website\",\"url\":\"https:\/\/naturavit.net\/hr\/\",\"name\":\"Naturavit\",\"description\":\"Naravna kozmetika\",\"publisher\":{\"@id\":\"https:\/\/naturavit.net\/hr\/#organization\"},\"potentialAction\":[{\"@type\":\"SearchAction\",\"target\":{\"@type\":\"EntryPoint\",\"urlTemplate\":\"https:\/\/naturavit.net\/hr\/?s={search_term_string}\"},\"query-input\":{\"@type\":\"PropertyValueSpecification\",\"valueRequired\":true,\"valueName\":\"search_term_string\"}}],\"inLanguage\":\"hr-HR\"},{\"@type\":\"Organization\",\"@id\":\"https:\/\/naturavit.net\/hr\/#organization\",\"name\":\"Naturavit\",\"url\":\"https:\/\/naturavit.net\/hr\/\",\"logo\":{\"@type\":\"ImageObject\",\"inLanguage\":\"hr-HR\",\"@id\":\"https:\/\/naturavit.net\/hr\/#\/schema\/logo\/image\/\",\"url\":\"https:\/\/www.naturavit.net\/wp-content\/uploads\/2021\/09\/116564984_3484379328307111_1830779139888479808_o.png\",\"contentUrl\":\"https:\/\/www.naturavit.net\/wp-content\/uploads\/2021\/09\/116564984_3484379328307111_1830779139888479808_o.png\",\"width\":1079,\"height\":1079,\"caption\":\"Naturavit\"},\"image\":{\"@id\":\"https:\/\/naturavit.net\/hr\/#\/schema\/logo\/image\/\"},\"sameAs\":[\"https:\/\/www.facebook.com\/naturavit\/\"]}]}<\/script>\n<!-- \/ Yoast SEO plugin. -->","yoast_head_json":{"title":"\u0160ampon za osjetljivu kosu | Naturavit","robots":{"index":"index","follow":"follow","max-snippet":"max-snippet:-1","max-image-preview":"max-image-preview:large","max-video-preview":"max-video-preview:-1"},"canonical":"https:\/\/naturavit.net\/hr\/product\/kremasti-sampon-naturavit-za-osjetljivu-kosu\/","og_locale":"hr_HR","og_type":"article","og_title":"\u0160ampon za osjetljivu kosu | Naturavit","og_description":"Prirodan i iznimno nje\u017ean \u0161ampon s kremastom pjenom jam\u010di dovoljnu koli\u010dinu hidratacije uz pomo\u0107 Abesinskog ulja. Pravilna higijena kose i vlasi\u0161ta je zna\u010dajna za dugotrajno o\u010duvanje ljepote i zdravlja kose.","og_url":"https:\/\/naturavit.net\/hr\/product\/kremasti-sampon-naturavit-za-osjetljivu-kosu\/","og_site_name":"Naturavit","article_publisher":"https:\/\/www.facebook.com\/naturavit\/","article_modified_time":"2026-01-15T12:46:41+00:00","og_image":[{"width":1200,"height":1200,"url":"https:\/\/naturavit.net\/wp-content\/uploads\/2020\/04\/Naturavit_CreamShampoo_sensitiveSkin_JPEG.jpg","type":"image\/jpeg"}],"twitter_card":"summary_large_image","twitter_misc":{"Est. reading time":"1 minute"},"schema":{"@context":"https:\/\/schema.org","@graph":[{"@type":"WebPage","@id":"https:\/\/naturavit.net\/hr\/product\/kremasti-sampon-naturavit-za-osjetljivu-kosu\/","url":"https:\/\/naturavit.net\/hr\/product\/kremasti-sampon-naturavit-za-osjetljivu-kosu\/","name":"\u0160ampon za osjetljivu kosu | Naturavit","isPartOf":{"@id":"https:\/\/naturavit.net\/hr\/#website"},"primaryImageOfPage":{"@id":"https:\/\/naturavit.net\/hr\/product\/kremasti-sampon-naturavit-za-osjetljivu-kosu\/#primaryimage"},"image":{"@id":"https:\/\/naturavit.net\/hr\/product\/kremasti-sampon-naturavit-za-osjetljivu-kosu\/#primaryimage"},"thumbnailUrl":"https:\/\/naturavit.net\/wp-content\/uploads\/2016\/04\/Shampoo_SLO_zaObcutljive_reflection.jpg","datePublished":"2016-05-08T09:54:24+00:00","dateModified":"2026-01-15T12:46:41+00:00","breadcrumb":{"@id":"https:\/\/naturavit.net\/hr\/product\/kremasti-sampon-naturavit-za-osjetljivu-kosu\/#breadcrumb"},"inLanguage":"hr-HR","potentialAction":[{"@type":"ReadAction","target":["https:\/\/naturavit.net\/hr\/product\/kremasti-sampon-naturavit-za-osjetljivu-kosu\/"]}]},{"@type":"ImageObject","inLanguage":"hr-HR","@id":"https:\/\/naturavit.net\/hr\/product\/kremasti-sampon-naturavit-za-osjetljivu-kosu\/#primaryimage","url":"https:\/\/naturavit.net\/wp-content\/uploads\/2016\/04\/Shampoo_SLO_zaObcutljive_reflection.jpg","contentUrl":"https:\/\/naturavit.net\/wp-content\/uploads\/2016\/04\/Shampoo_SLO_zaObcutljive_reflection.jpg","width":2200,"height":2199,"caption":"Naturavit \u0161ampon za pogosto umivanje in ob\u010dutljivo lasi\u0161\u010de"},{"@type":"BreadcrumbList","@id":"https:\/\/naturavit.net\/hr\/product\/kremasti-sampon-naturavit-za-osjetljivu-kosu\/#breadcrumb","itemListElement":[{"@type":"ListItem","position":1,"name":"Home","item":"https:\/\/naturavit.net\/hr\/"},{"@type":"ListItem","position":2,"name":"Trgovina","item":"https:\/\/naturavit.net\/hr\/trgovina\/"},{"@type":"ListItem","position":3,"name":"Njega kose","item":"https:\/\/naturavit.net\/hr\/product-category\/njega-kose\/"},{"@type":"ListItem","position":4,"name":"\u0160ampon","item":"https:\/\/naturavit.net\/hr\/product-category\/njega-kose\/sampon\/"},{"@type":"ListItem","position":5,"name":"\u0160ampon za osjetljivu kosu"}]},{"@type":"WebSite","@id":"https:\/\/naturavit.net\/hr\/#website","url":"https:\/\/naturavit.net\/hr\/","name":"Naturavit","description":"Naravna kozmetika","publisher":{"@id":"https:\/\/naturavit.net\/hr\/#organization"},"potentialAction":[{"@type":"SearchAction","target":{"@type":"EntryPoint","urlTemplate":"https:\/\/naturavit.net\/hr\/?s={search_term_string}"},"query-input":{"@type":"PropertyValueSpecification","valueRequired":true,"valueName":"search_term_string"}}],"inLanguage":"hr-HR"},{"@type":"Organization","@id":"https:\/\/naturavit.net\/hr\/#organization","name":"Naturavit","url":"https:\/\/naturavit.net\/hr\/","logo":{"@type":"ImageObject","inLanguage":"hr-HR","@id":"https:\/\/naturavit.net\/hr\/#\/schema\/logo\/image\/","url":"https:\/\/www.naturavit.net\/wp-content\/uploads\/2021\/09\/116564984_3484379328307111_1830779139888479808_o.png","contentUrl":"https:\/\/www.naturavit.net\/wp-content\/uploads\/2021\/09\/116564984_3484379328307111_1830779139888479808_o.png","width":1079,"height":1079,"caption":"Naturavit"},"image":{"@id":"https:\/\/naturavit.net\/hr\/#\/schema\/logo\/image\/"},"sameAs":["https:\/\/www.facebook.com\/naturavit\/"]}]}},"_links":{"self":[{"href":"https:\/\/naturavit.net\/hr\/wp-json\/wp\/v2\/product\/647","targetHints":{"allow":["GET"]}}],"collection":[{"href":"https:\/\/naturavit.net\/hr\/wp-json\/wp\/v2\/product"}],"about":[{"href":"https:\/\/naturavit.net\/hr\/wp-json\/wp\/v2\/types\/product"}],"replies":[{"embeddable":true,"href":"https:\/\/naturavit.net\/hr\/wp-json\/wp\/v2\/comments?post=647"}],"wp:featuredmedia":[{"embeddable":true,"href":"https:\/\/naturavit.net\/hr\/wp-json\/wp\/v2\/media\/46701"}],"wp:attachment":[{"href":"https:\/\/naturavit.net\/hr\/wp-json\/wp\/v2\/media?parent=647"}],"wp:term":[{"taxonomy":"product_brand","embeddable":true,"href":"https:\/\/naturavit.net\/hr\/wp-json\/wp\/v2\/product_brand?post=647"},{"taxonomy":"product_cat","embeddable":true,"href":"https:\/\/naturavit.net\/hr\/wp-json\/wp\/v2\/product_cat?post=647"},{"taxonomy":"product_tag","embeddable":true,"href":"https:\/\/naturavit.net\/hr\/wp-json\/wp\/v2\/product_tag?post=647"}],"curies":[{"name":"wp","href":"https:\/\/api.w.org\/{rel}","templated":true}]}}