{"id":650,"date":"2016-04-11T10:36:36","date_gmt":"2016-05-08T09:18:21","guid":{"rendered":"http:\/\/www.naturavit.net\/?post_type=product&#038;p=650&#038;lang=hr"},"modified":"2026-01-15T13:46:41","modified_gmt":"2026-01-15T12:46:41","slug":"tamno-smeda-sjajni-preljev-za-kosu-martis-respect","status":"publish","type":"product","link":"https:\/\/naturavit.net\/hr\/product\/tamno-smeda-sjajni-preljev-za-kosu-martis-respect\/","title":{"rendered":"Sjajni preljev &#8211; TAMNOSME\u0110A"},"content":{"rendered":"<p>Preljevi u boji Respect su skoro u potpunosti prirodni i zbog toga ih mogu koristiti gotovo svi. Ne sadr\u017ee amonijak, hidrogen, parafenilendiamin, resorcin, SLS itd. Rizik od alergi\u010dne reakcije je minimalan.<\/p>\n<p>S preljevima produ\u017eujemo postojanost prethodno obojane kose, u\u010dvr\u0161\u0107ujemo korijen vlasi, dajemo kosi prirodan izgled i visok sjaj. Preljev \u0107e se isprati nakon 8 do 10 pranja.<\/p>\n<p><strong>Na\u010din upotrebe :<\/strong><\/p>\n<p>Kosu prvo operemo \u0161amponom, zatim ju rahlo osu\u0161imo kosu i nanesemo \u017eeljeni preljev. Preljev prvo dobro umasiramo u vlasi\u0161te a zatim sa \u010de\u0161ljem prenesemo ostatak preljeva po cijeloj du\u017eini kose. Pustimo djelovati otprilike 30 minuta, a zatim dobro isperemo vodom, tako dugo dok voda ne postane \u010dista. Kosu osu\u0161imo i oblikujemo frizuru. Mo\u017ee se upotrijebiti i pegla za kosu.<\/p>\n<p><strong>Sastojci:<\/strong>\u00a0Aqua, Laureth-8, Polyquaternium-67, Hydrolyzed wheat protein, Calendula officinalis flower\u00a0extract, Urtica dioica leaf extract, Citrus aurantium amara oil, Butoxyethanol, HC Blue No. 2, Basic\u00a0blue 99, Amodimethicone, PEG-7 glyceryl cocoate, Propylene glycol, Diazolidinyl urea,\u00a0Iodopropynyl butylcarbamate, Coceth-7, PPG-1- PEG-9 lauryl glycol ether, C11-15 pareth-7,\u00a0Sodium phytate, Basic yellow 87, HC Yellow No. 2, Glycerin, Laureth-9, PEG-40 hydrogenated\u00a0castor oil, Trideceth-12, Aminomethyl propanol, HC Red No. 3, Basic red 51, Basic brown 16,\u00a0Parfem.<\/p>\n","protected":false},"excerpt":{"rendered":"<p>Preljevi u boji Respect su potpuna novost na na\u0161em tr\u017ei\u0161tu i \u0161ire. Skoro u potpunosti su prirodni i zbog toga ih mogu koristiti gotovo svi. Ne sadr\u017ee amonijak, hidrogen, parafenilendiamin, resorcin, SLS itd. Rizik od alergi\u010dne reakcije je minimalan.<\/p>\n","protected":false},"featured_media":669,"comment_status":"closed","ping_status":"closed","template":"","meta":{"_acf_changed":false},"product_brand":[],"product_cat":[45],"product_tag":[],"class_list":{"0":"post-650","1":"product","2":"type-product","3":"status-publish","4":"has-post-thumbnail","6":"product_cat-preljevi","7":"","9":"first","10":"outofstock","11":"taxable","12":"shipping-taxable","13":"purchasable","14":"product-type-simple"},"acf":[],"yoast_head":"<!-- This site is optimized with the Yoast SEO plugin v24.8.1 - https:\/\/yoast.com\/wordpress\/plugins\/seo\/ -->\n<title>Sjajni preljev - TAMNOSME\u0110A | Naturavit<\/title>\n<meta name=\"robots\" content=\"index, follow, max-snippet:-1, max-image-preview:large, max-video-preview:-1\" \/>\n<link rel=\"canonical\" href=\"https:\/\/naturavit.net\/izdelek\/temno-rjava-barvni-preliv\/\" \/>\n<meta property=\"og:locale\" content=\"hr_HR\" \/>\n<meta property=\"og:type\" content=\"article\" \/>\n<meta property=\"og:title\" content=\"Sjajni preljev - TAMNOSME\u0110A | Naturavit\" \/>\n<meta property=\"og:description\" content=\"Preljevi u boji Respect su potpuna novost na na\u0161em tr\u017ei\u0161tu i \u0161ire. Skoro u potpunosti su prirodni i zbog toga ih mogu koristiti gotovo svi. Ne sadr\u017ee amonijak, hidrogen, parafenilendiamin, resorcin, SLS itd. Rizik od alergi\u010dne reakcije je minimalan.\" \/>\n<meta property=\"og:url\" content=\"https:\/\/naturavit.net\/izdelek\/temno-rjava-barvni-preliv\/\" \/>\n<meta property=\"og:site_name\" content=\"Naturavit\" \/>\n<meta property=\"article:publisher\" content=\"https:\/\/www.facebook.com\/naturavit\/\" \/>\n<meta property=\"article:modified_time\" content=\"2026-01-15T12:46:41+00:00\" \/>\n<meta property=\"og:image\" content=\"https:\/\/naturavit.net\/wp-content\/uploads\/2016\/04\/temnorjava1.jpg\" \/>\n\t<meta property=\"og:image:width\" content=\"800\" \/>\n\t<meta property=\"og:image:height\" content=\"533\" \/>\n\t<meta property=\"og:image:type\" content=\"image\/jpeg\" \/>\n<meta name=\"twitter:card\" content=\"summary_large_image\" \/>\n<meta name=\"twitter:label1\" content=\"Est. reading time\" \/>\n\t<meta name=\"twitter:data1\" content=\"1 minute\" \/>\n<script type=\"application\/ld+json\" class=\"yoast-schema-graph\">{\"@context\":\"https:\/\/schema.org\",\"@graph\":[{\"@type\":\"WebPage\",\"@id\":\"https:\/\/naturavit.net\/izdelek\/temno-rjava-barvni-preliv\/\",\"url\":\"https:\/\/naturavit.net\/izdelek\/temno-rjava-barvni-preliv\/\",\"name\":\"Sjajni preljev - TAMNOSME\u0110A | Naturavit\",\"isPartOf\":{\"@id\":\"https:\/\/naturavit.net\/#website\"},\"primaryImageOfPage\":{\"@id\":\"https:\/\/naturavit.net\/izdelek\/temno-rjava-barvni-preliv\/#primaryimage\"},\"image\":{\"@id\":\"https:\/\/naturavit.net\/izdelek\/temno-rjava-barvni-preliv\/#primaryimage\"},\"thumbnailUrl\":\"https:\/\/naturavit.net\/wp-content\/uploads\/2016\/04\/temnorjava1.jpg\",\"datePublished\":\"2016-05-08T09:18:21+00:00\",\"dateModified\":\"2026-01-15T12:46:41+00:00\",\"breadcrumb\":{\"@id\":\"https:\/\/naturavit.net\/izdelek\/temno-rjava-barvni-preliv\/#breadcrumb\"},\"inLanguage\":\"hr-HR\",\"potentialAction\":[{\"@type\":\"ReadAction\",\"target\":[\"https:\/\/naturavit.net\/izdelek\/temno-rjava-barvni-preliv\/\"]}]},{\"@type\":\"ImageObject\",\"inLanguage\":\"hr-HR\",\"@id\":\"https:\/\/naturavit.net\/izdelek\/temno-rjava-barvni-preliv\/#primaryimage\",\"url\":\"https:\/\/naturavit.net\/wp-content\/uploads\/2016\/04\/temnorjava1.jpg\",\"contentUrl\":\"https:\/\/naturavit.net\/wp-content\/uploads\/2016\/04\/temnorjava1.jpg\",\"width\":800,\"height\":533},{\"@type\":\"BreadcrumbList\",\"@id\":\"https:\/\/naturavit.net\/izdelek\/temno-rjava-barvni-preliv\/#breadcrumb\",\"itemListElement\":[{\"@type\":\"ListItem\",\"position\":1,\"name\":\"Home\",\"item\":\"https:\/\/naturavit.net\/hr\/\"},{\"@type\":\"ListItem\",\"position\":2,\"name\":\"Trgovina\",\"item\":\"https:\/\/naturavit.net\/hr\/trgovina\/\"},{\"@type\":\"ListItem\",\"position\":3,\"name\":\"Boje za kosu\",\"item\":\"https:\/\/naturavit.net\/hr\/product-category\/boje-za-kosu\/\"},{\"@type\":\"ListItem\",\"position\":4,\"name\":\"Preljevi\",\"item\":\"https:\/\/naturavit.net\/hr\/product-category\/boje-za-kosu\/preljevi\/\"},{\"@type\":\"ListItem\",\"position\":5,\"name\":\"Sjajni preljev &#8211; TAMNOSME\u0110A\"}]},{\"@type\":\"WebSite\",\"@id\":\"https:\/\/naturavit.net\/#website\",\"url\":\"https:\/\/naturavit.net\/\",\"name\":\"Naturavit\",\"description\":\"Naravna kozmetika\",\"publisher\":{\"@id\":\"https:\/\/naturavit.net\/#organization\"},\"potentialAction\":[{\"@type\":\"SearchAction\",\"target\":{\"@type\":\"EntryPoint\",\"urlTemplate\":\"https:\/\/naturavit.net\/?s={search_term_string}\"},\"query-input\":{\"@type\":\"PropertyValueSpecification\",\"valueRequired\":true,\"valueName\":\"search_term_string\"}}],\"inLanguage\":\"hr-HR\"},{\"@type\":\"Organization\",\"@id\":\"https:\/\/naturavit.net\/#organization\",\"name\":\"Naturavit\",\"url\":\"https:\/\/naturavit.net\/\",\"logo\":{\"@type\":\"ImageObject\",\"inLanguage\":\"hr-HR\",\"@id\":\"https:\/\/naturavit.net\/#\/schema\/logo\/image\/\",\"url\":\"https:\/\/www.naturavit.net\/wp-content\/uploads\/2021\/09\/116564984_3484379328307111_1830779139888479808_o.png\",\"contentUrl\":\"https:\/\/www.naturavit.net\/wp-content\/uploads\/2021\/09\/116564984_3484379328307111_1830779139888479808_o.png\",\"width\":1079,\"height\":1079,\"caption\":\"Naturavit\"},\"image\":{\"@id\":\"https:\/\/naturavit.net\/#\/schema\/logo\/image\/\"},\"sameAs\":[\"https:\/\/www.facebook.com\/naturavit\/\"]}]}<\/script>\n<!-- \/ Yoast SEO plugin. -->","yoast_head_json":{"title":"Sjajni preljev - TAMNOSME\u0110A | Naturavit","robots":{"index":"index","follow":"follow","max-snippet":"max-snippet:-1","max-image-preview":"max-image-preview:large","max-video-preview":"max-video-preview:-1"},"canonical":"https:\/\/naturavit.net\/izdelek\/temno-rjava-barvni-preliv\/","og_locale":"hr_HR","og_type":"article","og_title":"Sjajni preljev - TAMNOSME\u0110A | Naturavit","og_description":"Preljevi u boji Respect su potpuna novost na na\u0161em tr\u017ei\u0161tu i \u0161ire. Skoro u potpunosti su prirodni i zbog toga ih mogu koristiti gotovo svi. Ne sadr\u017ee amonijak, hidrogen, parafenilendiamin, resorcin, SLS itd. Rizik od alergi\u010dne reakcije je minimalan.","og_url":"https:\/\/naturavit.net\/izdelek\/temno-rjava-barvni-preliv\/","og_site_name":"Naturavit","article_publisher":"https:\/\/www.facebook.com\/naturavit\/","article_modified_time":"2026-01-15T12:46:41+00:00","og_image":[{"width":800,"height":533,"url":"https:\/\/naturavit.net\/wp-content\/uploads\/2016\/04\/temnorjava1.jpg","type":"image\/jpeg"}],"twitter_card":"summary_large_image","twitter_misc":{"Est. reading time":"1 minute"},"schema":{"@context":"https:\/\/schema.org","@graph":[{"@type":"WebPage","@id":"https:\/\/naturavit.net\/izdelek\/temno-rjava-barvni-preliv\/","url":"https:\/\/naturavit.net\/izdelek\/temno-rjava-barvni-preliv\/","name":"Sjajni preljev - TAMNOSME\u0110A | Naturavit","isPartOf":{"@id":"https:\/\/naturavit.net\/#website"},"primaryImageOfPage":{"@id":"https:\/\/naturavit.net\/izdelek\/temno-rjava-barvni-preliv\/#primaryimage"},"image":{"@id":"https:\/\/naturavit.net\/izdelek\/temno-rjava-barvni-preliv\/#primaryimage"},"thumbnailUrl":"https:\/\/naturavit.net\/wp-content\/uploads\/2016\/04\/temnorjava1.jpg","datePublished":"2016-05-08T09:18:21+00:00","dateModified":"2026-01-15T12:46:41+00:00","breadcrumb":{"@id":"https:\/\/naturavit.net\/izdelek\/temno-rjava-barvni-preliv\/#breadcrumb"},"inLanguage":"hr-HR","potentialAction":[{"@type":"ReadAction","target":["https:\/\/naturavit.net\/izdelek\/temno-rjava-barvni-preliv\/"]}]},{"@type":"ImageObject","inLanguage":"hr-HR","@id":"https:\/\/naturavit.net\/izdelek\/temno-rjava-barvni-preliv\/#primaryimage","url":"https:\/\/naturavit.net\/wp-content\/uploads\/2016\/04\/temnorjava1.jpg","contentUrl":"https:\/\/naturavit.net\/wp-content\/uploads\/2016\/04\/temnorjava1.jpg","width":800,"height":533},{"@type":"BreadcrumbList","@id":"https:\/\/naturavit.net\/izdelek\/temno-rjava-barvni-preliv\/#breadcrumb","itemListElement":[{"@type":"ListItem","position":1,"name":"Home","item":"https:\/\/naturavit.net\/hr\/"},{"@type":"ListItem","position":2,"name":"Trgovina","item":"https:\/\/naturavit.net\/hr\/trgovina\/"},{"@type":"ListItem","position":3,"name":"Boje za kosu","item":"https:\/\/naturavit.net\/hr\/product-category\/boje-za-kosu\/"},{"@type":"ListItem","position":4,"name":"Preljevi","item":"https:\/\/naturavit.net\/hr\/product-category\/boje-za-kosu\/preljevi\/"},{"@type":"ListItem","position":5,"name":"Sjajni preljev &#8211; TAMNOSME\u0110A"}]},{"@type":"WebSite","@id":"https:\/\/naturavit.net\/#website","url":"https:\/\/naturavit.net\/","name":"Naturavit","description":"Naravna kozmetika","publisher":{"@id":"https:\/\/naturavit.net\/#organization"},"potentialAction":[{"@type":"SearchAction","target":{"@type":"EntryPoint","urlTemplate":"https:\/\/naturavit.net\/?s={search_term_string}"},"query-input":{"@type":"PropertyValueSpecification","valueRequired":true,"valueName":"search_term_string"}}],"inLanguage":"hr-HR"},{"@type":"Organization","@id":"https:\/\/naturavit.net\/#organization","name":"Naturavit","url":"https:\/\/naturavit.net\/","logo":{"@type":"ImageObject","inLanguage":"hr-HR","@id":"https:\/\/naturavit.net\/#\/schema\/logo\/image\/","url":"https:\/\/www.naturavit.net\/wp-content\/uploads\/2021\/09\/116564984_3484379328307111_1830779139888479808_o.png","contentUrl":"https:\/\/www.naturavit.net\/wp-content\/uploads\/2021\/09\/116564984_3484379328307111_1830779139888479808_o.png","width":1079,"height":1079,"caption":"Naturavit"},"image":{"@id":"https:\/\/naturavit.net\/#\/schema\/logo\/image\/"},"sameAs":["https:\/\/www.facebook.com\/naturavit\/"]}]}},"_links":{"self":[{"href":"https:\/\/naturavit.net\/hr\/wp-json\/wp\/v2\/product\/650","targetHints":{"allow":["GET"]}}],"collection":[{"href":"https:\/\/naturavit.net\/hr\/wp-json\/wp\/v2\/product"}],"about":[{"href":"https:\/\/naturavit.net\/hr\/wp-json\/wp\/v2\/types\/product"}],"replies":[{"embeddable":true,"href":"https:\/\/naturavit.net\/hr\/wp-json\/wp\/v2\/comments?post=650"}],"wp:featuredmedia":[{"embeddable":true,"href":"https:\/\/naturavit.net\/hr\/wp-json\/wp\/v2\/media\/669"}],"wp:attachment":[{"href":"https:\/\/naturavit.net\/hr\/wp-json\/wp\/v2\/media?parent=650"}],"wp:term":[{"taxonomy":"product_brand","embeddable":true,"href":"https:\/\/naturavit.net\/hr\/wp-json\/wp\/v2\/product_brand?post=650"},{"taxonomy":"product_cat","embeddable":true,"href":"https:\/\/naturavit.net\/hr\/wp-json\/wp\/v2\/product_cat?post=650"},{"taxonomy":"product_tag","embeddable":true,"href":"https:\/\/naturavit.net\/hr\/wp-json\/wp\/v2\/product_tag?post=650"}],"curies":[{"name":"wp","href":"https:\/\/api.w.org\/{rel}","templated":true}]}}